{"id":4859,"date":"2026-03-25T11:40:18","date_gmt":"2026-03-25T11:40:18","guid":{"rendered":"https:\/\/cidadesol.com.br\/?page_id=4859"},"modified":"2026-03-25T11:41:44","modified_gmt":"2026-03-25T11:41:44","slug":"regulamento-campanha-poltrona-antecipada","status":"publish","type":"page","link":"https:\/\/cidadesol.com.br\/index.php\/regulamento-campanha-poltrona-antecipada\/","title":{"rendered":"Regulamento &#8211;  Campanha Poltrona Antecipada"},"content":{"rendered":"\t\t<div data-elementor-type=\"wp-page\" data-elementor-id=\"4859\" class=\"elementor elementor-4859\">\n\t\t\t\t\t\t\t<div class=\"elementor-element elementor-element-002a6af e-con-full e-con\" data-id=\"002a6af\" data-element_type=\"container\" data-settings=\"{&quot;content_width&quot;:&quot;full&quot;}\">\n\t\t\t\t<\/div>\n\t\t\t\t<section class=\"elementor-section elementor-top-section elementor-element elementor-element-e8d2339 elementor-section-boxed elementor-section-height-default elementor-section-height-default\" data-id=\"e8d2339\" data-element_type=\"section\" data-settings=\"{&quot;_ha_eqh_enable&quot;:false}\">\n\t\t\t\t\t\t<div class=\"elementor-container elementor-column-gap-default\">\n\t\t\t\t\t<div class=\"elementor-column elementor-col-100 elementor-top-column elementor-element elementor-element-ed904f4\" data-id=\"ed904f4\" data-element_type=\"column\">\n\t\t\t<div class=\"elementor-widget-wrap elementor-element-populated\">\n\t\t\t\t\t\t\t\t<div class=\"elementor-element elementor-element-fd34b6d elementor-widget elementor-widget-image\" data-id=\"fd34b6d\" data-element_type=\"widget\" data-widget_type=\"image.default\">\n\t\t\t\t<div class=\"elementor-widget-container\">\n\t\t\t<style>\/*! elementor - v3.8.1 - 13-11-2022 *\/\n.elementor-widget-image{text-align:center}.elementor-widget-image a{display:inline-block}.elementor-widget-image a img[src$=\".svg\"]{width:48px}.elementor-widget-image img{vertical-align:middle;display:inline-block}<\/style>\t\t\t\t\t\t\t\t\t\t\t\t<img decoding=\"async\" width=\"1200\" height=\"275\" src=\"https:\/\/cidadesol.com.br\/wp-content\/uploads\/2026\/03\/Poltrona-Antecipada-Site-CS-ok.jpg\" class=\"attachment-full size-full\" alt=\"\" srcset=\"https:\/\/cidadesol.com.br\/wp-content\/uploads\/2026\/03\/Poltrona-Antecipada-Site-CS-ok.jpg 1200w, https:\/\/cidadesol.com.br\/wp-content\/uploads\/2026\/03\/Poltrona-Antecipada-Site-CS-ok-300x69.jpg 300w, https:\/\/cidadesol.com.br\/wp-content\/uploads\/2026\/03\/Poltrona-Antecipada-Site-CS-ok-1024x235.jpg 1024w, https:\/\/cidadesol.com.br\/wp-content\/uploads\/2026\/03\/Poltrona-Antecipada-Site-CS-ok-768x176.jpg 768w\" sizes=\"(max-width: 1200px) 100vw, 1200px\" \/>\t\t\t\t\t\t\t\t\t\t\t\t\t\t\t<\/div>\n\t\t\t\t<\/div>\n\t\t\t\t<section class=\"elementor-section elementor-inner-section elementor-element elementor-element-cd0a936 elementor-section-boxed elementor-section-height-default elementor-section-height-default\" data-id=\"cd0a936\" data-element_type=\"section\" data-settings=\"{&quot;_ha_eqh_enable&quot;:false}\">\n\t\t\t\t\t\t<div class=\"elementor-container elementor-column-gap-default\">\n\t\t\t\t\t<div class=\"elementor-column elementor-col-100 elementor-inner-column elementor-element elementor-element-856d0d4\" data-id=\"856d0d4\" data-element_type=\"column\">\n\t\t\t<div class=\"elementor-widget-wrap elementor-element-populated\">\n\t\t\t\t\t\t\t\t<div class=\"elementor-element elementor-element-d3950f7 elementor-widget elementor-widget-heading\" data-id=\"d3950f7\" data-element_type=\"widget\" data-widget_type=\"heading.default\">\n\t\t\t\t<div class=\"elementor-widget-container\">\n\t\t\t<style>\/*! elementor - v3.8.1 - 13-11-2022 *\/\n.elementor-heading-title{padding:0;margin:0;line-height:1}.elementor-widget-heading .elementor-heading-title[class*=elementor-size-]>a{color:inherit;font-size:inherit;line-height:inherit}.elementor-widget-heading .elementor-heading-title.elementor-size-small{font-size:15px}.elementor-widget-heading .elementor-heading-title.elementor-size-medium{font-size:19px}.elementor-widget-heading .elementor-heading-title.elementor-size-large{font-size:29px}.elementor-widget-heading .elementor-heading-title.elementor-size-xl{font-size:39px}.elementor-widget-heading .elementor-heading-title.elementor-size-xxl{font-size:59px}<\/style><h4 class=\"elementor-heading-title elementor-size-default\">REGULAMENTO POLTRONA ANTECIPADA <\/h4>\t\t<\/div>\n\t\t\t\t<\/div>\n\t\t\t\t<div class=\"elementor-element elementor-element-a55c3b0 elementor-widget elementor-widget-text-editor\" data-id=\"a55c3b0\" data-element_type=\"widget\" data-widget_type=\"text-editor.default\">\n\t\t\t\t<div class=\"elementor-widget-container\">\n\t\t\t<style>\/*! elementor - v3.8.1 - 13-11-2022 *\/\n.elementor-widget-text-editor.elementor-drop-cap-view-stacked .elementor-drop-cap{background-color:#818a91;color:#fff}.elementor-widget-text-editor.elementor-drop-cap-view-framed .elementor-drop-cap{color:#818a91;border:3px solid;background-color:transparent}.elementor-widget-text-editor:not(.elementor-drop-cap-view-default) .elementor-drop-cap{margin-top:8px}.elementor-widget-text-editor:not(.elementor-drop-cap-view-default) .elementor-drop-cap-letter{width:1em;height:1em}.elementor-widget-text-editor .elementor-drop-cap{float:left;text-align:center;line-height:1;font-size:50px}.elementor-widget-text-editor .elementor-drop-cap-letter{display:inline-block}<\/style>\t\t\t\t<ul><li><ol><li><ol><li><div class=\"WordSection1\"><div class=\"WordSection1\"><p style=\"color: #444444; font-family: 'Helvetica Neue', Helvetica, Arial, sans-serif; font-size: medium; text-align: justify;\">1. A\u00a0<strong>promo\u00e7\u00e3o POLTRONA ANTECIPADA<\/strong>\u00a0da\u00a0<strong>CIDADE SOL<\/strong>\u00a0consiste na disponibiliza\u00e7\u00e3o de trechos e servi\u00e7os espec\u00edficos, em valores promocionais, dentro do per\u00edodo de validade estipulado. As condi\u00e7\u00f5es para elegibilidade encontram-se nos itens a seguir descritos;<\/p><p style=\"color: #444444; font-family: 'Helvetica Neue', Helvetica, Arial, sans-serif; font-size: medium; text-align: justify;\">2. A promo\u00e7\u00e3o\u00a0<strong>POLTRONA ANTECIPADA<\/strong>\u00a0da\u00a0<strong>CIDADE SOL<\/strong>\u00a0est\u00e1 dispon\u00edvel para compras efetivadas no site oficial\u00a0<a style=\"color: #003366; font-weight: bold;\" href=\"https:\/\/www.cidadesol.com.br\/\" target=\"_blank\" rel=\"noopener\">www.cidadesol.com.br<\/a>\u00a0e pelo APP oficial da CIDADE SOL dispon\u00edvel para android e iOS;<\/p><p style=\"color: #444444; font-family: 'Helvetica Neue', Helvetica, Arial, sans-serif; font-size: medium; text-align: justify;\">3. Os descontos ser\u00e3o aplicados apenas sobre as tarifas das passagens dos trechos promocionais. Portanto, n\u00e3o est\u00e3o inclusas nos descontos as tarifas de ped\u00e1gio, seguro facultativo e tarifa de utiliza\u00e7\u00e3o de terminais;<\/p><p style=\"color: #444444; font-family: 'Helvetica Neue', Helvetica, Arial, sans-serif; font-size: medium; text-align: justify;\">4. As tarifas promocionais ser\u00e3o v\u00e1lidas\u00a0<strong>SOMENTE<\/strong>\u00a0para a data, hor\u00e1rio, linha e trajeto constante no bilhete de passagem adquirido no per\u00edodo designado nos itens 8 e 12, para validade das ofertas;<\/p><p style=\"color: #444444; font-family: 'Helvetica Neue', Helvetica, Arial, sans-serif; font-size: medium; text-align: justify;\">5. Para remarca\u00e7\u00e3o, o cliente fica desde j\u00e1 ciente de que, em sendo o valor menor do que a compra origin\u00e1ria, em raz\u00e3o da compra adquirida ter sido em valor promocional, n\u00e3o ser\u00e1 eleg\u00edvel ao reembolso da diferen\u00e7a. J\u00e1 se o valor da remarca\u00e7\u00e3o for superior ao valor originariamente pago, dever\u00e1 observar o valor da tarifa vigente para a nova data desejada, efetuando o pagamento da diferen\u00e7a de valor, inclusive de ped\u00e1gio, seguro facultativo e de utiliza\u00e7\u00e3o de terminais, quando houver;<\/p><div style=\"color: #444444; font-family: 'Helvetica Neue', Helvetica, Arial, sans-serif; font-size: medium; text-align: justify; margin-left: 30px; border-left: 3px solid #eeeeee; padding-left: 15px; margin-bottom: 20px;\"><p><strong>5.1<\/strong>\u00a0A remarca\u00e7\u00e3o de viagens adquiridas na promo\u00e7\u00e3o POLTRONA ANTECIPADA no trecho intermunicipal, somente ser\u00e1 eleg\u00edvel para remarca\u00e7\u00e3o em outro trecho intermunicipal adquirida na vig\u00eancia da promo\u00e7\u00e3o, e desde que observada as 3 (tr\u00eas) horas de anteced\u00eancia prevista;<\/p><p><strong>5.2<\/strong>\u00a0A remarca\u00e7\u00e3o realizada com menos de 3h de anteced\u00eancia do embarque contratado, ensejar\u00e1 em aplica\u00e7\u00e3o de taxas sobre o valor original da tarifa. (vide maiores informa\u00e7\u00f5es em:\u00a0<a style=\"color: #003366;\" href=\"https:\/\/www.cidadesol.com.br\/index.php\/informacoes\/\" target=\"_blank\" rel=\"noopener\">informa\u00e7\u00f5es<\/a>);<\/p><\/div><p style=\"color: #444444; font-family: 'Helvetica Neue', Helvetica, Arial, sans-serif; font-size: medium; text-align: justify;\">6. Para cancelamento, o cliente dever\u00e1 solicitar em at\u00e9 3 (tr\u00eas) horas de anteced\u00eancia da viagem, observando as regras e condi\u00e7\u00f5es previstas para o reembolso, sendo o valor a ser reembolsado o mesmo valor pago pelo cliente a \u00e9poca da aquisi\u00e7\u00e3o da tarifa na promo\u00e7\u00e3o POLTRONA ANTECIPADA;<\/p><p style=\"color: #444444; font-family: 'Helvetica Neue', Helvetica, Arial, sans-serif; font-size: medium; text-align: justify;\">7. O bilhete de passagem adquirido no per\u00edodo promocional \u00e9 para uso pessoal sendo, portanto,\u00a0<strong>intransfer\u00edvel<\/strong>;<\/p><p style=\"color: #444444; font-family: 'Helvetica Neue', Helvetica, Arial, sans-serif; font-size: medium; text-align: justify;\">8. Os descontos da\u00a0<strong>POLTRONA ANTECIPADA<\/strong>\u00a0ser\u00e3o aplic\u00e1veis nos seguintes hor\u00e1rios e para os seguintes trechos, sendo v\u00e1lidos exclusivamente para embarque e desembarque nas localidades indicadas na tabela abaixo:<\/p><div style=\"color: #444444; font-family: 'Helvetica Neue', Helvetica, Arial, sans-serif; font-size: medium; text-align: justify; overflow-x: auto; margin: 20px 0px;\"><table style=\"width: 765px; font-size: 13px; text-align: center; border: 1px solid #dddddd;\"><thead><tr style=\"background-color: #003366; color: #ffffff; font-weight: bold;\"><th style=\"padding: 10px; border-color: #dddddd;\">TRECHO \/ HOR\u00c1RIO<\/th><th style=\"padding: 10px; border-color: #dddddd;\">3 PRIMEIRAS<\/th><th style=\"padding: 10px; border-color: #dddddd;\">5 SEGUINTES<\/th><th style=\"padding: 10px; border-color: #dddddd;\">5 SEGUINTES<\/th><th style=\"padding: 10px; border-color: #dddddd;\">10 SEGUINTES<\/th><th style=\"padding: 10px; border-color: #dddddd;\">10 SEGUINTES<\/th><th style=\"padding: 10px; border-color: #dddddd;\">13 \u00daLTIMAS<\/th><\/tr><\/thead><tbody><tr><td style=\"padding: 10px; border-color: #dddddd; background: #f2f2f2; font-weight: bold;\">SSA X XIQUE-XIQUE (6H30)<\/td><td style=\"padding: 10px; border-color: #dddddd;\">R$ 79,90<\/td><td style=\"padding: 10px; border-color: #dddddd;\">R$ 99,90<\/td><td style=\"padding: 10px; border-color: #dddddd;\">R$ 139,90<\/td><td style=\"padding: 10px; border-color: #dddddd;\">R$ 179,90<\/td><td style=\"padding: 10px; border-color: #dddddd;\">R$ 199,90<\/td><td style=\"padding: 10px; border-color: #dddddd;\">R$ 240,00<\/td><\/tr><tr><td style=\"padding: 10px; border-color: #dddddd; background: #f2f2f2; font-weight: bold;\">SSA X IREC\u00ca (6H30)<\/td><td style=\"padding: 10px; border-color: #dddddd;\">R$ 69,90<\/td><td style=\"padding: 10px; border-color: #dddddd;\">R$ 89,90<\/td><td style=\"padding: 10px; border-color: #dddddd;\">R$ 109,90<\/td><td style=\"padding: 10px; border-color: #dddddd;\">R$ 129,90<\/td><td style=\"padding: 10px; border-color: #dddddd;\">R$ 149,90<\/td><td style=\"padding: 10px; border-color: #dddddd;\">R$ 196,00<\/td><\/tr><tr><td style=\"padding: 10px; border-color: #dddddd; background: #f2f2f2; font-weight: bold;\">XIQUE-XIQUE X SSA (7H)<\/td><td style=\"padding: 10px; border-color: #dddddd;\">R$ 79,90<\/td><td style=\"padding: 10px; border-color: #dddddd;\">R$ 99,90<\/td><td style=\"padding: 10px; border-color: #dddddd;\">R$ 139,90<\/td><td style=\"padding: 10px; border-color: #dddddd;\">R$ 179,90<\/td><td style=\"padding: 10px; border-color: #dddddd;\">R$ 199,90<\/td><td style=\"padding: 10px; border-color: #dddddd;\">R$ 240,00<\/td><\/tr><tr><td style=\"padding: 10px; border-color: #dddddd; background: #f2f2f2; font-weight: bold;\">IREC\u00ca X SSA (9H)<\/td><td style=\"padding: 10px; border-color: #dddddd;\">R$ 69,90<\/td><td style=\"padding: 10px; border-color: #dddddd;\">R$ 89,90<\/td><td style=\"padding: 10px; border-color: #dddddd;\">R$ 109,90<\/td><td style=\"padding: 10px; border-color: #dddddd;\">R$ 129,90<\/td><td style=\"padding: 10px; border-color: #dddddd;\">R$ 149,90<\/td><td style=\"padding: 10px; border-color: #dddddd;\">R$ 196,00<\/td><\/tr><tr><td style=\"padding: 10px; border-color: #dddddd; background: #f2f2f2; font-weight: bold;\">FSA X XIQUE-XIQUE (8H10)<\/td><td style=\"padding: 10px; border-color: #dddddd;\">R$ 69,90<\/td><td style=\"padding: 10px; border-color: #dddddd;\">R$ 89,90<\/td><td style=\"padding: 10px; border-color: #dddddd;\">R$ 129,90<\/td><td style=\"padding: 10px; border-color: #dddddd;\">R$ 159,90<\/td><td style=\"padding: 10px; border-color: #dddddd;\">R$ 179,90<\/td><td style=\"padding: 10px; border-color: #dddddd;\">R$ 193,00<\/td><\/tr><tr><td style=\"padding: 10px; border-color: #dddddd; background: #f2f2f2; font-weight: bold;\">FSA X IREC\u00ca (8H10)<\/td><td style=\"padding: 10px; border-color: #dddddd;\">R$ 59,90<\/td><td style=\"padding: 10px; border-color: #dddddd;\">R$ 79,90<\/td><td style=\"padding: 10px; border-color: #dddddd;\">R$ 89,90<\/td><td style=\"padding: 10px; border-color: #dddddd;\">R$ 99,90<\/td><td style=\"padding: 10px; border-color: #dddddd;\">R$ 119,90<\/td><td style=\"padding: 10px; border-color: #dddddd;\">R$ 148,00<\/td><\/tr><\/tbody><\/table><\/div><p style=\"color: #444444; font-family: 'Helvetica Neue', Helvetica, Arial, sans-serif; font-size: medium; text-align: justify;\">9. A CIDADE SOL estabelecer\u00e1 os hor\u00e1rios e poltronas dispon\u00edveis para as ofertas nos itiner\u00e1rios e per\u00edodos supramencionados, ficando a crit\u00e9rio exclusivo da Empresa a quantidade de poltronas e as condi\u00e7\u00f5es e hor\u00e1rios para concess\u00e3o dos descontos promocionais;<\/p><p style=\"color: #444444; font-family: 'Helvetica Neue', Helvetica, Arial, sans-serif; font-size: medium; text-align: justify;\">10. A mera participa\u00e7\u00e3o nesta promo\u00e7\u00e3o caracteriza a aceita\u00e7\u00e3o dos termos e condi\u00e7\u00f5es previstos neste regulamento;<\/p><p style=\"color: #444444; font-family: 'Helvetica Neue', Helvetica, Arial, sans-serif; font-size: medium; text-align: justify;\">11. Promo\u00e7\u00e3o v\u00e1lida para compras por tempo indeterminado, podendo ser alterada ou suspensa a qualquer momento, sem aviso pr\u00e9vio;<\/p><div style=\"color: #444444; font-family: 'Helvetica Neue', Helvetica, Arial, sans-serif; font-size: medium; text-align: justify; background-color: #f9f9f9; padding: 25px; border-radius: 8px; border: 1px solid #e0e0e0; margin: 30px 0px;\"><p style=\"color: #003366; font-weight: bold;\">12. Promo\u00e7\u00e3o v\u00e1lida para embarques de 16\/03\/2026 a 16\/12\/2026, EXCETO nos per\u00edodos:<\/p><p style=\"font-size: 14px; color: #666666;\">De 02\/04\/26 a 06\/04\/26; de 16\/04\/26 a 22\/04\/26; de 30\/04\/26 a 04\/05\/26; de 08\/05\/26 a 11\/05\/26; de 03\/06\/26 a 08\/06\/26; de 17\/06\/26 a 06\/07\/26; de 03\/09\/26 a 08\/09\/26; de 01\/10\/26 a 05\/10\/26; de 08\/10\/26 a 13\/10\/26; de 29\/10\/26 a 03\/11\/26; de 19\/11\/26 a 23\/11\/26; de 17\/12\/26 a 05\/01\/27.<\/p><\/div><p style=\"color: #444444; font-family: 'Helvetica Neue', Helvetica, Arial, sans-serif; font-size: medium; text-align: justify;\">13. Promo\u00e7\u00e3o n\u00e3o cumulativa com outras promo\u00e7\u00f5es ou descontos;<\/p><p style=\"color: #444444; font-family: 'Helvetica Neue', Helvetica, Arial, sans-serif; font-size: medium; text-align: justify;\">14. A empresa se reserva o direito de alterar os valores, as condi\u00e7\u00f5es ou interromper a promo\u00e7\u00e3o\u00a0<strong>POLTRONA ANTECIPADA<\/strong>\u00a0a qualquer momento, sem aviso pr\u00e9vio, assegurando-se a validade das compras j\u00e1 realizadas, desde que em conformidade com este regulamento.<\/p><div style=\"color: #444444; font-family: 'Helvetica Neue', Helvetica, Arial, sans-serif; font-size: medium; margin-top: 50px; text-align: center; border-top: 2px solid #003366; padding-top: 20px;\"><p style=\"font-weight: bold; color: #003366; margin-bottom: 5px; font-size: 18px;\">Para mais informa\u00e7\u00f5es, entre em contato com o nosso SAC: 0800 075 0010<\/p><p style=\"font-weight: bold; text-transform: uppercase; color: #f29400; font-size: 22px; letter-spacing: 1px;\">Cidade Sol, iluminando caminhos.<\/p><\/div><\/div><\/div><\/li><\/ol><\/li><\/ol><\/li><\/ul>\t\t\t\t\t\t<\/div>\n\t\t\t\t<\/div>\n\t\t\t\t<div class=\"elementor-element elementor-element-133cabc elementor-widget elementor-widget-text-editor\" data-id=\"133cabc\" data-element_type=\"widget\" data-widget_type=\"text-editor.default\">\n\t\t\t\t<div class=\"elementor-widget-container\">\n\t\t\t\t\t\t\t\t\t\t\t\t\t<\/div>\n\t\t\t\t<\/div>\n\t\t\t\t<div class=\"elementor-element elementor-element-7455b53 elementor-widget elementor-widget-spacer\" data-id=\"7455b53\" data-element_type=\"widget\" data-widget_type=\"spacer.default\">\n\t\t\t\t<div class=\"elementor-widget-container\">\n\t\t\t<style>\/*! elementor - v3.8.1 - 13-11-2022 *\/\n.elementor-column .elementor-spacer-inner{height:var(--spacer-size)}.e-con{--container-widget-width:100%}.e-con-inner>.elementor-widget-spacer,.e-con>.elementor-widget-spacer{width:var(--container-widget-width,var(--spacer-size));-ms-flex-item-align:stretch;align-self:stretch;-ms-flex-negative:0;flex-shrink:0}.e-con-inner>.elementor-widget-spacer>.elementor-widget-container,.e-con-inner>.elementor-widget-spacer>.elementor-widget-container>.elementor-spacer,.e-con>.elementor-widget-spacer>.elementor-widget-container,.e-con>.elementor-widget-spacer>.elementor-widget-container>.elementor-spacer{height:100%}.e-con-inner>.elementor-widget-spacer>.elementor-widget-container>.elementor-spacer>.elementor-spacer-inner,.e-con>.elementor-widget-spacer>.elementor-widget-container>.elementor-spacer>.elementor-spacer-inner{height:var(--container-widget-height,var(--spacer-size))}<\/style>\t\t<div class=\"elementor-spacer\">\n\t\t\t<div class=\"elementor-spacer-inner\"><\/div>\n\t\t<\/div>\n\t\t\t\t<\/div>\n\t\t\t\t<\/div>\n\t\t\t\t\t<\/div>\n\t\t<\/div>\n\t\t\t\t\t\t\t<\/div>\n\t\t<\/section>\n\t\t\t\t\t<\/div>\n\t\t<\/div>\n\t\t\t\t\t\t\t<\/div>\n\t\t<\/section>\n\t\t\t\t\t\t\t<\/div>\n\t\t","protected":false},"excerpt":{"rendered":"<p>REGULAMENTO POLTRONA ANTECIPADA 1. A\u00a0promo\u00e7\u00e3o POLTRONA ANTECIPADA\u00a0da\u00a0CIDADE SOL\u00a0consiste na disponibiliza\u00e7\u00e3o de trechos e servi\u00e7os espec\u00edficos, em valores promocionais, dentro do per\u00edodo de validade estipulado. As condi\u00e7\u00f5es para elegibilidade encontram-se nos itens a seguir descritos; 2. A promo\u00e7\u00e3o\u00a0POLTRONA ANTECIPADA\u00a0da\u00a0CIDADE SOL\u00a0est\u00e1 dispon\u00edvel para compras efetivadas no site oficial\u00a0www.cidadesol.com.br\u00a0e pelo APP oficial da CIDADE SOL dispon\u00edvel para android [&hellip;]<\/p>\n","protected":false},"author":2,"featured_media":0,"parent":0,"menu_order":0,"comment_status":"closed","ping_status":"closed","template":"","meta":{"_joinchat":[],"footnotes":""},"class_list":["post-4859","page","type-page","status-publish","hentry"],"_links":{"self":[{"href":"https:\/\/cidadesol.com.br\/index.php\/wp-json\/wp\/v2\/pages\/4859","targetHints":{"allow":["GET"]}}],"collection":[{"href":"https:\/\/cidadesol.com.br\/index.php\/wp-json\/wp\/v2\/pages"}],"about":[{"href":"https:\/\/cidadesol.com.br\/index.php\/wp-json\/wp\/v2\/types\/page"}],"author":[{"embeddable":true,"href":"https:\/\/cidadesol.com.br\/index.php\/wp-json\/wp\/v2\/users\/2"}],"replies":[{"embeddable":true,"href":"https:\/\/cidadesol.com.br\/index.php\/wp-json\/wp\/v2\/comments?post=4859"}],"version-history":[{"count":4,"href":"https:\/\/cidadesol.com.br\/index.php\/wp-json\/wp\/v2\/pages\/4859\/revisions"}],"predecessor-version":[{"id":4865,"href":"https:\/\/cidadesol.com.br\/index.php\/wp-json\/wp\/v2\/pages\/4859\/revisions\/4865"}],"wp:attachment":[{"href":"https:\/\/cidadesol.com.br\/index.php\/wp-json\/wp\/v2\/media?parent=4859"}],"curies":[{"name":"wp","href":"https:\/\/api.w.org\/{rel}","templated":true}]}}