{"id":4826,"date":"2026-03-09T19:41:22","date_gmt":"2026-03-09T19:41:22","guid":{"rendered":"https:\/\/cidadesol.com.br\/?page_id=4826"},"modified":"2026-03-09T19:43:11","modified_gmt":"2026-03-09T19:43:11","slug":"regulamento-campanha-semana-do-consumidor-2026","status":"publish","type":"page","link":"https:\/\/cidadesol.com.br\/index.php\/regulamento-campanha-semana-do-consumidor-2026\/","title":{"rendered":"Regulamento &#8211;  Campanha Semana do Consumidor 2026"},"content":{"rendered":"\t\t<div data-elementor-type=\"wp-page\" data-elementor-id=\"4826\" class=\"elementor elementor-4826\">\n\t\t\t\t\t\t\t<div class=\"elementor-element elementor-element-002a6af e-con-full e-con\" data-id=\"002a6af\" data-element_type=\"container\" data-settings=\"{&quot;content_width&quot;:&quot;full&quot;}\">\n\t\t\t\t<\/div>\n\t\t\t\t<section class=\"elementor-section elementor-top-section elementor-element elementor-element-e8d2339 elementor-section-boxed elementor-section-height-default elementor-section-height-default\" data-id=\"e8d2339\" data-element_type=\"section\" data-settings=\"{&quot;_ha_eqh_enable&quot;:false}\">\n\t\t\t\t\t\t<div class=\"elementor-container elementor-column-gap-default\">\n\t\t\t\t\t<div class=\"elementor-column elementor-col-100 elementor-top-column elementor-element elementor-element-ed904f4\" data-id=\"ed904f4\" data-element_type=\"column\">\n\t\t\t<div class=\"elementor-widget-wrap elementor-element-populated\">\n\t\t\t\t\t\t\t\t<div class=\"elementor-element elementor-element-fd34b6d elementor-widget elementor-widget-image\" data-id=\"fd34b6d\" data-element_type=\"widget\" data-widget_type=\"image.default\">\n\t\t\t\t<div class=\"elementor-widget-container\">\n\t\t\t<style>\/*! elementor - v3.8.1 - 13-11-2022 *\/\n.elementor-widget-image{text-align:center}.elementor-widget-image a{display:inline-block}.elementor-widget-image a img[src$=\".svg\"]{width:48px}.elementor-widget-image img{vertical-align:middle;display:inline-block}<\/style>\t\t\t\t\t\t\t\t\t\t\t\t<img decoding=\"async\" width=\"1920\" height=\"440\" src=\"https:\/\/cidadesol.com.br\/wp-content\/uploads\/2026\/03\/SEMANA-DO-CONSUMIDOR-Site-CS_ok.jpg\" class=\"attachment-full size-full\" alt=\"\" srcset=\"https:\/\/cidadesol.com.br\/wp-content\/uploads\/2026\/03\/SEMANA-DO-CONSUMIDOR-Site-CS_ok.jpg 1920w, https:\/\/cidadesol.com.br\/wp-content\/uploads\/2026\/03\/SEMANA-DO-CONSUMIDOR-Site-CS_ok-300x69.jpg 300w, https:\/\/cidadesol.com.br\/wp-content\/uploads\/2026\/03\/SEMANA-DO-CONSUMIDOR-Site-CS_ok-1024x235.jpg 1024w, https:\/\/cidadesol.com.br\/wp-content\/uploads\/2026\/03\/SEMANA-DO-CONSUMIDOR-Site-CS_ok-768x176.jpg 768w, https:\/\/cidadesol.com.br\/wp-content\/uploads\/2026\/03\/SEMANA-DO-CONSUMIDOR-Site-CS_ok-1536x352.jpg 1536w\" sizes=\"(max-width: 1920px) 100vw, 1920px\" \/>\t\t\t\t\t\t\t\t\t\t\t\t\t\t\t<\/div>\n\t\t\t\t<\/div>\n\t\t\t\t<section class=\"elementor-section elementor-inner-section elementor-element elementor-element-cd0a936 elementor-section-boxed elementor-section-height-default elementor-section-height-default\" data-id=\"cd0a936\" data-element_type=\"section\" data-settings=\"{&quot;_ha_eqh_enable&quot;:false}\">\n\t\t\t\t\t\t<div class=\"elementor-container elementor-column-gap-default\">\n\t\t\t\t\t<div class=\"elementor-column elementor-col-100 elementor-inner-column elementor-element elementor-element-856d0d4\" data-id=\"856d0d4\" data-element_type=\"column\">\n\t\t\t<div class=\"elementor-widget-wrap elementor-element-populated\">\n\t\t\t\t\t\t\t\t<div class=\"elementor-element elementor-element-d3950f7 elementor-widget elementor-widget-heading\" data-id=\"d3950f7\" data-element_type=\"widget\" data-widget_type=\"heading.default\">\n\t\t\t\t<div class=\"elementor-widget-container\">\n\t\t\t<style>\/*! elementor - v3.8.1 - 13-11-2022 *\/\n.elementor-heading-title{padding:0;margin:0;line-height:1}.elementor-widget-heading .elementor-heading-title[class*=elementor-size-]>a{color:inherit;font-size:inherit;line-height:inherit}.elementor-widget-heading .elementor-heading-title.elementor-size-small{font-size:15px}.elementor-widget-heading .elementor-heading-title.elementor-size-medium{font-size:19px}.elementor-widget-heading .elementor-heading-title.elementor-size-large{font-size:29px}.elementor-widget-heading .elementor-heading-title.elementor-size-xl{font-size:39px}.elementor-widget-heading .elementor-heading-title.elementor-size-xxl{font-size:59px}<\/style><h4 class=\"elementor-heading-title elementor-size-default\">REGULAMENTO - CAMPANHA PROMOCIONAL<\/h4>\t\t<\/div>\n\t\t\t\t<\/div>\n\t\t\t\t<div class=\"elementor-element elementor-element-a55c3b0 elementor-widget elementor-widget-text-editor\" data-id=\"a55c3b0\" data-element_type=\"widget\" data-widget_type=\"text-editor.default\">\n\t\t\t\t<div class=\"elementor-widget-container\">\n\t\t\t<style>\/*! elementor - v3.8.1 - 13-11-2022 *\/\n.elementor-widget-text-editor.elementor-drop-cap-view-stacked .elementor-drop-cap{background-color:#818a91;color:#fff}.elementor-widget-text-editor.elementor-drop-cap-view-framed .elementor-drop-cap{color:#818a91;border:3px solid;background-color:transparent}.elementor-widget-text-editor:not(.elementor-drop-cap-view-default) .elementor-drop-cap{margin-top:8px}.elementor-widget-text-editor:not(.elementor-drop-cap-view-default) .elementor-drop-cap-letter{width:1em;height:1em}.elementor-widget-text-editor .elementor-drop-cap{float:left;text-align:center;line-height:1;font-size:50px}.elementor-widget-text-editor .elementor-drop-cap-letter{display:inline-block}<\/style>\t\t\t\t<ul><li><ol><li><ol><li><div class=\"WordSection1\"><div class=\"WordSection1\"><p style=\"color: #444444; font-family: 'Helvetica Neue', Helvetica, Arial, sans-serif; font-size: medium; text-align: justify;\">1. Os\u00a0<strong>CUPONS PROMOCIONAIS CS30 e CS10<\/strong>\u00a0da\u00a0<strong>CIDADE SOL<\/strong>\u00a0consistem na disponibiliza\u00e7\u00e3o de 30% e 10% de descontos respectivamente por inser\u00e7\u00e3o de c\u00f3digos promocionais pr\u00e9-estabelecidos, em trechos e servi\u00e7os espec\u00edficos, dentro do per\u00edodo de validade estipulado. As condi\u00e7\u00f5es para elegibilidade encontram-se nos itens a seguir descritos;<\/p><p style=\"color: #444444; font-family: 'Helvetica Neue', Helvetica, Arial, sans-serif; font-size: medium; text-align: justify;\">2. Os\u00a0<strong>CUPONS PROMOCIONAIS CS30 e CS10<\/strong>\u00a0da\u00a0<strong>CIDADE SOL<\/strong>\u00a0ser\u00e3o disponibilizados apenas para compras efetivadas no site oficial\u00a0<a style=\"color: #003366; font-weight: bold;\" href=\"https:\/\/www.cidadesol.com.br\/\" target=\"_blank\" rel=\"noopener\">www.cidadesol.com.br<\/a>\u00a0e pelo APP oficial da CIDADE SOL dispon\u00edvel para android e iOS;<\/p><p style=\"color: #444444; font-family: 'Helvetica Neue', Helvetica, Arial, sans-serif; font-size: medium; text-align: justify;\">3. Os descontos de 30% e 10% da campanha promocional com cupons de descontos (CS30 e CS10), ser\u00e3o aplicados apenas sobre as tarifas das passagens dos trechos promocionais. Portanto, n\u00e3o est\u00e3o inclusas nos descontos as tarifas de ped\u00e1gio, seguro facultativo e de utiliza\u00e7\u00e3o de terminais;<\/p><p style=\"color: #444444; font-family: 'Helvetica Neue', Helvetica, Arial, sans-serif; font-size: medium; text-align: justify;\">4. Os cupons promocionais ser\u00e3o v\u00e1lidos\u00a0<strong>SOMENTE<\/strong>\u00a0para as datas, hor\u00e1rios, linhas e trajetos designados no item 8, e ser\u00e3o aplicados no valor da tarifa de passagem adquirida e para embarque nos per\u00edodos designados no item 12. Para aplica\u00e7\u00e3o do desconto, o cliente dever\u00e1 inserir a denomina\u00e7\u00e3o do cupom correspondente (CS30 e CS10) no campo espec\u00edfico no momento da compra. Em casos de mais de uma passagem na mesma compra, o cupom deve ser inserido em todos os campos dispon\u00edveis;<\/p><p style=\"color: #444444; font-family: 'Helvetica Neue', Helvetica, Arial, sans-serif; font-size: medium; text-align: justify;\">5. Para remarca\u00e7\u00e3o, o cliente fica desde j\u00e1 ciente de que, em sendo o valor menor do que a compra origin\u00e1ria, em raz\u00e3o da compra adquirida ter sido em valor promocional, n\u00e3o ser\u00e1 eleg\u00edvel ao reembolso da diferen\u00e7a. J\u00e1 se o valor da remarca\u00e7\u00e3o for superior ao valor originariamente pago, dever\u00e1 observar o valor da tarifa vigente para a nova data desejada, efetuando o pagamento da diferen\u00e7a de valor, inclusive de ped\u00e1gio, seguro facultativo e de utiliza\u00e7\u00e3o de terminais, quando houver;<\/p><p style=\"color: #444444; font-family: 'Helvetica Neue', Helvetica, Arial, sans-serif; font-size: medium; text-align: justify; margin-left: 30px;\"><strong>5.1<\/strong>\u00a0A remarca\u00e7\u00e3o de viagens adquiridas na campanha promocional com cupons de descontos (CS30 e CS10) no trecho interestadual, somente ser\u00e1 eleg\u00edvel para remarca\u00e7\u00e3o em outro trecho interestadual, enquanto a remarca\u00e7\u00e3o de viagem em trecho intermunicipal adquirida na vig\u00eancia da promo\u00e7\u00e3o, somente ser\u00e1 eleg\u00edvel para remarca\u00e7\u00e3o em outro trecho intermunicipal, desde que observada as 3 (tr\u00eas) horas de anteced\u00eancia prevista;<\/p><p style=\"color: #444444; font-family: 'Helvetica Neue', Helvetica, Arial, sans-serif; font-size: medium; text-align: justify; margin-left: 30px;\"><strong>5.2<\/strong>\u00a0A remarca\u00e7\u00e3o, ap\u00f3s as 3h de anteced\u00eancia do embarque contratado, ensejar\u00e1 em aplica\u00e7\u00e3o de taxas sobre o valor original da tarifa, seguindo as regras e percentuais previstos para remarca\u00e7\u00e3o que n\u00e3o obede\u00e7am \u00e0s 3h anteriores ao hor\u00e1rio de embarque. (vide maiores informa\u00e7\u00f5es em:\u00a0<a style=\"color: #003366;\" href=\"https:\/\/www.cidadesol.com.br\/index.php\/informacoes\/\" target=\"_blank\" rel=\"noopener\">informa\u00e7\u00f5es<\/a>);<\/p><p style=\"color: #444444; font-family: 'Helvetica Neue', Helvetica, Arial, sans-serif; font-size: medium; text-align: justify;\">6. Para cancelamento, o cliente dever\u00e1 solicitar em at\u00e9 3 (tr\u00eas) horas de anteced\u00eancia da viagem, sendo o valor a ser reembolsado o mesmo valor pago pelo cliente \u00e0 \u00e9poca da aquisi\u00e7\u00e3o da tarifa na campanha promocional com os cupons de descontos (CS30 e CS10), observando as regras e condi\u00e7\u00f5es previstas para o reembolso que versam sobre aplica\u00e7\u00e3o e taxas e multas para cancelamentos em linhas intermunicipais e interestaduais (vide maiores informa\u00e7\u00f5es em:\u00a0<a style=\"color: #003366;\" href=\"https:\/\/www.cidadesol.com.br\/index.php\/informacoes\/\" target=\"_blank\" rel=\"noopener\">informa\u00e7\u00f5es<\/a>);<\/p><p style=\"color: #444444; font-family: 'Helvetica Neue', Helvetica, Arial, sans-serif; font-size: medium; text-align: justify;\">7. O bilhete de passagem adquirido no per\u00edodo promocional \u00e9 para uso pessoal e intransfer\u00edvel;<\/p><p style=\"color: #444444; font-family: 'Helvetica Neue', Helvetica, Arial, sans-serif; font-size: medium; text-align: justify;\">8. Os\u00a0<strong>CUPONS PROMOCIONAIS CS30 e CS10<\/strong>\u00a0da\u00a0<strong>CIDADE SOL<\/strong>\u00a0s\u00e3o v\u00e1lidos t\u00e3o somente para os seguintes trechos e servi\u00e7os respectivos ao seu c\u00f3digo de desconto:<\/p><div style=\"color: #444444; font-family: 'Helvetica Neue', Helvetica, Arial, sans-serif; font-size: medium; text-align: justify; background-color: #f9f9f9; padding: 20px; border: 1px solid #e0e0e0; border-radius: 8px; margin: 20px 0px;\"><p style=\"color: #003366;\"><strong>C\u00f3digo de cupom promocional: CS30<\/strong><\/p><ul style=\"column-count: 2; font-size: 13px; list-style-type: disc; padding-left: 20px; color: #555555;\"><li>Aracaju X Irec\u00ea<\/li><li>Aracaju X Morro do Chap\u00e9u<\/li><li>Bom Despacho X Camamu<\/li><li>Bom Despacho X Itacar\u00e9<\/li><li>Bom Despacho X Jequi\u00e9<\/li><li>Bom Despacho X Valen\u00e7a<\/li><li>Bom Despacho X Vit\u00f3ria da Conquista<\/li><li>Cama\u00e7ari X Paulo Afonso<\/li><li>Feira de Santana X Barra<\/li><li>Feira de Santana X Brumado<\/li><li>Feira de Santana X Caetit\u00e9<\/li><li>Feira de Santana X Central<\/li><li>Feira de Santana X Guanambi<\/li><li>Feira de Santana X Irec\u00ea<\/li><li>Feira de Santana X Itaberaba<\/li><li>Feira de Santana X Morro do Chap\u00e9u<\/li><li>Feira de Santana X Paulo Afonso<\/li><li>Feira de Santana X Ruy Barbosa<\/li><li>Feira de Santana X Santo Ant\u00f4nio de Jesus<\/li><li>Feira de Santana X Xique-Xique<\/li><li>Ilh\u00e9us X Jequi\u00e9<\/li><li>Itabuna X Jequi\u00e9<\/li><li>Itacar\u00e9 X Feira de Santana<\/li><li>Jequi\u00e9 X Canavieiras<\/li><li>Jequi\u00e9 X Vit\u00f3ria da Conquista<\/li><li>Salvador X Alagoinhas<\/li><li>Salvador X Amargosa<\/li><li>Salvador X Banza\u00ea<\/li><li>Salvador X Barra<\/li><li>Salvador X Barra do Rocha<\/li><li>Salvador X Camamu<\/li><li>Salvador X Central<\/li><li>Salvador X Concei\u00e7\u00e3o de Feira<\/li><li>Salvador X Feira de Santana<\/li><li>Salvador X Ipia\u00fa<\/li><li>Salvador X Irar\u00e1<\/li><li>Salvador X Irec\u00ea<\/li><li>Salvador X Itaberaba<\/li><li>Salvador X Jequi\u00e9<\/li><li>Salvador X Jeremoabo<\/li><li>Salvador X Morro do Chap\u00e9u<\/li><li>Salvador X Paripiranga<\/li><li>Salvador X Paulo Afonso<\/li><li>Salvador X Po\u00e7\u00f5es<\/li><li>Salvador X Ribeira do Pombal<\/li><li>Salvador X Ruy Barbosa<\/li><li>Salvador X Santo Ant\u00f4nio de Jesus<\/li><li>Salvador X Teodoro Sampaio<\/li><li>Salvador X Terra Nova<\/li><li>Salvador X Ubat\u00e3<\/li><li>Salvador X Valen\u00e7a<\/li><li>Salvador X Xique-Xique<\/li><\/ul><p style=\"margin-bottom: 0px; padding-top: 15px; border-top: 1px solid #eeeeee; color: #003366;\"><strong>C\u00f3digo de cupom promocional: CS10<\/strong><\/p><p style=\"font-size: 13px; color: #555555;\">Todos os trechos operados pela CIDADE SOL.<\/p><\/div><p style=\"color: #444444; font-family: 'Helvetica Neue', Helvetica, Arial, sans-serif; font-size: medium; text-align: justify;\">9. Promo\u00e7\u00e3o v\u00e1lida para todos os servi\u00e7os,\u00a0<strong>EXCETO<\/strong>\u00a0para os servi\u00e7os\u00a0<strong>LEITO e LEITO CAMA<\/strong>;<\/p><p style=\"color: #444444; font-family: 'Helvetica Neue', Helvetica, Arial, sans-serif; font-size: medium; text-align: justify;\">10. A mera participa\u00e7\u00e3o nesta promo\u00e7\u00e3o caracteriza a aceita\u00e7\u00e3o dos termos e condi\u00e7\u00f5es previstos neste regulamento;<\/p><p style=\"color: #444444; font-family: 'Helvetica Neue', Helvetica, Arial, sans-serif; font-size: medium; text-align: justify;\">11. Cupons de ofertas v\u00e1lidos para compras de\u00a0<strong>09\/03\/2026 at\u00e9 15\/03\/2026<\/strong>;<\/p><p style=\"color: #444444; font-family: 'Helvetica Neue', Helvetica, Arial, sans-serif; font-size: medium; text-align: justify;\">12. Embarques estabelecidos entre\u00a0<strong>17\/03\/2026 e 30\/04\/2026<\/strong>;<\/p><p style=\"color: #444444; font-family: 'Helvetica Neue', Helvetica, Arial, sans-serif; font-size: medium; text-align: justify;\">13. Promo\u00e7\u00e3o n\u00e3o cumulativa;<\/p><p style=\"color: #444444; font-family: 'Helvetica Neue', Helvetica, Arial, sans-serif; font-size: medium; text-align: justify;\">14. A empresa se reserva ao direito de interrup\u00e7\u00e3o desta campanha promocional com cupons de descontos a qualquer momento sem aviso pr\u00e9vio.<\/p><div style=\"color: #444444; font-family: 'Helvetica Neue', Helvetica, Arial, sans-serif; font-size: medium; margin-top: 40px; text-align: center; border-top: 2px solid #003366; padding-top: 20px;\"><p style=\"font-weight: bold; color: #003366; margin-bottom: 5px; font-size: 18px;\">Para mais informa\u00e7\u00f5es, entre em contato com o nosso SAC: 0800 075 0010<\/p><p style=\"font-weight: bold; text-transform: uppercase; color: #f29400; font-size: 20px;\">CIDADE SOL, ILUMINANDO CAMINHOS!<\/p><\/div><\/div><\/div><\/li><\/ol><\/li><\/ol><\/li><\/ul>\t\t\t\t\t\t<\/div>\n\t\t\t\t<\/div>\n\t\t\t\t<div class=\"elementor-element elementor-element-133cabc elementor-widget elementor-widget-text-editor\" data-id=\"133cabc\" data-element_type=\"widget\" data-widget_type=\"text-editor.default\">\n\t\t\t\t<div class=\"elementor-widget-container\">\n\t\t\t\t\t\t\t\t\t\t\t\t\t<\/div>\n\t\t\t\t<\/div>\n\t\t\t\t<div class=\"elementor-element elementor-element-7455b53 elementor-widget elementor-widget-spacer\" data-id=\"7455b53\" data-element_type=\"widget\" data-widget_type=\"spacer.default\">\n\t\t\t\t<div class=\"elementor-widget-container\">\n\t\t\t<style>\/*! elementor - v3.8.1 - 13-11-2022 *\/\n.elementor-column .elementor-spacer-inner{height:var(--spacer-size)}.e-con{--container-widget-width:100%}.e-con-inner>.elementor-widget-spacer,.e-con>.elementor-widget-spacer{width:var(--container-widget-width,var(--spacer-size));-ms-flex-item-align:stretch;align-self:stretch;-ms-flex-negative:0;flex-shrink:0}.e-con-inner>.elementor-widget-spacer>.elementor-widget-container,.e-con-inner>.elementor-widget-spacer>.elementor-widget-container>.elementor-spacer,.e-con>.elementor-widget-spacer>.elementor-widget-container,.e-con>.elementor-widget-spacer>.elementor-widget-container>.elementor-spacer{height:100%}.e-con-inner>.elementor-widget-spacer>.elementor-widget-container>.elementor-spacer>.elementor-spacer-inner,.e-con>.elementor-widget-spacer>.elementor-widget-container>.elementor-spacer>.elementor-spacer-inner{height:var(--container-widget-height,var(--spacer-size))}<\/style>\t\t<div class=\"elementor-spacer\">\n\t\t\t<div class=\"elementor-spacer-inner\"><\/div>\n\t\t<\/div>\n\t\t\t\t<\/div>\n\t\t\t\t<\/div>\n\t\t\t\t\t<\/div>\n\t\t<\/div>\n\t\t\t\t\t\t\t<\/div>\n\t\t<\/section>\n\t\t\t\t\t<\/div>\n\t\t<\/div>\n\t\t\t\t\t\t\t<\/div>\n\t\t<\/section>\n\t\t\t\t\t\t\t<\/div>\n\t\t","protected":false},"excerpt":{"rendered":"<p>REGULAMENTO &#8211; CAMPANHA PROMOCIONAL 1. Os\u00a0CUPONS PROMOCIONAIS CS30 e CS10\u00a0da\u00a0CIDADE SOL\u00a0consistem na disponibiliza\u00e7\u00e3o de 30% e 10% de descontos respectivamente por inser\u00e7\u00e3o de c\u00f3digos promocionais pr\u00e9-estabelecidos, em trechos e servi\u00e7os espec\u00edficos, dentro do per\u00edodo de validade estipulado. As condi\u00e7\u00f5es para elegibilidade encontram-se nos itens a seguir descritos; 2. Os\u00a0CUPONS PROMOCIONAIS CS30 e CS10\u00a0da\u00a0CIDADE SOL\u00a0ser\u00e3o disponibilizados [&hellip;]<\/p>\n","protected":false},"author":2,"featured_media":0,"parent":0,"menu_order":0,"comment_status":"closed","ping_status":"closed","template":"","meta":{"_joinchat":[],"footnotes":""},"class_list":["post-4826","page","type-page","status-publish","hentry"],"_links":{"self":[{"href":"https:\/\/cidadesol.com.br\/index.php\/wp-json\/wp\/v2\/pages\/4826","targetHints":{"allow":["GET"]}}],"collection":[{"href":"https:\/\/cidadesol.com.br\/index.php\/wp-json\/wp\/v2\/pages"}],"about":[{"href":"https:\/\/cidadesol.com.br\/index.php\/wp-json\/wp\/v2\/types\/page"}],"author":[{"embeddable":true,"href":"https:\/\/cidadesol.com.br\/index.php\/wp-json\/wp\/v2\/users\/2"}],"replies":[{"embeddable":true,"href":"https:\/\/cidadesol.com.br\/index.php\/wp-json\/wp\/v2\/comments?post=4826"}],"version-history":[{"count":4,"href":"https:\/\/cidadesol.com.br\/index.php\/wp-json\/wp\/v2\/pages\/4826\/revisions"}],"predecessor-version":[{"id":4831,"href":"https:\/\/cidadesol.com.br\/index.php\/wp-json\/wp\/v2\/pages\/4826\/revisions\/4831"}],"wp:attachment":[{"href":"https:\/\/cidadesol.com.br\/index.php\/wp-json\/wp\/v2\/media?parent=4826"}],"curies":[{"name":"wp","href":"https:\/\/api.w.org\/{rel}","templated":true}]}}