{"id":4721,"date":"2025-12-23T20:55:38","date_gmt":"2025-12-23T20:55:38","guid":{"rendered":"https:\/\/cidadesol.com.br\/?page_id=4721"},"modified":"2026-01-20T21:46:11","modified_gmt":"2026-01-20T21:46:11","slug":"onboard","status":"publish","type":"page","link":"https:\/\/cidadesol.com.br\/index.php\/onboard\/","title":{"rendered":"Onboard"},"content":{"rendered":"\t\t<div data-elementor-type=\"wp-page\" data-elementor-id=\"4721\" class=\"elementor elementor-4721\">\n\t\t\t\t\t\t\t<div class=\"elementor-element elementor-element-002a6af e-con-full e-con\" data-id=\"002a6af\" data-element_type=\"container\" data-settings=\"{&quot;content_width&quot;:&quot;full&quot;}\">\n\t\t\t\t<\/div>\n\t\t<div class=\"elementor-element elementor-element-f9628de e-con-boxed e-con\" data-id=\"f9628de\" data-element_type=\"container\" data-settings=\"{&quot;content_width&quot;:&quot;boxed&quot;}\">\n\t\t\t\t\t<div class=\"e-con-inner\">\n\t\t<div class=\"elementor-element elementor-element-f31d65d e-con-full e-con\" data-id=\"f31d65d\" data-element_type=\"container\" data-settings=\"{&quot;content_width&quot;:&quot;full&quot;}\">\n\t\t\t\t<div class=\"elementor-element elementor-element-80d822e elementor-widget elementor-widget-heading\" data-id=\"80d822e\" data-element_type=\"widget\" data-widget_type=\"heading.default\">\n\t\t\t\t<div class=\"elementor-widget-container\">\n\t\t\t<style>\/*! elementor - v3.8.1 - 13-11-2022 *\/\n.elementor-heading-title{padding:0;margin:0;line-height:1}.elementor-widget-heading .elementor-heading-title[class*=elementor-size-]>a{color:inherit;font-size:inherit;line-height:inherit}.elementor-widget-heading .elementor-heading-title.elementor-size-small{font-size:15px}.elementor-widget-heading .elementor-heading-title.elementor-size-medium{font-size:19px}.elementor-widget-heading .elementor-heading-title.elementor-size-large{font-size:29px}.elementor-widget-heading .elementor-heading-title.elementor-size-xl{font-size:39px}.elementor-widget-heading .elementor-heading-title.elementor-size-xxl{font-size:59px}<\/style><h3 class=\"elementor-heading-title elementor-size-default\">ONBOARD \u2013 NOVO SISTEMA DE BILHETAGEM ELETR\u00d4NICA<\/h3>\t\t<\/div>\n\t\t\t\t<\/div>\n\t\t\t\t<div class=\"elementor-element elementor-element-d062505 elementor-widget elementor-widget-text-editor\" data-id=\"d062505\" data-element_type=\"widget\" data-widget_type=\"text-editor.default\">\n\t\t\t\t<div class=\"elementor-widget-container\">\n\t\t\t<style>\/*! elementor - v3.8.1 - 13-11-2022 *\/\n.elementor-widget-text-editor.elementor-drop-cap-view-stacked .elementor-drop-cap{background-color:#818a91;color:#fff}.elementor-widget-text-editor.elementor-drop-cap-view-framed .elementor-drop-cap{color:#818a91;border:3px solid;background-color:transparent}.elementor-widget-text-editor:not(.elementor-drop-cap-view-default) .elementor-drop-cap{margin-top:8px}.elementor-widget-text-editor:not(.elementor-drop-cap-view-default) .elementor-drop-cap-letter{width:1em;height:1em}.elementor-widget-text-editor .elementor-drop-cap{float:left;text-align:center;line-height:1;font-size:50px}.elementor-widget-text-editor .elementor-drop-cap-letter{display:inline-block}<\/style>\t\t\t\t<p>O servi\u00e7o <strong>metropolitano<\/strong> agora conta com um <strong>novo sistema de bilhetagem eletr\u00f4nica,<\/strong> mais moderno, pr\u00e1tico e r\u00e1pido.<br \/>O novo modelo permite o <strong>pagamento direto na catraca,<\/strong> com leitura por meio da <strong>carteira digital BiPay.<\/strong><\/p><p>Agora, voc\u00ea pode<strong> comprar e recarregar cr\u00e9ditos pelo aplicativo,<\/strong> aproveitar <strong>descontos especiais exclusivos no app BiPay<\/strong> (n\u00e3o v\u00e1lidos para vale-transporte e tarifa estudantil) e tamb\u00e9m adquirir <strong>o bilhete f\u00edsico com QR Code nas ag\u00eancias,<\/strong> garantindo embarque imediato.<\/p><p>Mais tecnologia, agilidade e conveni\u00eancia para sua viagem no metropolitano.<\/p><p>\u00a0<\/p><p><strong>LINHAS METROPOLITANAS<\/strong><\/p><p><strong>\u00a0<\/strong><\/p><p>Salvador x Cama\u00e7ari<\/p><p>Salvador x Candeias<\/p><p>Salvador x Madre de Deus<\/p><p><strong>\u00a0<\/strong><\/p><p><strong>PERGUNTAS FREQUENTES<\/strong><\/p><p><strong>\u00a0<\/strong><\/p><p><strong>\u2013 <\/strong><strong>Quais formas de pagamento s\u00e3o aceitas na catraca?<\/strong><\/p><p>\u00a0<\/p><p>Na catraca, s\u00e3o aceitas as seguintes formas de pagamento: <strong>BiPay (carteira digital no celular)<\/strong>, e <strong>bilhete f\u00edsico com QR Code<\/strong>, que pode ser comprado nas ag\u00eancias ou diretamente com o motorista, garantindo embarque imediato.<\/p><p><strong>\u00a0<\/strong><\/p><p><strong>\u2013 O que \u00e9 o BiPay?<\/strong><\/p><p>\u00a0<\/p><p>O BiPay \u00e9 a carteira digital do novo sistema de bilhetagem eletr\u00f4nica do servi\u00e7o metropolitano, criada para tornar o embarque mais r\u00e1pido, pr\u00e1tico e seguro. Por meio do aplicativo, o passageiro pode comprar e recarregar cr\u00e9ditos, realizar o pagamento por aproxima\u00e7\u00e3o diretamente na catraca usando o celular e ainda ter acesso a descontos e ofertas exclusivas, sem a necessidade de cart\u00e3o f\u00edsico.<\/p><p>\u00a0<\/p><p><strong>\u2013 <\/strong><strong>Como fa\u00e7o para baixar e usar o aplicativo BiPay?<\/strong><\/p><p>\u00a0<\/p><p>Para baixar e usar o aplicativo <strong>BiPay<\/strong>, basta acessar a loja de aplicativos do seu celular (<strong>Google Play<\/strong> ou <strong>App Store<\/strong>), procurar por <strong>BiPay<\/strong> e realizar o download. Ap\u00f3s a instala\u00e7\u00e3o, fa\u00e7a o cadastro, compre ou recarregue seus cr\u00e9ditos pelo app e, no momento do embarque, utilize o celular para pagar por aproxima\u00e7\u00e3o diretamente na catraca.<\/p><p>\u00a0<\/p><p><strong>\u2013 <\/strong><strong>Preciso de internet no celular para usar o BiPay no embarque?<\/strong><\/p><p>\u00a0<\/p><p><strong>N\u00e3o.<\/strong> O acesso \u00e0 internet \u00e9 necess\u00e1rio apenas antes do embarque, para login e compra de cr\u00e9ditos. Ap\u00f3s isso, mantendo o aplicativo aberto (mesmo que minimizado), o QR Code funciona normalmente em modo off-line no validador no momento do embarque, desde que haja saldo suficiente.<\/p><p>\u00a0<\/p><p><strong>\u2013 <\/strong><strong>Posso usar o mesmo app para mais de uma pessoa?<\/strong><\/p><p><strong>\u00a0<\/strong><\/p><p>Sim. \u00c9 poss\u00edvel usar o <strong>mesmo aplicativo BiPay<\/strong> para mais de uma pessoa, desde que haja <strong>cr\u00e9ditos dispon\u00edveis<\/strong>. Basta realizar os pagamentos sucessivos na catraca para liberar o embarque de cada passageiro. Caso os cr\u00e9ditos sejam de <strong>vale-transporte ou estudantil<\/strong>, eles poder\u00e3o ser utilizados <strong>somente pelo titular<\/strong> do benef\u00edcio.<\/p><p>\u00a0<\/p><p><strong>\u2013 <\/strong><strong>Como funciona o bilhete f\u00edsico com QR Code?<\/strong><\/p><p>\u00a0<\/p><p>O bilhete f\u00edsico com QR Code permite o embarque de forma r\u00e1pida e pr\u00e1tica. Ap\u00f3s a compra, o passageiro recebe um bilhete com QR Code que deve ser aproximado do leitor na catraca para libera\u00e7\u00e3o do acesso, garantindo embarque imediato.<\/p><p>\u00a0<\/p><p><strong>\u2013 <\/strong><strong>Onde posso comprar o bilhete com QR Code?<\/strong><\/p><p>\u00a0<\/p><p>O bilhete com QR Code pode ser adquirido nas <strong>ag\u00eancias<\/strong>.<\/p><p>\u00a0<\/p><p><strong>\u2013 Tem outra d\u00favida? Fale conosco!<\/strong><\/p><p>Envie um e-mail para ouvidoria@cidadesol.com.br ou ligue <strong>0800 075 0010<\/strong> para falar com nosso SAC.<\/p><p>\u00a0<\/p><p>Nossos canais est\u00e3o sempre \u00e0 disposi\u00e7\u00e3o para ajudar voc\u00ea!<\/p><p style=\"margin-bottom: .0001pt; text-align: justify; line-height: normal;\"><span style=\"font-size: 14pt;\">\u00a0<\/span><\/p><p><span style=\"font-size: 14.0pt; font-family: 'Calibri',sans-serif; mso-ascii-theme-font: minor-latin; mso-hansi-theme-font: minor-latin; mso-bidi-theme-font: minor-latin;\">O servi\u00e7o <b>metropolitano<\/b> agora conta com um <b>novo sistema de bilhetagem eletr\u00f4nica,<\/b> mais moderno, pr\u00e1tico e r\u00e1pido.<br \/>O novo modelo permite o <b>pagamento direto na catraca,<\/b> com leitura por meio da <b>carteira digital BiPay.<\/b><\/span><\/p><p><span style=\"font-size: 14.0pt; font-family: 'Calibri',sans-serif; mso-ascii-theme-font: minor-latin; mso-hansi-theme-font: minor-latin; mso-bidi-theme-font: minor-latin;\">Agora, voc\u00ea pode<b> comprar e recarregar cr\u00e9ditos pelo aplicativo,<\/b> aproveitar <b>descontos especiais exclusivos no app BiPay<\/b> (n\u00e3o v\u00e1lidos para vale-transporte e tarifa estudantil) e tamb\u00e9m adquirir <b>o bilhete f\u00edsico com QR Code nas ag\u00eancias,<\/b> garantindo embarque imediato.<\/span><\/p><p><span style=\"font-size: 14.0pt; font-family: 'Calibri',sans-serif; mso-ascii-theme-font: minor-latin; mso-hansi-theme-font: minor-latin; mso-bidi-theme-font: minor-latin;\">Mais tecnologia, agilidade e conveni\u00eancia para sua viagem no metropolitano.<\/span><\/p><p style=\"margin-bottom: .0001pt; text-align: justify; line-height: normal;\"><span style=\"font-size: 14.0pt;\">\u00a0<\/span><\/p><p style=\"margin-bottom: .0001pt; text-align: justify; line-height: normal;\"><b><span style=\"font-size: 14.0pt;\">LINHAS METROPOLITANAS<\/span><\/b><\/p><p style=\"margin-bottom: .0001pt; text-align: justify; line-height: normal;\"><b><span style=\"font-size: 14.0pt;\">\u00a0<\/span><\/b><\/p><p style=\"text-align: justify; line-height: normal; margin: 0cm 0cm .0001pt 18.0pt;\"><span style=\"font-size: 14.0pt;\">Salvador x Cama\u00e7ari<\/span><\/p><p style=\"text-align: justify; line-height: normal; margin: 0cm 0cm .0001pt 18.0pt;\"><span style=\"font-size: 14.0pt;\">Salvador x Candeias<\/span><\/p><p style=\"text-align: justify; line-height: normal; margin: 0cm 0cm .0001pt 18.0pt;\"><span style=\"font-size: 14.0pt;\">Salvador x Madre de Deus<\/span><\/p><p style=\"margin-bottom: .0001pt; text-align: justify; line-height: normal;\"><b><span style=\"font-size: 14.0pt;\">\u00a0<\/span><\/b><\/p><p style=\"margin-bottom: .0001pt; text-align: justify; line-height: normal;\"><b><span style=\"font-size: 14.0pt;\">PERGUNTAS FREQUENTES<\/span><\/b><\/p><p style=\"margin-bottom: .0001pt; text-align: justify; line-height: normal;\"><b><span style=\"font-size: 14.0pt;\">\u00a0<\/span><\/b><\/p><p style=\"margin-bottom: .0001pt; text-align: justify; line-height: normal;\"><b><span style=\"font-size: 14.0pt;\">\u2013 <\/span><\/b><b><span style=\"font-size: 14.0pt;\">Quais formas de pagamento s\u00e3o aceitas na catraca?<\/span><\/b><\/p><p style=\"margin-bottom: .0001pt; text-align: justify; line-height: normal;\"><span style=\"font-size: 14.0pt;\">\u00a0<\/span><\/p><p style=\"margin-bottom: .0001pt; text-align: justify; line-height: normal;\"><span style=\"font-size: 14.0pt;\">Na catraca, s\u00e3o aceitas as seguintes formas de pagamento: <strong><span style=\"font-family: 'Calibri',sans-serif;\">BiPay (carteira digital no celular)<\/span><\/strong>, e <strong><span style=\"font-family: 'Calibri',sans-serif;\">bilhete f\u00edsico com QR Code<\/span><\/strong>, que pode ser comprado nas ag\u00eancias ou diretamente com o motorista, garantindo embarque imediato.<\/span><\/p><p style=\"margin-bottom: .0001pt; text-align: justify; line-height: normal;\"><b><span style=\"font-size: 14.0pt;\">\u00a0<\/span><\/b><\/p><p style=\"margin-bottom: .0001pt; text-align: justify; line-height: normal;\"><b><span style=\"font-size: 14.0pt;\">\u2013 O que \u00e9 o BiPay?<\/span><\/b><\/p><p style=\"margin-bottom: .0001pt; text-align: justify; line-height: normal;\"><span style=\"font-size: 14.0pt;\">\u00a0<\/span><\/p><p style=\"margin-bottom: .0001pt; text-align: justify; line-height: normal;\"><span style=\"font-size: 14.0pt;\">O BiPay \u00e9 a carteira digital do novo sistema de bilhetagem eletr\u00f4nica do servi\u00e7o metropolitano, criada para tornar o embarque mais r\u00e1pido, pr\u00e1tico e seguro. Por meio do aplicativo, o passageiro pode comprar e recarregar cr\u00e9ditos, realizar o pagamento por aproxima\u00e7\u00e3o diretamente na catraca usando o celular e ainda ter acesso a descontos e ofertas exclusivas, sem a necessidade de cart\u00e3o f\u00edsico.<\/span><\/p><p style=\"margin-bottom: .0001pt; text-align: justify; line-height: normal;\"><span style=\"font-size: 14.0pt;\">\u00a0<\/span><\/p><p style=\"margin-bottom: .0001pt; text-align: justify; line-height: normal;\"><b><span style=\"font-size: 14.0pt;\">\u2013 <\/span><\/b><b><span style=\"font-size: 14.0pt;\">Como fa\u00e7o para baixar e usar o aplicativo BiPay?<\/span><\/b><\/p><p style=\"margin-bottom: .0001pt; text-align: justify; line-height: normal;\"><span style=\"font-size: 14.0pt;\">\u00a0<\/span><\/p><p style=\"margin-bottom: .0001pt; text-align: justify; line-height: normal;\"><span style=\"font-size: 14.0pt;\">Para baixar e usar o aplicativo <strong><span style=\"font-family: 'Calibri',sans-serif;\">BiPay<\/span><\/strong>, basta acessar a loja de aplicativos do seu celular (<strong><span style=\"font-family: 'Calibri',sans-serif;\">Google Play<\/span><\/strong> ou <strong><span style=\"font-family: 'Calibri',sans-serif;\">App Store<\/span><\/strong>), procurar por <strong><span style=\"font-family: 'Calibri',sans-serif;\">BiPay<\/span><\/strong> e realizar o download. Ap\u00f3s a instala\u00e7\u00e3o, fa\u00e7a o cadastro, compre ou recarregue seus cr\u00e9ditos pelo app e, no momento do embarque, utilize o celular para pagar por aproxima\u00e7\u00e3o diretamente na catraca.<\/span><\/p><p style=\"margin-bottom: .0001pt; text-align: justify; line-height: normal;\"><span style=\"font-size: 14.0pt;\">\u00a0<\/span><\/p><p style=\"margin-bottom: .0001pt; text-align: justify; line-height: normal;\"><b><span style=\"font-size: 14.0pt;\">\u2013 <\/span><\/b><b><span style=\"font-size: 14.0pt;\">Preciso de internet no celular para usar o BiPay no embarque?<\/span><\/b><\/p><p style=\"margin-bottom: .0001pt; text-align: justify; line-height: normal;\"><span style=\"font-size: 14.0pt;\">\u00a0<\/span><\/p><p style=\"margin-bottom: .0001pt; text-align: justify; line-height: normal;\"><span style=\"font-size: 14.0pt;\">N\u00e3o. <strong><span style=\"font-family: 'Calibri',sans-serif;\">No momento do embarque, n\u00e3o \u00e9 necess\u00e1rio estar conectado \u00e0 internet<\/span><\/strong> para usar o BiPay na catraca. A conex\u00e3o \u00e9 necess\u00e1ria apenas para <strong><span style=\"font-family: 'Calibri',sans-serif;\">comprar ou recarregar cr\u00e9ditos<\/span><\/strong> pelo aplicativo.<\/span><\/p><p style=\"margin-bottom: .0001pt; text-align: justify; line-height: normal;\"><span style=\"font-size: 14.0pt;\">\u00a0<\/span><\/p><p style=\"margin-bottom: .0001pt; text-align: justify; line-height: normal;\"><b><span style=\"font-size: 14.0pt;\">\u2013 <\/span><\/b><b><span style=\"font-size: 14.0pt;\">Posso usar o mesmo app para mais de uma pessoa?<\/span><\/b><\/p><p style=\"margin-bottom: .0001pt; text-align: justify; line-height: normal;\"><b><span style=\"font-size: 14.0pt;\">\u00a0<\/span><\/b><\/p><p style=\"margin-bottom: .0001pt; text-align: justify; line-height: normal;\"><span style=\"font-size: 14.0pt;\">Sim. \u00c9 poss\u00edvel usar o <strong><span style=\"font-family: 'Calibri',sans-serif;\">mesmo aplicativo BiPay<\/span><\/strong> para mais de uma pessoa, desde que haja <strong><span style=\"font-family: 'Calibri',sans-serif;\">cr\u00e9ditos dispon\u00edveis<\/span><\/strong>. Basta realizar os pagamentos sucessivos na catraca para liberar o embarque de cada passageiro. Caso os cr\u00e9ditos sejam de <b>vale-transporte ou estudantil<\/b>, eles poder\u00e3o ser utilizados <b>somente pelo titular<\/b> do benef\u00edcio.<\/span><\/p><p style=\"margin-bottom: .0001pt; text-align: justify; line-height: normal;\"><span style=\"font-size: 14.0pt;\">\u00a0<\/span><\/p><p style=\"margin-bottom: .0001pt; text-align: justify; line-height: normal;\"><b><span style=\"font-size: 14.0pt;\">\u2013 <\/span><\/b><b><span style=\"font-size: 14.0pt;\">Como funciona o bilhete f\u00edsico com QR Code?<\/span><\/b><\/p><p style=\"margin-bottom: .0001pt; text-align: justify; line-height: normal;\"><span style=\"font-size: 14.0pt;\">\u00a0<\/span><\/p><p style=\"margin-bottom: .0001pt; text-align: justify; line-height: normal;\"><span style=\"font-size: 14.0pt;\">O bilhete f\u00edsico com QR Code permite o embarque de forma r\u00e1pida e pr\u00e1tica. Ap\u00f3s a compra, o passageiro recebe um bilhete com QR Code que deve ser aproximado do leitor na catraca para libera\u00e7\u00e3o do acesso, garantindo embarque imediato.<\/span><\/p><p style=\"margin-bottom: .0001pt; text-align: justify; line-height: normal;\"><span style=\"font-size: 14.0pt;\">\u00a0<\/span><\/p><p style=\"margin-bottom: .0001pt; text-align: justify; line-height: normal;\"><b><span style=\"font-size: 14.0pt;\">\u2013 <\/span><\/b><b><span style=\"font-size: 14.0pt;\">Onde posso comprar o bilhete com QR Code?<\/span><\/b><\/p><p style=\"margin-bottom: .0001pt; text-align: justify; line-height: normal;\"><span style=\"font-size: 14.0pt;\">\u00a0<\/span><\/p><p style=\"margin-bottom: .0001pt; text-align: justify; line-height: normal;\"><span style=\"font-size: 14.0pt;\">O bilhete com QR Code pode ser adquirido nas <strong><span style=\"font-family: 'Calibri',sans-serif;\">ag\u00eancias<\/span><\/strong>.<\/span><\/p><p style=\"margin-bottom: .0001pt; text-align: justify; line-height: normal;\"><span style=\"font-size: 14.0pt;\">\u00a0<\/span><\/p><p style=\"margin-bottom: 11pt; text-align: justify; line-height: normal; background-image: initial; background-position: initial; background-size: initial; background-repeat: initial; background-attachment: initial; background-origin: initial; background-clip: initial;\"><b><span style=\"font-family: Roboto; mso-fareast-font-family: Roboto; mso-bidi-font-family: Roboto;\">\u2013 Tem outra d\u00favida? Fale conosco!<\/span><\/b><\/p><p style=\"margin-bottom: 0.0001pt; text-align: justify; line-height: normal; background-image: initial; background-position: initial; background-size: initial; background-repeat: initial; background-attachment: initial; background-origin: initial; background-clip: initial;\"><span style=\"font-family: Roboto; mso-fareast-font-family: Roboto; mso-bidi-font-family: Roboto;\">Envie um e-mail para ouvidoria@cidadesol.com.br ou ligue <b>0800 075 0010<\/b> para falar com nosso SAC.<\/span><\/p><p style=\"margin-bottom: 0.0001pt; text-align: justify; line-height: normal; background-image: initial; background-position: initial; background-size: initial; background-repeat: initial; background-attachment: initial; background-origin: initial; background-clip: initial;\"><span style=\"font-family: Roboto; mso-fareast-font-family: Roboto; mso-bidi-font-family: Roboto;\">\u00a0<\/span><\/p><p style=\"margin-bottom: 0.0001pt; text-align: justify; line-height: normal; background-image: initial; background-position: initial; background-size: initial; background-repeat: initial; background-attachment: initial; background-origin: initial; background-clip: initial;\"><span style=\"font-family: Roboto; mso-fareast-font-family: Roboto; mso-bidi-font-family: Roboto;\">Nossos canais est\u00e3o sempre \u00e0 disposi\u00e7\u00e3o para ajudar voc\u00ea!<\/span><\/p>\t\t\t\t\t\t<\/div>\n\t\t\t\t<\/div>\n\t\t\t\t<\/div>\n\t\t<div class=\"elementor-element elementor-element-a23e275 e-con-full e-con\" data-id=\"a23e275\" data-element_type=\"container\" data-settings=\"{&quot;content_width&quot;:&quot;full&quot;}\">\n\t\t\t\t<\/div>\n\t\t\t\t\t<\/div>\n\t\t\t\t<\/div>\n\t\t\t\t\t\t\t<\/div>\n\t\t","protected":false},"excerpt":{"rendered":"<p>ONBOARD \u2013 NOVO SISTEMA DE BILHETAGEM ELETR\u00d4NICA O servi\u00e7o metropolitano agora conta com um novo sistema de bilhetagem eletr\u00f4nica, mais moderno, pr\u00e1tico e r\u00e1pido.O novo modelo permite o pagamento direto na catraca, com leitura por meio da carteira digital BiPay. Agora, voc\u00ea pode comprar e recarregar cr\u00e9ditos pelo aplicativo, aproveitar descontos especiais exclusivos no app [&hellip;]<\/p>\n","protected":false},"author":2,"featured_media":0,"parent":0,"menu_order":0,"comment_status":"closed","ping_status":"closed","template":"","meta":{"_joinchat":[],"footnotes":""},"class_list":["post-4721","page","type-page","status-publish","hentry"],"_links":{"self":[{"href":"https:\/\/cidadesol.com.br\/index.php\/wp-json\/wp\/v2\/pages\/4721","targetHints":{"allow":["GET"]}}],"collection":[{"href":"https:\/\/cidadesol.com.br\/index.php\/wp-json\/wp\/v2\/pages"}],"about":[{"href":"https:\/\/cidadesol.com.br\/index.php\/wp-json\/wp\/v2\/types\/page"}],"author":[{"embeddable":true,"href":"https:\/\/cidadesol.com.br\/index.php\/wp-json\/wp\/v2\/users\/2"}],"replies":[{"embeddable":true,"href":"https:\/\/cidadesol.com.br\/index.php\/wp-json\/wp\/v2\/comments?post=4721"}],"version-history":[{"count":10,"href":"https:\/\/cidadesol.com.br\/index.php\/wp-json\/wp\/v2\/pages\/4721\/revisions"}],"predecessor-version":[{"id":4756,"href":"https:\/\/cidadesol.com.br\/index.php\/wp-json\/wp\/v2\/pages\/4721\/revisions\/4756"}],"wp:attachment":[{"href":"https:\/\/cidadesol.com.br\/index.php\/wp-json\/wp\/v2\/media?parent=4721"}],"curies":[{"name":"wp","href":"https:\/\/api.w.org\/{rel}","templated":true}]}}