{"id":3843,"date":"2024-03-11T19:00:10","date_gmt":"2024-03-11T19:00:10","guid":{"rendered":"https:\/\/cidadesol.com.br\/?page_id=3843"},"modified":"2024-03-11T20:28:46","modified_gmt":"2024-03-11T20:28:46","slug":"regulamento-semana-do-consumidor","status":"publish","type":"page","link":"https:\/\/cidadesol.com.br\/index.php\/regulamento-semana-do-consumidor\/","title":{"rendered":"REGULAMENTO SEMANA DO CONSUMIDOR"},"content":{"rendered":"\t\t<div data-elementor-type=\"wp-page\" data-elementor-id=\"3843\" class=\"elementor elementor-3843\">\n\t\t\t\t\t\t\t<div class=\"elementor-element elementor-element-002a6af e-con-full e-con\" data-id=\"002a6af\" data-element_type=\"container\" data-settings=\"{&quot;content_width&quot;:&quot;full&quot;}\">\n\t\t\t\t<\/div>\n\t\t\t\t<section class=\"elementor-section elementor-top-section elementor-element elementor-element-e8d2339 elementor-section-boxed elementor-section-height-default elementor-section-height-default\" data-id=\"e8d2339\" data-element_type=\"section\" data-settings=\"{&quot;_ha_eqh_enable&quot;:false}\">\n\t\t\t\t\t\t<div class=\"elementor-container elementor-column-gap-default\">\n\t\t\t\t\t<div class=\"elementor-column elementor-col-100 elementor-top-column elementor-element elementor-element-ed904f4\" data-id=\"ed904f4\" data-element_type=\"column\">\n\t\t\t<div class=\"elementor-widget-wrap elementor-element-populated\">\n\t\t\t\t\t\t\t\t<div class=\"elementor-element elementor-element-fd34b6d elementor-widget elementor-widget-image\" data-id=\"fd34b6d\" data-element_type=\"widget\" data-widget_type=\"image.default\">\n\t\t\t\t<div class=\"elementor-widget-container\">\n\t\t\t<style>\/*! elementor - v3.8.1 - 13-11-2022 *\/\n.elementor-widget-image{text-align:center}.elementor-widget-image a{display:inline-block}.elementor-widget-image a img[src$=\".svg\"]{width:48px}.elementor-widget-image img{vertical-align:middle;display:inline-block}<\/style>\t\t\t\t\t\t\t\t\t\t\t\t<img decoding=\"async\" width=\"1920\" height=\"440\" src=\"https:\/\/cidadesol.com.br\/wp-content\/uploads\/2024\/03\/Semana-do-Consumidor-2024-CS-Site-ok-1.jpg\" class=\"attachment-full size-full\" alt=\"\" srcset=\"https:\/\/cidadesol.com.br\/wp-content\/uploads\/2024\/03\/Semana-do-Consumidor-2024-CS-Site-ok-1.jpg 1920w, https:\/\/cidadesol.com.br\/wp-content\/uploads\/2024\/03\/Semana-do-Consumidor-2024-CS-Site-ok-1-300x69.jpg 300w, https:\/\/cidadesol.com.br\/wp-content\/uploads\/2024\/03\/Semana-do-Consumidor-2024-CS-Site-ok-1-1024x235.jpg 1024w, https:\/\/cidadesol.com.br\/wp-content\/uploads\/2024\/03\/Semana-do-Consumidor-2024-CS-Site-ok-1-768x176.jpg 768w, https:\/\/cidadesol.com.br\/wp-content\/uploads\/2024\/03\/Semana-do-Consumidor-2024-CS-Site-ok-1-1536x352.jpg 1536w\" sizes=\"(max-width: 1920px) 100vw, 1920px\" \/>\t\t\t\t\t\t\t\t\t\t\t\t\t\t\t<\/div>\n\t\t\t\t<\/div>\n\t\t\t\t<section class=\"elementor-section elementor-inner-section elementor-element elementor-element-cd0a936 elementor-section-boxed elementor-section-height-default elementor-section-height-default\" data-id=\"cd0a936\" data-element_type=\"section\" data-settings=\"{&quot;_ha_eqh_enable&quot;:false}\">\n\t\t\t\t\t\t<div class=\"elementor-container elementor-column-gap-default\">\n\t\t\t\t\t<div class=\"elementor-column elementor-col-100 elementor-inner-column elementor-element elementor-element-856d0d4\" data-id=\"856d0d4\" data-element_type=\"column\">\n\t\t\t<div class=\"elementor-widget-wrap elementor-element-populated\">\n\t\t\t\t\t\t\t\t<div class=\"elementor-element elementor-element-d3950f7 elementor-widget elementor-widget-heading\" data-id=\"d3950f7\" data-element_type=\"widget\" data-widget_type=\"heading.default\">\n\t\t\t\t<div class=\"elementor-widget-container\">\n\t\t\t<style>\/*! elementor - v3.8.1 - 13-11-2022 *\/\n.elementor-heading-title{padding:0;margin:0;line-height:1}.elementor-widget-heading .elementor-heading-title[class*=elementor-size-]>a{color:inherit;font-size:inherit;line-height:inherit}.elementor-widget-heading .elementor-heading-title.elementor-size-small{font-size:15px}.elementor-widget-heading .elementor-heading-title.elementor-size-medium{font-size:19px}.elementor-widget-heading .elementor-heading-title.elementor-size-large{font-size:29px}.elementor-widget-heading .elementor-heading-title.elementor-size-xl{font-size:39px}.elementor-widget-heading .elementor-heading-title.elementor-size-xxl{font-size:59px}<\/style><h4 class=\"elementor-heading-title elementor-size-default\"><span style=\"font-size: 24px;\">REGULAMENTO SEMANA DO CONSUMIDOR<\/span><\/h4>\t\t<\/div>\n\t\t\t\t<\/div>\n\t\t\t\t<div class=\"elementor-element elementor-element-a55c3b0 elementor-widget elementor-widget-text-editor\" data-id=\"a55c3b0\" data-element_type=\"widget\" data-widget_type=\"text-editor.default\">\n\t\t\t\t<div class=\"elementor-widget-container\">\n\t\t\t<style>\/*! elementor - v3.8.1 - 13-11-2022 *\/\n.elementor-widget-text-editor.elementor-drop-cap-view-stacked .elementor-drop-cap{background-color:#818a91;color:#fff}.elementor-widget-text-editor.elementor-drop-cap-view-framed .elementor-drop-cap{color:#818a91;border:3px solid;background-color:transparent}.elementor-widget-text-editor:not(.elementor-drop-cap-view-default) .elementor-drop-cap{margin-top:8px}.elementor-widget-text-editor:not(.elementor-drop-cap-view-default) .elementor-drop-cap-letter{width:1em;height:1em}.elementor-widget-text-editor .elementor-drop-cap{float:left;text-align:center;line-height:1;font-size:50px}.elementor-widget-text-editor .elementor-drop-cap-letter{display:inline-block}<\/style>\t\t\t\t<p class=\"MsoNormal\" style=\"text-align: justify;\"><span style=\"font-size: 12.0pt; line-height: 107%;\">1.\u00a0\u00a0\u00a0\u00a0\u00a0\u00a0\u00a0\u00a0\u00a0\u00a0\u00a0\u00a0A campanha promocional <b>SEMANA DO CONSUMIDOR<\/b> da <b>CIDADE SOL<\/b> consiste na disponibiliza\u00e7\u00e3o de cupons de desconto por inser\u00e7\u00e3o de c\u00f3digo promocional pr\u00e9-estabelecido, em trechos e servi\u00e7os espec\u00edficos, dentro do per\u00edodo de validade estipulado. As condi\u00e7\u00f5es para elegibilidade encontram-se nos itens a seguir descritos;<\/span><\/p><p class=\"MsoNormal\" style=\"text-align: justify;\"><span style=\"font-size: 12.0pt; line-height: 107%;\">2.\u00a0\u00a0\u00a0\u00a0\u00a0\u00a0\u00a0\u00a0\u00a0\u00a0\u00a0\u00a0A campanha promocional <b>SEMANA DO CONSUMIDOR <\/b>da <b>CIDADE SOL<\/b> ser\u00e1 disponibilizado apenas para compras efetivadas no site https:\/\/www.cidadesol.com.br e pelo APP oficial da Cidade Sol dispon\u00edvel para android e iOS;<\/span><\/p><p class=\"MsoNormal\" style=\"text-align: justify; line-height: 103%; margin: 0cm .1pt .3pt 0cm;\"><span style=\"font-size: 12.0pt; line-height: 103%;\">3.\u00a0\u00a0\u00a0\u00a0\u00a0\u00a0\u00a0\u00a0\u00a0\u00a0\u00a0\u00a0Os cupons de descontos da campanha promocional <b>SEMANA DO CONSUMIDOR <\/b>ser\u00e3o aplicados apenas sobre as tarifas das passagens dos trechos promocionais. Portanto, n\u00e3o est\u00e3o inclusas nos descontos as tarifas de ped\u00e1gio, seguro facultativo e de utiliza\u00e7\u00e3o de terminais;<\/span>\u00a0<\/p><p class=\"MsoNormal\" style=\"text-align: justify; line-height: 103%; margin: 0cm .1pt .3pt 0cm;\">\u00a0<\/p><p class=\"MsoNormal\" style=\"text-align: justify;\"><span style=\"font-size: 12.0pt; line-height: 107%;\">4.\u00a0\u00a0\u00a0\u00a0\u00a0\u00a0\u00a0\u00a0\u00a0\u00a0\u00a0\u00a0Os cupons promocionais ser\u00e3o v\u00e1lidos\u00a0<b>SOMENTE<\/b>\u00a0para <b>compras de 11\/03\/2024 at\u00e9 15\/03\/2024<\/b> nas linhas e trajetos designados no item 8, e ser\u00e3o aplicados no valor do bilhete de passagem adquirido e para embarque nos per\u00edodos designados no item 12. Para aplica\u00e7\u00e3o do desconto, o cliente dever\u00e1 inserir a denomina\u00e7\u00e3o do cupom correspondente\u00a0da<b> campanha SEMANA DO CONSUMIDOR <\/b>no campo espec\u00edfico no momento da compra. Em casos de mais\u00a0de uma passagem na mesma compra, o cupom deve ser inserido em todos os campos dispon\u00edveis;<\/span><\/p><p class=\"MsoNormal\" style=\"text-align: justify;\"><span style=\"font-size: 12.0pt; line-height: 107%;\">5.\u00a0\u00a0\u00a0\u00a0\u00a0\u00a0\u00a0\u00a0\u00a0\u00a0\u00a0\u00a0Para remarca\u00e7\u00e3o, o cliente fica desde j\u00e1 ciente de que, em sendo o valor menor do que a compra origin\u00e1ria, em raz\u00e3o da compra adquirida ter sido em valor promocional, n\u00e3o ser\u00e1 eleg\u00edvel ao reembolso da diferen\u00e7a. J\u00e1 se o valor da remarca\u00e7\u00e3o for superior ao valor originariamente pago, dever\u00e1 observar o valor da tarifa vigente para a nova data desejada, efetuando o pagamento da diferen\u00e7a de valor, inclusive de ped\u00e1gio, seguro facultativo e de utiliza\u00e7\u00e3o de terminais, quando houver;<\/span><\/p><p class=\"MsoNormal\" style=\"text-align: justify;\"><span style=\"font-size: 12.0pt; line-height: 107%;\">\u00a0\u00a0\u00a0\u00a0\u00a0\u00a0\u00a0\u00a0\u00a0\u00a0\u00a0 5.1 A remarca\u00e7\u00e3o de viagens adquiridas na campanha promocional<b> SEMANA DO CONSUMIDOR com disponibiliza\u00e7\u00e3o de cupons de descontos<\/b> no trecho interestadual, somente ser\u00e1 eleg\u00edvel para remarca\u00e7\u00e3o em outro trecho interestadual, enquanto a remarca\u00e7\u00e3o de viagem em trecho intermunicipal adquirida na vig\u00eancia da promo\u00e7\u00e3o, somente ser\u00e1 eleg\u00edvel para remarca\u00e7\u00e3o em outro trecho intermunicipal, desde que observada as 3 (tr\u00eas) horas de anteced\u00eancia prevista;<\/span><\/p><p class=\"MsoNormal\" style=\"text-align: justify;\"><span style=\"font-size: 12.0pt; line-height: 107%;\">6.\u00a0\u00a0\u00a0\u00a0\u00a0\u00a0\u00a0\u00a0\u00a0\u00a0\u00a0\u00a0Para cancelamento, o cliente dever\u00e1 solicitar em at\u00e9 3 (tr\u00eas) horas de anteced\u00eancia da viagem, sendo o valor a ser reembolsado o mesmo valor pago pelo cliente \u00e0 \u00e9poca da aquisi\u00e7\u00e3o da tarifa na campanha promocional <b>SEMANA DO CONSUMIDOR <\/b>observando as regras e condi\u00e7\u00f5es previstas para o reembolso. <\/span><\/p><p class=\"MsoNormal\" style=\"text-align: justify;\"><span style=\"font-size: 12.0pt; line-height: 107%;\">7.\u00a0\u00a0\u00a0\u00a0\u00a0\u00a0\u00a0\u00a0\u00a0\u00a0\u00a0\u00a0O bilhete de passagem adquirido no per\u00edodo promocional \u00e9 para uso pessoal e intransfer\u00edvel;\u00a0 <\/span><\/p><p class=\"MsoNormal\" style=\"text-align: justify; line-height: 102%; margin: 0cm .1pt 15.7pt 0cm;\"><span style=\"font-size: 12.0pt; line-height: 102%;\">8.\u00a0\u00a0\u00a0\u00a0\u00a0\u00a0\u00a0\u00a0\u00a0\u00a0\u00a0\u00a0<\/span>A<b> CAMPANHA PROMOCIONAL <\/b><b>SEMANA DO CONSUMIDOR <\/b>da <b>CIDADE SOL<\/b> \u00e9 v\u00e1lido <span style=\"background-image: initial; background-position: initial; background-size: initial; background-repeat: initial; background-attachment: initial; background-origin: initial; background-clip: initial;\">os seguintes trechos operados pela empresa <\/span><span style=\"font-size: 11.5pt; line-height: 102%; font-family: Roboto;\">nos sentidos de ida ou volta:<\/span><\/p><p class=\"MsoNormal\" style=\"text-align: justify; line-height: 102%; margin: 0cm .1pt 15.7pt 0cm;\"><u>\u00a0<\/u><\/p><p class=\"MsoNormal\" style=\"margin-bottom: .0001pt; line-height: normal; vertical-align: baseline;\"><span style=\"font-size: 12.0pt; mso-fareast-font-family: 'Times New Roman'; mso-bidi-font-family: Calibri; mso-bidi-theme-font: minor-latin; color: white; mso-themecolor: background1; background: darkblue; mso-highlight: darkblue; mso-fareast-language: PT-BR;\">CUPOM <b>CONSUMIDOR50:<\/b><\/span><\/p><p class=\"MsoNoSpacing\"><span style=\"font-size: 12.0pt;\">\u2022 Ilh\u00e9us X Jequi\u00e9<\/span><\/p><p class=\"MsoNoSpacing\"><span style=\"font-size: 12.0pt;\">\u2022\u00a0Itabuna X Jequi\u00e9<\/span><\/p><p class=\"MsoNoSpacing\"><span style=\"font-size: 12.0pt;\">\u2022\u00a0Salvador X Alagoinhas<\/span><\/p><p class=\"MsoNoSpacing\"><span style=\"font-size: 12.0pt;\">\u2022\u00a0Salvador X Feira de Santana<\/span><\/p><p class=\"MsoNoSpacing\"><span style=\"font-size: 12.0pt;\">\u2022\u00a0Salvador X Irec\u00ea<\/span><\/p><p class=\"MsoNoSpacing\"><span style=\"font-size: 12.0pt;\">\u2022\u00a0Salvador X Xique-Xique<\/span><\/p><p class=\"MsoNoSpacing\"><span style=\"font-size: 12.0pt;\">\u2022\u00a0Salvador X Itaberaba<\/span><\/p><p class=\"MsoNoSpacing\"><span style=\"font-size: 12.0pt;\">\u2022\u00a0Salvador X Ruy Barbosa<\/span><\/p><p class=\"MsoNoSpacing\"><span style=\"font-size: 12.0pt;\">\u2022\u00a0Salvador X Barra do Rio Grande<\/span><\/p><p class=\"MsoNoSpacing\"><span style=\"font-size: 12.0pt;\">\u2022\u00a0Salvador X Central<\/span><\/p><p class=\"MsoNoSpacing\"><span style=\"font-size: 12.0pt;\">\u2022\u00a0Salvador X Morro do Chap\u00e9u<\/span><\/p><p class=\"MsoNoSpacing\"><span style=\"font-size: 12.0pt;\">\u2022\u00a0Salvador X Ubat\u00e3<\/span><\/p><p class=\"MsoNoSpacing\"><span style=\"font-size: 12.0pt;\">\u2022\u00a0Salvador X Ipia\u00fa<\/span><\/p><p class=\"MsoNoSpacing\"><span style=\"font-size: 12.0pt;\">\u2022\u00a0Salvador X Po\u00e7\u00f5es<\/span><\/p><p class=\"MsoNoSpacing\"><span style=\"font-size: 12.0pt;\">\u2022\u00a0Feira de Santana X Irec\u00ea<\/span><\/p><p class=\"MsoNoSpacing\"><span style=\"font-size: 12.0pt;\">\u2022\u00a0Feira de Santana X Xique-Xique<\/span><\/p><p class=\"MsoNoSpacing\"><span style=\"font-size: 12.0pt;\">\u2022\u00a0Feira de Santana X Itaberaba<\/span><\/p><p class=\"MsoNoSpacing\"><span style=\"font-size: 12.0pt;\">\u2022\u00a0Feira de Santana X Ruy Barbosa<\/span><\/p><p class=\"MsoNoSpacing\"><span style=\"font-size: 12.0pt;\">\u2022\u00a0Feira de Santana X Barra do Rio Grande<\/span><\/p><p class=\"MsoNoSpacing\"><span style=\"font-size: 12.0pt;\">\u2022\u00a0Feira de Santana X Central<\/span><\/p><p class=\"MsoNoSpacing\"><span style=\"font-size: 12.0pt;\">\u2022\u00a0Feira de Santana X Morro do Chap\u00e9u<\/span><\/p><p class=\"MsoNoSpacing\"><span style=\"font-size: 12.0pt;\">\u2022\u00a0Itacar\u00e9 X Bom Despacho<\/span><\/p><p class=\"MsoNoSpacing\"><span style=\"font-size: 12.0pt;\">\u2022\u00a0Itacar\u00e9 X Feira de Santana<\/span><\/p><p class=\"MsoNoSpacing\"><span style=\"font-size: 12.0pt;\">\u2022\u00a0Jequi\u00e9 X Vit\u00f3ria da Conquista<\/span><\/p><p class=\"MsoNoSpacing\"><span style=\"font-size: 12.0pt;\">\u2022\u00a0Jequi\u00e9 X Canavieiras<\/span><\/p><p class=\"MsoNoSpacing\"><span style=\"font-size: 12.0pt;\">\u2022\u00a0Aracaju X Irec\u00ea<\/span><\/p><p class=\"MsoNoSpacing\"><span style=\"font-size: 12.0pt;\">\u2022\u00a0Aracaju X Morro do Chap\u00e9u<\/span><\/p><p class=\"MsoNoSpacing\"><span style=\"font-size: 12.0pt;\">\u2022\u00a0Bom Despacho X Itacar\u00e9<\/span><\/p><p class=\"MsoNoSpacing\"><span style=\"font-size: 12.0pt;\">\u2022\u00a0Bom Despacho X Camamu<\/span><\/p><p class=\"MsoNoSpacing\"><span style=\"font-size: 12.0pt;\">\u2022\u00a0Bom Despacho X Valen\u00e7a<\/span><\/p><p class=\"MsoNoSpacing\"><span style=\"font-size: 12.0pt;\">\u2022\u00a0Bom Despacho X Jequi\u00e9<\/span><\/p><p class=\"MsoNoSpacing\"><span style=\"font-size: 12.0pt;\">\u2022\u00a0Bom Despacho X Vit\u00f3ria da Conquista<\/span><\/p><p class=\"MsoNormal\" style=\"margin-bottom: .0001pt; line-height: normal; vertical-align: baseline;\"><span style=\"font-size: 12pt;\">\u00a0<\/span><\/p><p class=\"MsoNormal\" style=\"margin-bottom: .0001pt; line-height: normal; vertical-align: baseline;\"><span style=\"font-size: 12.0pt; mso-fareast-font-family: 'Times New Roman'; mso-bidi-font-family: Calibri; mso-bidi-theme-font: minor-latin; color: white; mso-themecolor: background1; background: darkblue; mso-highlight: darkblue; mso-fareast-language: PT-BR;\">CUPOM <b>CONSUMIDOR30:<\/b><\/span><\/p><p class=\"MsoNormal\" style=\"margin-bottom: .0001pt; line-height: normal; vertical-align: baseline;\"><span style=\"font-size: 12pt;\">\u2022 Todos os trechos operados pela Cidade Sol.\u00a0 <\/span><\/p><p class=\"MsoNormal\" style=\"margin-bottom: .0001pt; line-height: normal; vertical-align: baseline;\"><span style=\"font-size: 11.5pt; font-family: Roboto;\">\u00a0<\/span><\/p><p class=\"MsoNormal\" style=\"text-align: justify;\"><span style=\"font-size: 12.0pt; line-height: 107%;\">9.\u00a0\u00a0\u00a0\u00a0\u00a0\u00a0\u00a0\u00a0\u00a0\u00a0\u00a0\u00a0Promo\u00e7\u00e3o v\u00e1lida para todos os servi\u00e7os,\u00a0<b>EXCETO<\/b>\u00a0para o servi\u00e7o\u00a0<b>LEITO;<\/b><\/span><\/p><p class=\"MsoNormal\" style=\"text-align: justify;\"><span style=\"font-size: 12.0pt; line-height: 107%;\">10.\u00a0\u00a0\u00a0\u00a0\u00a0\u00a0\u00a0\u00a0\u00a0A mera participa\u00e7\u00e3o nesta promo\u00e7\u00e3o caracteriza a aceita\u00e7\u00e3o dos termos e condi\u00e7\u00f5es previstos neste regulamento;<\/span><\/p><p class=\"MsoNormal\" style=\"text-align: justify;\"><span style=\"font-size: 12.0pt; line-height: 107%;\">11.\u00a0\u00a0\u00a0\u00a0\u00a0\u00a0\u00a0\u00a0\u00a0Cupons de ofertas v\u00e1lidos para\u00a0<b>compras de 11\/03\/2024 at\u00e9 15\/03\/2024<\/b>;<\/span><\/p><p class=\"MsoNormal\" style=\"text-align: justify;\"><span style=\"font-size: 12.0pt; line-height: 107%;\">12.\u00a0\u00a0\u00a0\u00a0\u00a0\u00a0\u00a0\u00a0\u00a0<b>Embarques estabelecidos entre 18\/03 e 30\/06\/2024<\/b>;<\/span><\/p><p class=\"MsoNormal\" style=\"text-align: justify;\"><span style=\"font-size: 12.0pt; line-height: 107%;\">13.\u00a0\u00a0\u00a0\u00a0\u00a0\u00a0\u00a0\u00a0\u00a0Promo\u00e7\u00e3o n\u00e3o cumulativa;<\/span><\/p><p class=\"MsoNormal\" style=\"text-align: justify;\"><span style=\"font-size: 12.0pt; line-height: 107%;\">14.\u00a0\u00a0\u00a0\u00a0\u00a0\u00a0\u00a0\u00a0\u00a0A empresa se reserva ao direito de interrup\u00e7\u00e3o desta campanha promocional<b> <\/b><b>SEMANA DO CONSUMIDOR com disponibiliza\u00e7\u00e3o de cupons de descontos<\/b> a qualquer momento sem aviso pr\u00e9vio.<\/span><\/p><p class=\"MsoNormal\" style=\"text-align: justify;\"><span style=\"font-size: 12.0pt; line-height: 107%;\">\u00a0Para mais informa\u00e7\u00f5es, entre e contato com o nosso\u00a0<b>SAC: 0800 075 0010<\/b>.<\/span><\/p><p>\u00a0<\/p><p class=\"MsoNormal\" style=\"text-align: justify;\"><b><span style=\"font-size: 12.0pt; line-height: 107%;\">\u00a0Cidade Sol, iluminando caminhos.<\/span><\/b><\/p>\t\t\t\t\t\t<\/div>\n\t\t\t\t<\/div>\n\t\t\t\t<div class=\"elementor-element elementor-element-133cabc elementor-widget elementor-widget-text-editor\" data-id=\"133cabc\" data-element_type=\"widget\" data-widget_type=\"text-editor.default\">\n\t\t\t\t<div class=\"elementor-widget-container\">\n\t\t\t\t\t\t\t<p><span style=\"color: var( --e-global-color-text ); font-family: var( --e-global-typography-text-font-family ), Sans-serif; font-weight: var( --e-global-typography-text-font-weight ); font-size: 1rem;\">Para mais informa\u00e7\u00f5es, entre e contato com o nosso<\/span><strong style=\"color: var( --e-global-color-text ); font-family: var( --e-global-typography-text-font-family ), Sans-serif; font-size: 1rem;\"> SAC: 0800 075 0010<\/strong><\/p><p><b>Cidade Sol, iluminando o caminho.<\/b><br \/><br \/><\/p>\t\t\t\t\t\t<\/div>\n\t\t\t\t<\/div>\n\t\t\t\t<div class=\"elementor-element elementor-element-7455b53 elementor-widget elementor-widget-spacer\" data-id=\"7455b53\" data-element_type=\"widget\" data-widget_type=\"spacer.default\">\n\t\t\t\t<div class=\"elementor-widget-container\">\n\t\t\t<style>\/*! elementor - v3.8.1 - 13-11-2022 *\/\n.elementor-column .elementor-spacer-inner{height:var(--spacer-size)}.e-con{--container-widget-width:100%}.e-con-inner>.elementor-widget-spacer,.e-con>.elementor-widget-spacer{width:var(--container-widget-width,var(--spacer-size));-ms-flex-item-align:stretch;align-self:stretch;-ms-flex-negative:0;flex-shrink:0}.e-con-inner>.elementor-widget-spacer>.elementor-widget-container,.e-con-inner>.elementor-widget-spacer>.elementor-widget-container>.elementor-spacer,.e-con>.elementor-widget-spacer>.elementor-widget-container,.e-con>.elementor-widget-spacer>.elementor-widget-container>.elementor-spacer{height:100%}.e-con-inner>.elementor-widget-spacer>.elementor-widget-container>.elementor-spacer>.elementor-spacer-inner,.e-con>.elementor-widget-spacer>.elementor-widget-container>.elementor-spacer>.elementor-spacer-inner{height:var(--container-widget-height,var(--spacer-size))}<\/style>\t\t<div class=\"elementor-spacer\">\n\t\t\t<div class=\"elementor-spacer-inner\"><\/div>\n\t\t<\/div>\n\t\t\t\t<\/div>\n\t\t\t\t<\/div>\n\t\t\t\t\t<\/div>\n\t\t<\/div>\n\t\t\t\t\t\t\t<\/div>\n\t\t<\/section>\n\t\t\t\t\t<\/div>\n\t\t<\/div>\n\t\t\t\t\t\t\t<\/div>\n\t\t<\/section>\n\t\t\t\t\t\t\t<\/div>\n\t\t","protected":false},"excerpt":{"rendered":"<p>REGULAMENTO SEMANA DO CONSUMIDOR 1.\u00a0\u00a0\u00a0\u00a0\u00a0\u00a0\u00a0\u00a0\u00a0\u00a0\u00a0\u00a0A campanha promocional SEMANA DO CONSUMIDOR da CIDADE SOL consiste na disponibiliza\u00e7\u00e3o de cupons de desconto por inser\u00e7\u00e3o de c\u00f3digo promocional pr\u00e9-estabelecido, em trechos e servi\u00e7os espec\u00edficos, dentro do per\u00edodo de validade estipulado. As condi\u00e7\u00f5es para elegibilidade encontram-se nos itens a seguir descritos; 2.\u00a0\u00a0\u00a0\u00a0\u00a0\u00a0\u00a0\u00a0\u00a0\u00a0\u00a0\u00a0A campanha promocional SEMANA DO CONSUMIDOR da CIDADE [&hellip;]<\/p>\n","protected":false},"author":2,"featured_media":0,"parent":0,"menu_order":0,"comment_status":"closed","ping_status":"closed","template":"","meta":{"_joinchat":[],"footnotes":""},"class_list":["post-3843","page","type-page","status-publish","hentry"],"_links":{"self":[{"href":"https:\/\/cidadesol.com.br\/index.php\/wp-json\/wp\/v2\/pages\/3843","targetHints":{"allow":["GET"]}}],"collection":[{"href":"https:\/\/cidadesol.com.br\/index.php\/wp-json\/wp\/v2\/pages"}],"about":[{"href":"https:\/\/cidadesol.com.br\/index.php\/wp-json\/wp\/v2\/types\/page"}],"author":[{"embeddable":true,"href":"https:\/\/cidadesol.com.br\/index.php\/wp-json\/wp\/v2\/users\/2"}],"replies":[{"embeddable":true,"href":"https:\/\/cidadesol.com.br\/index.php\/wp-json\/wp\/v2\/comments?post=3843"}],"version-history":[{"count":8,"href":"https:\/\/cidadesol.com.br\/index.php\/wp-json\/wp\/v2\/pages\/3843\/revisions"}],"predecessor-version":[{"id":3856,"href":"https:\/\/cidadesol.com.br\/index.php\/wp-json\/wp\/v2\/pages\/3843\/revisions\/3856"}],"wp:attachment":[{"href":"https:\/\/cidadesol.com.br\/index.php\/wp-json\/wp\/v2\/media?parent=3843"}],"curies":[{"name":"wp","href":"https:\/\/api.w.org\/{rel}","templated":true}]}}