{"id":3741,"date":"2024-01-04T22:57:01","date_gmt":"2024-01-04T22:57:01","guid":{"rendered":"https:\/\/cidadesol.com.br\/?page_id=3741"},"modified":"2024-01-04T22:59:33","modified_gmt":"2024-01-04T22:59:33","slug":"novas-operacoes","status":"publish","type":"page","link":"https:\/\/cidadesol.com.br\/index.php\/novas-operacoes\/","title":{"rendered":"Novas Opera\u00e7\u00f5es"},"content":{"rendered":"\t\t<div data-elementor-type=\"wp-page\" data-elementor-id=\"3741\" class=\"elementor elementor-3741\">\n\t\t\t\t\t\t\t<div class=\"elementor-element elementor-element-002a6af e-con-full e-con\" data-id=\"002a6af\" data-element_type=\"container\" data-settings=\"{&quot;content_width&quot;:&quot;full&quot;}\">\n\t\t\t\t<\/div>\n\t\t\t\t<section class=\"elementor-section elementor-top-section elementor-element elementor-element-e8d2339 elementor-section-boxed elementor-section-height-default elementor-section-height-default\" data-id=\"e8d2339\" data-element_type=\"section\" data-settings=\"{&quot;_ha_eqh_enable&quot;:false}\">\n\t\t\t\t\t\t<div class=\"elementor-container elementor-column-gap-default\">\n\t\t\t\t\t<div class=\"elementor-column elementor-col-100 elementor-top-column elementor-element elementor-element-ed904f4\" data-id=\"ed904f4\" data-element_type=\"column\">\n\t\t\t<div class=\"elementor-widget-wrap elementor-element-populated\">\n\t\t\t\t\t\t\t\t<div class=\"elementor-element elementor-element-fd34b6d elementor-widget elementor-widget-image\" data-id=\"fd34b6d\" data-element_type=\"widget\" data-widget_type=\"image.default\">\n\t\t\t\t<div class=\"elementor-widget-container\">\n\t\t\t<style>\/*! elementor - v3.8.1 - 13-11-2022 *\/\n.elementor-widget-image{text-align:center}.elementor-widget-image a{display:inline-block}.elementor-widget-image a img[src$=\".svg\"]{width:48px}.elementor-widget-image img{vertical-align:middle;display:inline-block}<\/style>\t\t\t\t\t\t\t\t\t\t\t\t<img decoding=\"async\" width=\"1920\" height=\"581\" src=\"https:\/\/cidadesol.com.br\/wp-content\/uploads\/2024\/01\/topo-cidade.jpg\" class=\"attachment-full size-full\" alt=\"\" srcset=\"https:\/\/cidadesol.com.br\/wp-content\/uploads\/2024\/01\/topo-cidade.jpg 1920w, https:\/\/cidadesol.com.br\/wp-content\/uploads\/2024\/01\/topo-cidade-300x91.jpg 300w, https:\/\/cidadesol.com.br\/wp-content\/uploads\/2024\/01\/topo-cidade-1024x310.jpg 1024w, https:\/\/cidadesol.com.br\/wp-content\/uploads\/2024\/01\/topo-cidade-768x232.jpg 768w, https:\/\/cidadesol.com.br\/wp-content\/uploads\/2024\/01\/topo-cidade-1536x465.jpg 1536w\" sizes=\"(max-width: 1920px) 100vw, 1920px\" \/>\t\t\t\t\t\t\t\t\t\t\t\t\t\t\t<\/div>\n\t\t\t\t<\/div>\n\t\t\t\t<section class=\"elementor-section elementor-inner-section elementor-element elementor-element-cd0a936 elementor-section-boxed elementor-section-height-default elementor-section-height-default\" data-id=\"cd0a936\" data-element_type=\"section\" data-settings=\"{&quot;_ha_eqh_enable&quot;:false}\">\n\t\t\t\t\t\t<div class=\"elementor-container elementor-column-gap-default\">\n\t\t\t\t\t<div class=\"elementor-column elementor-col-100 elementor-inner-column elementor-element elementor-element-856d0d4\" data-id=\"856d0d4\" data-element_type=\"column\">\n\t\t\t<div class=\"elementor-widget-wrap elementor-element-populated\">\n\t\t\t\t\t\t\t\t<div class=\"elementor-element elementor-element-d3950f7 elementor-widget elementor-widget-heading\" data-id=\"d3950f7\" data-element_type=\"widget\" data-widget_type=\"heading.default\">\n\t\t\t\t<div class=\"elementor-widget-container\">\n\t\t\t<style>\/*! elementor - v3.8.1 - 13-11-2022 *\/\n.elementor-heading-title{padding:0;margin:0;line-height:1}.elementor-widget-heading .elementor-heading-title[class*=elementor-size-]>a{color:inherit;font-size:inherit;line-height:inherit}.elementor-widget-heading .elementor-heading-title.elementor-size-small{font-size:15px}.elementor-widget-heading .elementor-heading-title.elementor-size-medium{font-size:19px}.elementor-widget-heading .elementor-heading-title.elementor-size-large{font-size:29px}.elementor-widget-heading .elementor-heading-title.elementor-size-xl{font-size:39px}.elementor-widget-heading .elementor-heading-title.elementor-size-xxl{font-size:59px}<\/style><h4 class=\"elementor-heading-title elementor-size-default\">NOVAS OPERA\u00c7\u00d5ES DA CIDADE SOL<\/h4>\t\t<\/div>\n\t\t\t\t<\/div>\n\t\t\t\t<div class=\"elementor-element elementor-element-a55c3b0 elementor-widget elementor-widget-text-editor\" data-id=\"a55c3b0\" data-element_type=\"widget\" data-widget_type=\"text-editor.default\">\n\t\t\t\t<div class=\"elementor-widget-container\">\n\t\t\t<style>\/*! elementor - v3.8.1 - 13-11-2022 *\/\n.elementor-widget-text-editor.elementor-drop-cap-view-stacked .elementor-drop-cap{background-color:#818a91;color:#fff}.elementor-widget-text-editor.elementor-drop-cap-view-framed .elementor-drop-cap{color:#818a91;border:3px solid;background-color:transparent}.elementor-widget-text-editor:not(.elementor-drop-cap-view-default) .elementor-drop-cap{margin-top:8px}.elementor-widget-text-editor:not(.elementor-drop-cap-view-default) .elementor-drop-cap-letter{width:1em;height:1em}.elementor-widget-text-editor .elementor-drop-cap{float:left;text-align:center;line-height:1;font-size:50px}.elementor-widget-text-editor .elementor-drop-cap-letter{display:inline-block}<\/style>\t\t\t\t<p>\u00c9 com grande entusiasmo que anunciamos uma novidade extraordin\u00e1ria para o in\u00edcio deste novo ano! Desde o \u00faltimo dia 1\u00ba de janeiro de 2024, a Cidade Sol passou a operar parte das linhas anteriormente gerenciadas pela Auto Via\u00e7\u00e3o Camurujipe, permitindo \u00e0 nossa empresa expandir suas opera\u00e7\u00f5es da capital do estado para mais cidades no interior da Bahia.<\/p>\n<p>Estamos convictos de que essa transi\u00e7\u00e3o n\u00e3o apenas consolidar\u00e1 nossas opera\u00e7\u00f5es no transporte intermunicipal, mas tamb\u00e9m elevar\u00e1 a qualidade do servi\u00e7o oferecido aos nossos clientes, fortalecendo ainda mais a marca e o compromisso da Cidade Sol com a excel\u00eancia.<\/p>\n<p>Nos pr\u00f3ximos dias, receberemos em nossa frota novos ve\u00edculos da carroceria Marcopolo, modelo Paradiso G8, equipados com motor Mercedes-Benz, oferecendo o servi\u00e7o Semileito. Esses ve\u00edculos s\u00e3o configurados com tecnologia de \u00faltima gera\u00e7\u00e3o e apresentam a identidade visual da Cidade Sol, visando proporcionar aos passageiros uma experi\u00eancia de viagem com mais conforto, modernidade e, acima de tudo, seguran\u00e7a.<\/p>\n<p>Os bilhetes para todas as linhas j\u00e1 est\u00e3o dispon\u00edveis para compra. Voc\u00ea pode consultar os hor\u00e1rios, servi\u00e7os e valores tanto em nosso site oficial, www.cidadesol.com.br, como no nosso aplicativo. Al\u00e9m disso, tamb\u00e9m est\u00e3o dispon\u00edveis nas ag\u00eancias f\u00edsicas j\u00e1 cadastradas nas cidades onde atuamos, oferecendo transporte de passageiros e encomendas.<\/p>\n<p><\/p>\n<p><b>Confira as novas linhas que agora fazem parte da nossa opera\u00e7\u00e3o:<\/b><\/p>\n<p>\u2981 Salvador x Jaguaquara &#8211; via BR-101<\/p>\n<p>\u2981 Salvador x Jequi\u00e9 &#8211; via Jaguaquara<\/p>\n<p>\u2981 Salvador x Marac\u00e1s &#8211; via Planaltino<\/p>\n<p>\u2981 Salvador x Aiquara &#8211; via Algod\u00e3o<\/p>\n<p>\u2981 Salvador x Jaguaquara &#8211; via BR-116<\/p>\n<p>\u2981 Jequi\u00e9 x Valen\u00e7a &#8211; via Jaguaquara<\/p>\n<p>\u2981 Salvador x Brej\u00f5es &#8211; via BR-116<\/p>\n<p>\u2981 Salvador x Marac\u00e1s &#8211; via Itiru\u00e7u<\/p>\n<p>\u2981 Salvador x Contendas do Sincor\u00e1 &#8211; via Marac\u00e1s \/ Itiru\u00e7u<\/p>\n<p>\u2981 Salvador x Ubat\u00e3 &#8211; via Ibirataia<\/p>\n<p>\u2981 Bom Despacho x Vit\u00f3ria da Conquista &#8211; via Jaguaquara<\/p>\n<p>\u2981 Bom Despacho x Jequi\u00e9 &#8211; via BA-001 \/ Ubat\u00e3<\/p>\n<p>\u2981 Jequi\u00e9 x Jaguaquara<\/p>\n<p>\u2981 Vit\u00f3ria da Conquista x Marac\u00e1s &#8211; via Itiru\u00e7u<\/p>\n<p>\u2981 Jequi\u00e9 x Marac\u00e1s &#8211; via Itiru\u00e7u<\/p>\n<p>\u2981 Vit\u00f3ria da Conquista x Marac\u00e1s &#8211; via BR-116 \/ BR-330<\/p>\n<p><\/p>\n<p>Estamos animados com esta nova etapa e convidamos voc\u00ea a aproveitar ainda mais os nossos servi\u00e7os com toda a comodidade, seguran\u00e7a e qualidade que a Cidade Sol se dedica a oferecer.<\/p>\n<p><\/p>\n<p>Agradecemos pela confian\u00e7a e esperamos por voc\u00ea em nossos novos trajetos!<br><b style=\"font-family: var( --e-global-typography-text-font-family ), Sans-serif; font-size: 1rem;\">Para mais informa\u00e7\u00f5es entre em contato com o nosso SAC atrav\u00e9s do 0800 075 0010.<\/b><\/p>\n<div>&nbsp;<\/div>\t\t\t\t\t\t<\/div>\n\t\t\t\t<\/div>\n\t\t\t\t<div class=\"elementor-element elementor-element-133cabc elementor-widget elementor-widget-text-editor\" data-id=\"133cabc\" data-element_type=\"widget\" data-widget_type=\"text-editor.default\">\n\t\t\t\t<div class=\"elementor-widget-container\">\n\t\t\t\t\t\t\t\t\t\t\t\t\t<\/div>\n\t\t\t\t<\/div>\n\t\t\t\t<div class=\"elementor-element elementor-element-7455b53 elementor-widget elementor-widget-spacer\" data-id=\"7455b53\" data-element_type=\"widget\" data-widget_type=\"spacer.default\">\n\t\t\t\t<div class=\"elementor-widget-container\">\n\t\t\t<style>\/*! elementor - v3.8.1 - 13-11-2022 *\/\n.elementor-column .elementor-spacer-inner{height:var(--spacer-size)}.e-con{--container-widget-width:100%}.e-con-inner>.elementor-widget-spacer,.e-con>.elementor-widget-spacer{width:var(--container-widget-width,var(--spacer-size));-ms-flex-item-align:stretch;align-self:stretch;-ms-flex-negative:0;flex-shrink:0}.e-con-inner>.elementor-widget-spacer>.elementor-widget-container,.e-con-inner>.elementor-widget-spacer>.elementor-widget-container>.elementor-spacer,.e-con>.elementor-widget-spacer>.elementor-widget-container,.e-con>.elementor-widget-spacer>.elementor-widget-container>.elementor-spacer{height:100%}.e-con-inner>.elementor-widget-spacer>.elementor-widget-container>.elementor-spacer>.elementor-spacer-inner,.e-con>.elementor-widget-spacer>.elementor-widget-container>.elementor-spacer>.elementor-spacer-inner{height:var(--container-widget-height,var(--spacer-size))}<\/style>\t\t<div class=\"elementor-spacer\">\n\t\t\t<div class=\"elementor-spacer-inner\"><\/div>\n\t\t<\/div>\n\t\t\t\t<\/div>\n\t\t\t\t<\/div>\n\t\t\t\t\t<\/div>\n\t\t<\/div>\n\t\t\t\t\t\t\t<\/div>\n\t\t<\/section>\n\t\t\t\t\t<\/div>\n\t\t<\/div>\n\t\t\t\t\t\t\t<\/div>\n\t\t<\/section>\n\t\t\t\t\t\t\t<\/div>\n\t\t","protected":false},"excerpt":{"rendered":"<p>NOVAS OPERA\u00c7\u00d5ES DA CIDADE SOL \u00c9 com grande entusiasmo que anunciamos uma novidade extraordin\u00e1ria para o in\u00edcio deste novo ano! Desde o \u00faltimo dia 1\u00ba de janeiro de 2024, a Cidade Sol passou a operar parte das linhas anteriormente gerenciadas pela Auto Via\u00e7\u00e3o Camurujipe, permitindo \u00e0 nossa empresa expandir suas opera\u00e7\u00f5es da capital do estado [&hellip;]<\/p>\n","protected":false},"author":2,"featured_media":0,"parent":0,"menu_order":0,"comment_status":"closed","ping_status":"closed","template":"","meta":{"_joinchat":[],"footnotes":""},"class_list":["post-3741","page","type-page","status-publish","hentry"],"_links":{"self":[{"href":"https:\/\/cidadesol.com.br\/index.php\/wp-json\/wp\/v2\/pages\/3741","targetHints":{"allow":["GET"]}}],"collection":[{"href":"https:\/\/cidadesol.com.br\/index.php\/wp-json\/wp\/v2\/pages"}],"about":[{"href":"https:\/\/cidadesol.com.br\/index.php\/wp-json\/wp\/v2\/types\/page"}],"author":[{"embeddable":true,"href":"https:\/\/cidadesol.com.br\/index.php\/wp-json\/wp\/v2\/users\/2"}],"replies":[{"embeddable":true,"href":"https:\/\/cidadesol.com.br\/index.php\/wp-json\/wp\/v2\/comments?post=3741"}],"version-history":[{"count":7,"href":"https:\/\/cidadesol.com.br\/index.php\/wp-json\/wp\/v2\/pages\/3741\/revisions"}],"predecessor-version":[{"id":3749,"href":"https:\/\/cidadesol.com.br\/index.php\/wp-json\/wp\/v2\/pages\/3741\/revisions\/3749"}],"wp:attachment":[{"href":"https:\/\/cidadesol.com.br\/index.php\/wp-json\/wp\/v2\/media?parent=3741"}],"curies":[{"name":"wp","href":"https:\/\/api.w.org\/{rel}","templated":true}]}}