{"id":3708,"date":"2023-11-20T20:33:41","date_gmt":"2023-11-20T20:33:41","guid":{"rendered":"https:\/\/cidadesol.com.br\/?page_id=3708"},"modified":"2023-11-20T20:36:31","modified_gmt":"2023-11-20T20:36:31","slug":"regulamento-black-friday","status":"publish","type":"page","link":"https:\/\/cidadesol.com.br\/index.php\/regulamento-black-friday\/","title":{"rendered":"Regulamento &#8211;  Black Friday"},"content":{"rendered":"\t\t<div data-elementor-type=\"wp-page\" data-elementor-id=\"3708\" class=\"elementor elementor-3708\">\n\t\t\t\t\t\t\t<div class=\"elementor-element elementor-element-002a6af e-con-full e-con\" data-id=\"002a6af\" data-element_type=\"container\" data-settings=\"{&quot;content_width&quot;:&quot;full&quot;}\">\n\t\t\t\t<\/div>\n\t\t\t\t<section class=\"elementor-section elementor-top-section elementor-element elementor-element-e8d2339 elementor-section-boxed elementor-section-height-default elementor-section-height-default\" data-id=\"e8d2339\" data-element_type=\"section\" data-settings=\"{&quot;_ha_eqh_enable&quot;:false}\">\n\t\t\t\t\t\t<div class=\"elementor-container elementor-column-gap-default\">\n\t\t\t\t\t<div class=\"elementor-column elementor-col-100 elementor-top-column elementor-element elementor-element-ed904f4\" data-id=\"ed904f4\" data-element_type=\"column\">\n\t\t\t<div class=\"elementor-widget-wrap elementor-element-populated\">\n\t\t\t\t\t\t\t\t<div class=\"elementor-element elementor-element-fd34b6d elementor-widget elementor-widget-image\" data-id=\"fd34b6d\" data-element_type=\"widget\" data-widget_type=\"image.default\">\n\t\t\t\t<div class=\"elementor-widget-container\">\n\t\t\t<style>\/*! elementor - v3.8.1 - 13-11-2022 *\/\n.elementor-widget-image{text-align:center}.elementor-widget-image a{display:inline-block}.elementor-widget-image a img[src$=\".svg\"]{width:48px}.elementor-widget-image img{vertical-align:middle;display:inline-block}<\/style>\t\t\t\t\t\t\t\t\t\t\t\t<img decoding=\"async\" width=\"1920\" height=\"440\" src=\"https:\/\/cidadesol.com.br\/wp-content\/uploads\/2023\/11\/Black-Friday-CS-Siteok.jpg\" class=\"attachment-full size-full\" alt=\"\" srcset=\"https:\/\/cidadesol.com.br\/wp-content\/uploads\/2023\/11\/Black-Friday-CS-Siteok.jpg 1920w, https:\/\/cidadesol.com.br\/wp-content\/uploads\/2023\/11\/Black-Friday-CS-Siteok-300x69.jpg 300w, https:\/\/cidadesol.com.br\/wp-content\/uploads\/2023\/11\/Black-Friday-CS-Siteok-1024x235.jpg 1024w, https:\/\/cidadesol.com.br\/wp-content\/uploads\/2023\/11\/Black-Friday-CS-Siteok-768x176.jpg 768w, https:\/\/cidadesol.com.br\/wp-content\/uploads\/2023\/11\/Black-Friday-CS-Siteok-1536x352.jpg 1536w\" sizes=\"(max-width: 1920px) 100vw, 1920px\" \/>\t\t\t\t\t\t\t\t\t\t\t\t\t\t\t<\/div>\n\t\t\t\t<\/div>\n\t\t\t\t<section class=\"elementor-section elementor-inner-section elementor-element elementor-element-cd0a936 elementor-section-boxed elementor-section-height-default elementor-section-height-default\" data-id=\"cd0a936\" data-element_type=\"section\" data-settings=\"{&quot;_ha_eqh_enable&quot;:false}\">\n\t\t\t\t\t\t<div class=\"elementor-container elementor-column-gap-default\">\n\t\t\t\t\t<div class=\"elementor-column elementor-col-100 elementor-inner-column elementor-element elementor-element-856d0d4\" data-id=\"856d0d4\" data-element_type=\"column\">\n\t\t\t<div class=\"elementor-widget-wrap elementor-element-populated\">\n\t\t\t\t\t\t\t\t<div class=\"elementor-element elementor-element-d3950f7 elementor-widget elementor-widget-heading\" data-id=\"d3950f7\" data-element_type=\"widget\" data-widget_type=\"heading.default\">\n\t\t\t\t<div class=\"elementor-widget-container\">\n\t\t\t<style>\/*! elementor - v3.8.1 - 13-11-2022 *\/\n.elementor-heading-title{padding:0;margin:0;line-height:1}.elementor-widget-heading .elementor-heading-title[class*=elementor-size-]>a{color:inherit;font-size:inherit;line-height:inherit}.elementor-widget-heading .elementor-heading-title.elementor-size-small{font-size:15px}.elementor-widget-heading .elementor-heading-title.elementor-size-medium{font-size:19px}.elementor-widget-heading .elementor-heading-title.elementor-size-large{font-size:29px}.elementor-widget-heading .elementor-heading-title.elementor-size-xl{font-size:39px}.elementor-widget-heading .elementor-heading-title.elementor-size-xxl{font-size:59px}<\/style><h4 class=\"elementor-heading-title elementor-size-default\">REGULAMENTO - CAMPANHA ANTECIPA BLACK FRIDAY<\/h4>\t\t<\/div>\n\t\t\t\t<\/div>\n\t\t\t\t<div class=\"elementor-element elementor-element-a55c3b0 elementor-widget elementor-widget-text-editor\" data-id=\"a55c3b0\" data-element_type=\"widget\" data-widget_type=\"text-editor.default\">\n\t\t\t\t<div class=\"elementor-widget-container\">\n\t\t\t<style>\/*! elementor - v3.8.1 - 13-11-2022 *\/\n.elementor-widget-text-editor.elementor-drop-cap-view-stacked .elementor-drop-cap{background-color:#818a91;color:#fff}.elementor-widget-text-editor.elementor-drop-cap-view-framed .elementor-drop-cap{color:#818a91;border:3px solid;background-color:transparent}.elementor-widget-text-editor:not(.elementor-drop-cap-view-default) .elementor-drop-cap{margin-top:8px}.elementor-widget-text-editor:not(.elementor-drop-cap-view-default) .elementor-drop-cap-letter{width:1em;height:1em}.elementor-widget-text-editor .elementor-drop-cap{float:left;text-align:center;line-height:1;font-size:50px}.elementor-widget-text-editor .elementor-drop-cap-letter{display:inline-block}<\/style>\t\t\t\t<ul><li><ol><li><ol><li><p>1.\u00a0 \u00a0 \u00a0 \u00a0 \u00a0 <b>\u00a0 A CAMPANHA ANTECIPA BLACK FRIDAY<\/b> <b>da CIDADE SOL<\/b> consiste na disponibiliza\u00e7\u00e3o de cupons de desconto por inser\u00e7\u00e3o de c\u00f3digo promocional pr\u00e9-estabelecido, em trechos e servi\u00e7os espec\u00edficos, dentro do per\u00edodo de validade estipulado. As condi\u00e7\u00f5es para elegibilidade encontram-se nos itens a seguir descritos;<\/p><p>2.\u00a0 \u00a0 \u00a0 \u00a0 \u00a0 \u00a0 <b>A CAMPANHA ANTECIPA BLACK FRIDAY<\/b> <b>da CIDADE SOL<\/b> ser\u00e1 disponibilizado apenas para compras efetivadas no site https:\/\/www.cidadesol.com.br e pelo APP oficial da Cidade Sol dispon\u00edvel para android e iOS;<\/p><p>3.\u00a0 \u00a0 \u00a0 \u00a0 \u00a0 \u00a0 Os cupons de descontos da campanha promocional <b>ANTECIPA BLACK FRIDAY<\/b> ser\u00e3o aplicados apenas sobre as tarifas das passagens dos trechos promocionais. Portanto, n\u00e3o est\u00e3o inclusas nos descontos as tarifas de ped\u00e1gio, seguro facultativo e de utiliza\u00e7\u00e3o de terminais;\u00a0\u00a0<\/p><p>\u00a0<\/p><p>4.\u00a0 \u00a0 \u00a0 \u00a0 \u00a0 \u00a0 Os cupons promocionais ser\u00e3o v\u00e1lidos <b>SOMENTE<\/b> para compras de <b>20\/11\/2023 at\u00e9 24\/11\/2023<\/b> nas linhas e trajetos designados no item 8, e ser\u00e3o aplicados no valor do bilhete de passagem adquirido e para embarque nos per\u00edodos designados no item 12. Para aplica\u00e7\u00e3o do desconto, o cliente dever\u00e1 inserir a denomina\u00e7\u00e3o do cupom correspondente da campanha <b>ANTECIPA BLACK FRIDAY<\/b> no campo espec\u00edfico no momento da compra. Em casos de mais de uma passagem na mesma compra, o cupom deve ser inserido em todos os campos dispon\u00edveis;<\/p><p>5.\u00a0 \u00a0 \u00a0 \u00a0 \u00a0 \u00a0 Para remarca\u00e7\u00e3o, o cliente fica desde j\u00e1 ciente de que, em sendo o valor menor do que a compra origin\u00e1ria, em raz\u00e3o da compra adquirida ter sido em valor promocional, n\u00e3o ser\u00e1 eleg\u00edvel ao reembolso da diferen\u00e7a. J\u00e1 se o valor da remarca\u00e7\u00e3o for superior ao valor originariamente pago, dever\u00e1 observar o valor da tarifa vigente para a nova data desejada, efetuando o pagamento da diferen\u00e7a de valor, inclusive de ped\u00e1gio, seguro facultativo e de utiliza\u00e7\u00e3o de terminais, quando houver;<\/p><p>6.\u00a0 \u00a0 \u00a0 \u00a0 \u00a0 \u00a0 Para cancelamento, o cliente dever\u00e1 solicitar em at\u00e9 3 (tr\u00eas) horas de anteced\u00eancia da viagem, sendo o valor a ser reembolsado o mesmo valor pago pelo cliente \u00e0 \u00e9poca da aquisi\u00e7\u00e3o da tarifa na campanha promocional <b>ANTECIPA BLACK FRIDAY<\/b> observando as regras e condi\u00e7\u00f5es previstas para o reembolso.\u00a0<\/p><p>7.\u00a0 \u00a0 \u00a0 \u00a0 \u00a0 \u00a0 O bilhete de passagem adquirido no per\u00edodo promocional \u00e9 para uso pessoal e intransfer\u00edvel;\u00a0\u00a0<\/p><p>8.\u00a0 \u00a0 \u00a0 \u00a0 \u00a0 \u00a0<b> A CAMPANHA PROMOCIONAL ANTECIPA BLACK FRIDAY da CIDADE SOL<\/b> \u00e9 v\u00e1lido os seguintes trechos operados pela empresa:<br \/><br \/><\/p><p><b>CUPOM BLACK30:<\/b><\/p><p>\u2022 Salvador X Feira de Santana<\/p><p>\u2022 Salvador X Itaberaba<\/p><p>\u2022 Salvador X Irec\u00ea<\/p><p>\u2022 Salvador X Alagoinhas<\/p><p>\u2022 Feira de Santana X Irec\u00ea<\/p><p>\u2022 Feira de Santana X Itaberaba<\/p><p>\u00a0<\/p><p><b>CUPOM BLACK20:<\/b><\/p><p>\u2022 Salvador X Xique-Xique<\/p><p>\u2022 Salvador X Morro do Chap\u00e9u<\/p><p>\u2022 Salvador X Santo Amaro<\/p><p>\u2022 Salvador X Ruy Barbosa<\/p><p>\u2022 Itacar\u00e9 X Bom Despacho<\/p><p>\u2022 Itacar\u00e9 X Feira de Santana<\/p><p>\u2022 Ilh\u00e9us X Jequi\u00e9<\/p><p>\u00a0<\/p><p><b>CUPOM BLACK10:<\/b><\/p><p>\u2022 Todos os trechos operados pela Cidade Sol.\u00a0\u00a0<\/p><p><span style=\"background-color: transparent; font-family: var( --e-global-typography-text-font-family ), Sans-serif; font-weight: var( --e-global-typography-text-font-weight );\">9.\u00a0 \u00a0 \u00a0 \u00a0 \u00a0 \u00a0 Promo\u00e7\u00e3o v\u00e1lida para todos os servi\u00e7os, <\/span><span style=\"background-color: transparent; font-family: var( --e-global-typography-text-font-family ), Sans-serif;\"><b>EXCETO <\/b><\/span><span style=\"background-color: transparent; font-family: var( --e-global-typography-text-font-family ), Sans-serif; font-weight: var( --e-global-typography-text-font-weight );\">para o servi\u00e7o <\/span><span style=\"background-color: transparent; font-family: var( --e-global-typography-text-font-family ), Sans-serif;\"><b>LEITO<\/b><\/span><span style=\"background-color: transparent; font-family: var( --e-global-typography-text-font-family ), Sans-serif; font-weight: var( --e-global-typography-text-font-weight );\">;<\/span><\/p><p>10.\u00a0 \u00a0 \u00a0 \u00a0 \u00a0A mera participa\u00e7\u00e3o nesta promo\u00e7\u00e3o caracteriza a aceita\u00e7\u00e3o dos termos e condi\u00e7\u00f5es previstos neste regulamento;<\/p><p>11.\u00a0 \u00a0 \u00a0 \u00a0 \u00a0Cupons de ofertas v\u00e1lidos para compras de 20\/11\/2023 at\u00e9 24\/11\/2023;<\/p><p>12.\u00a0 \u00a0 \u00a0 \u00a0 \u00a0Embarques estabelecidos entre 27\/11 e 13\/12\/2023;<\/p><p>13.\u00a0 \u00a0 \u00a0 \u00a0 \u00a0Promo\u00e7\u00e3o n\u00e3o cumulativa;<\/p><p>14.\u00a0 \u00a0 \u00a0 \u00a0 \u00a0A empresa se reserva ao direito de interrup\u00e7\u00e3o desta campanha promocional <b>ANTECIPA BLACK FRIDAY<\/b> com cupons de descontos a qualquer momento sem aviso pr\u00e9vio.<\/p><p>\u00a0<\/p><p>\u00a0Para mais informa\u00e7\u00f5es, entre e contato com o nosso <b>SAC: 0800 075 0010.<\/b><\/p><p>\u00a0Cidade Sol, Iluminando caminhos.<\/p><\/li><\/ol><\/li><\/ol><\/li><\/ul>\t\t\t\t\t\t<\/div>\n\t\t\t\t<\/div>\n\t\t\t\t<div class=\"elementor-element elementor-element-133cabc elementor-widget elementor-widget-text-editor\" data-id=\"133cabc\" data-element_type=\"widget\" data-widget_type=\"text-editor.default\">\n\t\t\t\t<div class=\"elementor-widget-container\">\n\t\t\t\t\t\t\t\t\t\t\t\t\t<\/div>\n\t\t\t\t<\/div>\n\t\t\t\t<div class=\"elementor-element elementor-element-7455b53 elementor-widget elementor-widget-spacer\" data-id=\"7455b53\" data-element_type=\"widget\" data-widget_type=\"spacer.default\">\n\t\t\t\t<div class=\"elementor-widget-container\">\n\t\t\t<style>\/*! elementor - v3.8.1 - 13-11-2022 *\/\n.elementor-column .elementor-spacer-inner{height:var(--spacer-size)}.e-con{--container-widget-width:100%}.e-con-inner>.elementor-widget-spacer,.e-con>.elementor-widget-spacer{width:var(--container-widget-width,var(--spacer-size));-ms-flex-item-align:stretch;align-self:stretch;-ms-flex-negative:0;flex-shrink:0}.e-con-inner>.elementor-widget-spacer>.elementor-widget-container,.e-con-inner>.elementor-widget-spacer>.elementor-widget-container>.elementor-spacer,.e-con>.elementor-widget-spacer>.elementor-widget-container,.e-con>.elementor-widget-spacer>.elementor-widget-container>.elementor-spacer{height:100%}.e-con-inner>.elementor-widget-spacer>.elementor-widget-container>.elementor-spacer>.elementor-spacer-inner,.e-con>.elementor-widget-spacer>.elementor-widget-container>.elementor-spacer>.elementor-spacer-inner{height:var(--container-widget-height,var(--spacer-size))}<\/style>\t\t<div class=\"elementor-spacer\">\n\t\t\t<div class=\"elementor-spacer-inner\"><\/div>\n\t\t<\/div>\n\t\t\t\t<\/div>\n\t\t\t\t<\/div>\n\t\t\t\t\t<\/div>\n\t\t<\/div>\n\t\t\t\t\t\t\t<\/div>\n\t\t<\/section>\n\t\t\t\t\t<\/div>\n\t\t<\/div>\n\t\t\t\t\t\t\t<\/div>\n\t\t<\/section>\n\t\t\t\t\t\t\t<\/div>\n\t\t","protected":false},"excerpt":{"rendered":"<p>REGULAMENTO &#8211; CAMPANHA ANTECIPA BLACK FRIDAY 1.\u00a0 \u00a0 \u00a0 \u00a0 \u00a0 \u00a0 A CAMPANHA ANTECIPA BLACK FRIDAY da CIDADE SOL consiste na disponibiliza\u00e7\u00e3o de cupons de desconto por inser\u00e7\u00e3o de c\u00f3digo promocional pr\u00e9-estabelecido, em trechos e servi\u00e7os espec\u00edficos, dentro do per\u00edodo de validade estipulado. As condi\u00e7\u00f5es para elegibilidade encontram-se nos itens a seguir descritos; 2.\u00a0 [&hellip;]<\/p>\n","protected":false},"author":2,"featured_media":0,"parent":0,"menu_order":0,"comment_status":"closed","ping_status":"closed","template":"","meta":{"_joinchat":[],"footnotes":""},"class_list":["post-3708","page","type-page","status-publish","hentry"],"_links":{"self":[{"href":"https:\/\/cidadesol.com.br\/index.php\/wp-json\/wp\/v2\/pages\/3708","targetHints":{"allow":["GET"]}}],"collection":[{"href":"https:\/\/cidadesol.com.br\/index.php\/wp-json\/wp\/v2\/pages"}],"about":[{"href":"https:\/\/cidadesol.com.br\/index.php\/wp-json\/wp\/v2\/types\/page"}],"author":[{"embeddable":true,"href":"https:\/\/cidadesol.com.br\/index.php\/wp-json\/wp\/v2\/users\/2"}],"replies":[{"embeddable":true,"href":"https:\/\/cidadesol.com.br\/index.php\/wp-json\/wp\/v2\/comments?post=3708"}],"version-history":[{"count":4,"href":"https:\/\/cidadesol.com.br\/index.php\/wp-json\/wp\/v2\/pages\/3708\/revisions"}],"predecessor-version":[{"id":3712,"href":"https:\/\/cidadesol.com.br\/index.php\/wp-json\/wp\/v2\/pages\/3708\/revisions\/3712"}],"wp:attachment":[{"href":"https:\/\/cidadesol.com.br\/index.php\/wp-json\/wp\/v2\/media?parent=3708"}],"curies":[{"name":"wp","href":"https:\/\/api.w.org\/{rel}","templated":true}]}}