{"id":3597,"date":"2023-09-01T20:20:49","date_gmt":"2023-09-01T20:20:49","guid":{"rendered":"https:\/\/cidadesol.com.br\/?page_id=3597"},"modified":"2023-09-01T20:23:13","modified_gmt":"2023-09-01T20:23:13","slug":"regulamento-cidade-sol-cupom-br30","status":"publish","type":"page","link":"https:\/\/cidadesol.com.br\/index.php\/regulamento-cidade-sol-cupom-br30\/","title":{"rendered":"Regulamento &#8211; CIDADE SOL CUPOM BR30"},"content":{"rendered":"\t\t<div data-elementor-type=\"wp-page\" data-elementor-id=\"3597\" class=\"elementor elementor-3597\">\n\t\t\t\t\t\t\t<div class=\"elementor-element elementor-element-002a6af e-con-full e-con\" data-id=\"002a6af\" data-element_type=\"container\" data-settings=\"{&quot;content_width&quot;:&quot;full&quot;}\">\n\t\t\t\t<\/div>\n\t\t\t\t<section class=\"elementor-section elementor-top-section elementor-element elementor-element-e8d2339 elementor-section-boxed elementor-section-height-default elementor-section-height-default\" data-id=\"e8d2339\" data-element_type=\"section\" data-settings=\"{&quot;_ha_eqh_enable&quot;:false}\">\n\t\t\t\t\t\t<div class=\"elementor-container elementor-column-gap-default\">\n\t\t\t\t\t<div class=\"elementor-column elementor-col-100 elementor-top-column elementor-element elementor-element-ed904f4\" data-id=\"ed904f4\" data-element_type=\"column\">\n\t\t\t<div class=\"elementor-widget-wrap elementor-element-populated\">\n\t\t\t\t\t\t\t\t<div class=\"elementor-element elementor-element-fd34b6d elementor-widget elementor-widget-image\" data-id=\"fd34b6d\" data-element_type=\"widget\" data-widget_type=\"image.default\">\n\t\t\t\t<div class=\"elementor-widget-container\">\n\t\t\t<style>\/*! elementor - v3.8.1 - 13-11-2022 *\/\n.elementor-widget-image{text-align:center}.elementor-widget-image a{display:inline-block}.elementor-widget-image a img[src$=\".svg\"]{width:48px}.elementor-widget-image img{vertical-align:middle;display:inline-block}<\/style>\t\t\t\t\t\t\t\t\t\t\t\t<img decoding=\"async\" width=\"1920\" height=\"440\" src=\"https:\/\/cidadesol.com.br\/wp-content\/uploads\/2023\/09\/Cupom-BR30-CS-Baner-Site.jpg\" class=\"attachment-full size-full\" alt=\"\" srcset=\"https:\/\/cidadesol.com.br\/wp-content\/uploads\/2023\/09\/Cupom-BR30-CS-Baner-Site.jpg 1920w, https:\/\/cidadesol.com.br\/wp-content\/uploads\/2023\/09\/Cupom-BR30-CS-Baner-Site-300x69.jpg 300w, https:\/\/cidadesol.com.br\/wp-content\/uploads\/2023\/09\/Cupom-BR30-CS-Baner-Site-1024x235.jpg 1024w, https:\/\/cidadesol.com.br\/wp-content\/uploads\/2023\/09\/Cupom-BR30-CS-Baner-Site-768x176.jpg 768w, https:\/\/cidadesol.com.br\/wp-content\/uploads\/2023\/09\/Cupom-BR30-CS-Baner-Site-1536x352.jpg 1536w\" sizes=\"(max-width: 1920px) 100vw, 1920px\" \/>\t\t\t\t\t\t\t\t\t\t\t\t\t\t\t<\/div>\n\t\t\t\t<\/div>\n\t\t\t\t<section class=\"elementor-section elementor-inner-section elementor-element elementor-element-cd0a936 elementor-section-boxed elementor-section-height-default elementor-section-height-default\" data-id=\"cd0a936\" data-element_type=\"section\" data-settings=\"{&quot;_ha_eqh_enable&quot;:false}\">\n\t\t\t\t\t\t<div class=\"elementor-container elementor-column-gap-default\">\n\t\t\t\t\t<div class=\"elementor-column elementor-col-100 elementor-inner-column elementor-element elementor-element-856d0d4\" data-id=\"856d0d4\" data-element_type=\"column\">\n\t\t\t<div class=\"elementor-widget-wrap elementor-element-populated\">\n\t\t\t\t\t\t\t\t<div class=\"elementor-element elementor-element-d3950f7 elementor-widget elementor-widget-heading\" data-id=\"d3950f7\" data-element_type=\"widget\" data-widget_type=\"heading.default\">\n\t\t\t\t<div class=\"elementor-widget-container\">\n\t\t\t<style>\/*! elementor - v3.8.1 - 13-11-2022 *\/\n.elementor-heading-title{padding:0;margin:0;line-height:1}.elementor-widget-heading .elementor-heading-title[class*=elementor-size-]>a{color:inherit;font-size:inherit;line-height:inherit}.elementor-widget-heading .elementor-heading-title.elementor-size-small{font-size:15px}.elementor-widget-heading .elementor-heading-title.elementor-size-medium{font-size:19px}.elementor-widget-heading .elementor-heading-title.elementor-size-large{font-size:29px}.elementor-widget-heading .elementor-heading-title.elementor-size-xl{font-size:39px}.elementor-widget-heading .elementor-heading-title.elementor-size-xxl{font-size:59px}<\/style><h4 class=\"elementor-heading-title elementor-size-default\">REGULAMENTO - CAMPANHA SEMANA DO BRASIL - CIDADE SOL CUPOM: BR30<br><\/h4>\t\t<\/div>\n\t\t\t\t<\/div>\n\t\t\t\t<div class=\"elementor-element elementor-element-a55c3b0 elementor-widget elementor-widget-text-editor\" data-id=\"a55c3b0\" data-element_type=\"widget\" data-widget_type=\"text-editor.default\">\n\t\t\t\t<div class=\"elementor-widget-container\">\n\t\t\t<style>\/*! elementor - v3.8.1 - 13-11-2022 *\/\n.elementor-widget-text-editor.elementor-drop-cap-view-stacked .elementor-drop-cap{background-color:#818a91;color:#fff}.elementor-widget-text-editor.elementor-drop-cap-view-framed .elementor-drop-cap{color:#818a91;border:3px solid;background-color:transparent}.elementor-widget-text-editor:not(.elementor-drop-cap-view-default) .elementor-drop-cap{margin-top:8px}.elementor-widget-text-editor:not(.elementor-drop-cap-view-default) .elementor-drop-cap-letter{width:1em;height:1em}.elementor-widget-text-editor .elementor-drop-cap{float:left;text-align:center;line-height:1;font-size:50px}.elementor-widget-text-editor .elementor-drop-cap-letter{display:inline-block}<\/style>\t\t\t\t<ul>\n<li>\n<ol>\n<li>\n<ol>\n<li>\n<p style=\"text-align:justify\"><span style=\"font-size:12.0pt;\nline-height:107%\">1.&nbsp; &nbsp;O\nCUPOM PROMOCIONAL&nbsp;<b>BR30<\/b>&nbsp;da&nbsp;<b>CIDADE SOL <\/b>consiste na disponibiliza\u00e7\u00e3o\nde 30% de desconto por inser\u00e7\u00e3o de c\u00f3digo promocional pr\u00e9-estabelecido, em\ntrechos e servi\u00e7os espec\u00edficos, dentro do per\u00edodo de validade estipulado. As\ncondi\u00e7\u00f5es para elegibilidade encontram-se nos itens a seguir descritos;<o:p><\/o:p><\/span><\/p><p style=\"text-align:justify\"><span style=\"font-size:12.0pt;\nline-height:107%\">2.&nbsp; &nbsp; &nbsp;O\nCUPOM PROMOCIONAL<b>&nbsp;BR30<\/b>&nbsp;da&nbsp;<b>CIDADE SOL <\/b>ser\u00e1 disponibilizado apenas\npara compras efetivadas no site https:\/\/www.cidadesol.com.br e pelo APP oficial\nda Cidade Sol dispon\u00edvel para android e iOS;<o:p><\/o:p><\/span><\/p><p style=\"text-align:justify\"><span style=\"font-size:12.0pt;\nline-height:107%\">3.&nbsp; &nbsp; &nbsp; Os\n<b>30% de desconto<\/b> da&nbsp;campanha\npromocional&nbsp;com cupom de desconto&nbsp;<b>(BR30)<\/b> ser\u00e3o aplicados apenas sobre as tarifas das passagens dos\ntrechos promocionais. Portanto, n\u00e3o est\u00e3o inclusas nos descontos as tarifas de\nped\u00e1gio, seguro facultativo e de utiliza\u00e7\u00e3o de terminais;&nbsp;<o:p><\/o:p><\/span><\/p><p style=\"text-align:justify\"><span style=\"font-size:12.0pt;\nline-height:107%\">4.&nbsp; &nbsp; &nbsp;Os\ncupons promocionais ser\u00e3o v\u00e1lidos&nbsp;<b>SOMENTE<\/b>&nbsp;para\n<b>compras de 04\/09\/2023 at\u00e9 08\/09\/2023<\/b>\nnas linhas e trajetos designados no item 8, e ser\u00e3o aplicados no valor do\nbilhete de passagem adquirido e para embarque nos per\u00edodos designados no item\n12. Para aplica\u00e7\u00e3o do desconto, o cliente dever\u00e1 inserir a denomina\u00e7\u00e3o do cupom\ncorrespondente&nbsp;<b>(BR30)<\/b>&nbsp;no\ncampo espec\u00edfico no momento da compra. Em casos de mais&nbsp;de uma passagem na\nmesma compra, o cupom deve ser inserido em todos os campos dispon\u00edveis;<o:p><\/o:p><\/span><\/p><p style=\"text-align:justify\"><span style=\"font-size:12.0pt;\nline-height:107%\">5.&nbsp; &nbsp; &nbsp;Para\nremarca\u00e7\u00e3o, o cliente fica desde j\u00e1 ciente de que, em sendo o valor menor do\nque a compra origin\u00e1ria, em raz\u00e3o da compra adquirida ter sido em valor\npromocional, n\u00e3o ser\u00e1 eleg\u00edvel ao reembolso da diferen\u00e7a. J\u00e1 se o valor da\nremarca\u00e7\u00e3o for superior ao valor originariamente pago, dever\u00e1 observar o valor\nda tarifa vigente para a nova data desejada, efetuando o pagamento da diferen\u00e7a\nde valor, inclusive de ped\u00e1gio, seguro facultativo e de utiliza\u00e7\u00e3o de\nterminais, quando houver;<o:p><\/o:p><\/span><\/p><p style=\"text-align:justify\"><span style=\"font-size:12.0pt;\nline-height:107%\">&nbsp;&nbsp;&nbsp;&nbsp;&nbsp;&nbsp;&nbsp;&nbsp;&nbsp;5.1 A\nremarca\u00e7\u00e3o de viagens adquiridas na&nbsp;campanha promocional com cupom de\ndesconto&nbsp;<b>(BR30)<\/b>&nbsp;no trecho\ninterestadual, somente ser\u00e1 eleg\u00edvel para remarca\u00e7\u00e3o em outro trecho\ninterestadual, enquanto a remarca\u00e7\u00e3o de viagem em trecho intermunicipal\nadquirida na vig\u00eancia da promo\u00e7\u00e3o, somente ser\u00e1 eleg\u00edvel para remarca\u00e7\u00e3o em\noutro trecho intermunicipal, desde que observada as 3 (tr\u00eas) horas de\nanteced\u00eancia prevista; <o:p><\/o:p><\/span><\/p><p style=\"text-align:justify\"><span style=\"font-size:12.0pt;\nline-height:107%\">6.&nbsp; &nbsp; &nbsp;Para\ncancelamento, o cliente dever\u00e1 solicitar em at\u00e9 3 (tr\u00eas) horas de anteced\u00eancia\nda viagem, sendo o valor a ser reembolsado o mesmo valor pago pelo cliente \u00e0\n\u00e9poca da aquisi\u00e7\u00e3o da tarifa na campanha promocional com cupom de desconto <b>(BR30)<\/b>, observando as regras e\ncondi\u00e7\u00f5es previstas para o reembolso. <o:p><\/o:p><\/span><\/p><p style=\"text-align:justify\"><span style=\"font-size:12.0pt;\nline-height:107%\">7.&nbsp; &nbsp; &nbsp;O\nbilhete de passagem adquirido no per\u00edodo promocional \u00e9 para uso pessoal e\nintransfer\u00edvel;&nbsp; <o:p><\/o:p><\/span><\/p><p style=\"margin-bottom:0cm;margin-bottom:.0001pt;line-height:\nnormal;vertical-align:baseline\"><span style=\"font-size:12.0pt\">8.&nbsp; &nbsp; &nbsp; O&nbsp;CUPOM\nPROMOCIONAL <b>BR30 <\/b>da&nbsp;<b>CIDADE SOL <\/b><\/span><span style=\"font-size: 11.5pt; font-family: Roboto;\">\u00e9\nv\u00e1lido t\u00e3o somente para os seguintes trechos e servi\u00e7os:<o:p><\/o:p><\/span><\/p><p style=\"line-height: normal; background-image: initial; background-position: initial; background-size: initial; background-repeat: initial; background-attachment: initial; background-origin: initial; background-clip: initial;\"><b><span style=\"font-size: 11.5pt; font-family: Roboto;\">&nbsp;<\/span><\/b><span style=\"font-size: 11.5pt; font-family: Roboto;\"><o:p><\/o:p><\/span><\/p><p style=\"margin-bottom:0cm;margin-bottom:.0001pt;line-height:\nnormal;vertical-align:baseline\"><span style=\"font-size: 11.5pt; font-family: Roboto;\">&nbsp;<\/span><\/p><p style=\"margin-top:0cm;margin-right:0cm;margin-bottom:0cm;\nmargin-left:36.0pt;margin-bottom:.0001pt;line-height:normal;vertical-align:\nbaseline\"><span style=\"font-size: 12pt; font-family: Roboto;\">\u2022 Ilh\u00e9us X Jequi\u00e9<o:p><\/o:p><\/span><\/p><p style=\"margin-top:0cm;margin-right:0cm;margin-bottom:0cm;\nmargin-left:36.0pt;margin-bottom:.0001pt;line-height:normal;vertical-align:\nbaseline\"><span style=\"font-size: 12pt; font-family: Roboto;\">\u2022&nbsp;Itabuna X\nJequi\u00e9<o:p><\/o:p><\/span><\/p><p style=\"margin-top:0cm;margin-right:0cm;margin-bottom:0cm;\nmargin-left:36.0pt;margin-bottom:.0001pt;line-height:normal;vertical-align:\nbaseline\"><span style=\"font-size: 12pt; font-family: Roboto;\">\u2022&nbsp;Salvador X\nAlagoinhas<o:p><\/o:p><\/span><\/p><p style=\"margin-top:0cm;margin-right:0cm;margin-bottom:0cm;\nmargin-left:36.0pt;margin-bottom:.0001pt;line-height:normal;vertical-align:\nbaseline\"><span style=\"font-size: 12pt; font-family: Roboto;\">\u2022&nbsp;Salvador X\nFeira de Santana<o:p><\/o:p><\/span><\/p><p style=\"margin-top:0cm;margin-right:0cm;margin-bottom:0cm;\nmargin-left:36.0pt;margin-bottom:.0001pt;line-height:normal;vertical-align:\nbaseline\"><span style=\"font-size: 12pt; font-family: Roboto;\">\u2022&nbsp;Salvador X\nIrec\u00ea<o:p><\/o:p><\/span><\/p><p style=\"margin-top:0cm;margin-right:0cm;margin-bottom:0cm;\nmargin-left:36.0pt;margin-bottom:.0001pt;line-height:normal;vertical-align:\nbaseline\"><span style=\"font-size: 12pt; font-family: Roboto;\">\u2022&nbsp;Salvador X\nXique-Xique<o:p><\/o:p><\/span><\/p><p style=\"margin-top:0cm;margin-right:0cm;margin-bottom:0cm;\nmargin-left:36.0pt;margin-bottom:.0001pt;line-height:normal;vertical-align:\nbaseline\"><span style=\"font-size: 12pt; font-family: Roboto;\">\u2022&nbsp;Salvador X\nItaberaba<o:p><\/o:p><\/span><\/p><p style=\"margin-top:0cm;margin-right:0cm;margin-bottom:0cm;\nmargin-left:36.0pt;margin-bottom:.0001pt;line-height:normal;vertical-align:\nbaseline\"><span style=\"font-size: 12pt; font-family: Roboto;\">\u2022&nbsp;Salvador X Ruy\nBarbosa<o:p><\/o:p><\/span><\/p><p style=\"margin-top:0cm;margin-right:0cm;margin-bottom:0cm;\nmargin-left:36.0pt;margin-bottom:.0001pt;line-height:normal;vertical-align:\nbaseline\"><span style=\"font-size: 12pt; font-family: Roboto;\">\u2022&nbsp;Salvador X\nBarra do Rio Grande<o:p><\/o:p><\/span><\/p><p style=\"margin-top:0cm;margin-right:0cm;margin-bottom:0cm;\nmargin-left:36.0pt;margin-bottom:.0001pt;line-height:normal;vertical-align:\nbaseline\"><span style=\"font-size: 12pt; font-family: Roboto;\">\u2022&nbsp;Salvador X Central<o:p><\/o:p><\/span><\/p><p style=\"margin-top:0cm;margin-right:0cm;margin-bottom:0cm;\nmargin-left:36.0pt;margin-bottom:.0001pt;line-height:normal;vertical-align:\nbaseline\"><span style=\"font-size: 12pt; font-family: Roboto;\">\u2022&nbsp;Salvador X\nMorro do Chap\u00e9u<o:p><\/o:p><\/span><\/p><p style=\"margin-top:0cm;margin-right:0cm;margin-bottom:0cm;\nmargin-left:36.0pt;margin-bottom:.0001pt;line-height:normal;vertical-align:\nbaseline\"><span style=\"font-size: 12pt; font-family: Roboto;\">\u2022&nbsp;Feira de\nSantana X Irec\u00ea<o:p><\/o:p><\/span><\/p><p style=\"margin-top:0cm;margin-right:0cm;margin-bottom:0cm;\nmargin-left:36.0pt;margin-bottom:.0001pt;line-height:normal;vertical-align:\nbaseline\"><span style=\"font-size: 12pt; font-family: Roboto;\">\u2022&nbsp;Feira de\nSantana x Xique-Xique<o:p><\/o:p><\/span><\/p><p style=\"margin-top:0cm;margin-right:0cm;margin-bottom:0cm;\nmargin-left:36.0pt;margin-bottom:.0001pt;line-height:normal;vertical-align:\nbaseline\"><span style=\"font-size: 12pt; font-family: Roboto;\">\u2022&nbsp;Feira de\nSantana X Itaberaba<o:p><\/o:p><\/span><\/p><p style=\"margin-top:0cm;margin-right:0cm;margin-bottom:0cm;\nmargin-left:36.0pt;margin-bottom:.0001pt;line-height:normal;vertical-align:\nbaseline\"><span style=\"font-size: 12pt; font-family: Roboto;\">\u2022&nbsp;Feira de\nSantana x Ruy Barbosa<o:p><\/o:p><\/span><\/p><p style=\"margin-top:0cm;margin-right:0cm;margin-bottom:0cm;\nmargin-left:36.0pt;margin-bottom:.0001pt;line-height:normal;vertical-align:\nbaseline\"><span style=\"font-size: 12pt; font-family: Roboto;\">\u2022&nbsp;Feira de\nSantana X Barra do Rio Grande<o:p><\/o:p><\/span><\/p><p style=\"margin-top:0cm;margin-right:0cm;margin-bottom:0cm;\nmargin-left:36.0pt;margin-bottom:.0001pt;line-height:normal;vertical-align:\nbaseline\"><span style=\"font-size: 12pt; font-family: Roboto;\">\u2022&nbsp;Feira de\nSantana X Central<o:p><\/o:p><\/span><\/p><p style=\"margin-top:0cm;margin-right:0cm;margin-bottom:0cm;\nmargin-left:36.0pt;margin-bottom:.0001pt;line-height:normal;vertical-align:\nbaseline\"><span style=\"font-size: 12pt; font-family: Roboto;\">\u2022&nbsp;Feira de\nSantana X Morro do chap\u00e9u<o:p><\/o:p><\/span><\/p><p style=\"margin-top:0cm;margin-right:0cm;margin-bottom:0cm;\nmargin-left:36.0pt;margin-bottom:.0001pt;line-height:normal;vertical-align:\nbaseline\"><span style=\"font-size: 12pt; font-family: Roboto;\">\u2022&nbsp;Itacar\u00e9 X Bom\nDespacho<o:p><\/o:p><\/span><\/p><p style=\"margin-top:0cm;margin-right:0cm;margin-bottom:0cm;\nmargin-left:36.0pt;margin-bottom:.0001pt;line-height:normal;vertical-align:\nbaseline\"><span style=\"font-size: 12pt; font-family: Roboto;\">\u2022&nbsp;Itacar\u00e9 X\nFeira de Santana<o:p><\/o:p><\/span><\/p><p style=\"margin-top:0cm;margin-right:0cm;margin-bottom:0cm;\nmargin-left:36.0pt;margin-bottom:.0001pt;line-height:normal;vertical-align:\nbaseline\"><span style=\"font-size: 12pt; font-family: Roboto;\">\u2022&nbsp;Jequi\u00e9 X\nVit\u00f3ria da Conquista<o:p><\/o:p><\/span><\/p><p style=\"margin-top:0cm;margin-right:0cm;margin-bottom:0cm;\nmargin-left:36.0pt;margin-bottom:.0001pt;line-height:normal;vertical-align:\nbaseline\"><span style=\"font-size: 12pt; font-family: Roboto;\">\u2022&nbsp;Jequi\u00e9 X\nCanavieiras<o:p><\/o:p><\/span><\/p><p style=\"margin-top:0cm;margin-right:0cm;margin-bottom:0cm;\nmargin-left:36.0pt;margin-bottom:.0001pt;line-height:normal;vertical-align:\nbaseline\"><span style=\"font-size: 12pt; font-family: Roboto;\">\u2022&nbsp;Aracaju X\nIrec\u00ea<o:p><\/o:p><\/span><\/p><p style=\"margin-top:0cm;margin-right:0cm;margin-bottom:0cm;\nmargin-left:36.0pt;margin-bottom:.0001pt;line-height:normal;vertical-align:\nbaseline\"><span style=\"font-size: 12pt; font-family: Roboto;\">\u2022&nbsp;Aracaju X\nMorro do Chap\u00e9u<o:p><\/o:p><\/span><\/p><p style=\"text-align:justify\"><span style=\"font-size:12.0pt;\nline-height:107%\">&nbsp;<\/span><\/p><p style=\"text-align:justify\"><span style=\"font-size:12.0pt;\nline-height:107%\">9.&nbsp; &nbsp; &nbsp; Promo\u00e7\u00e3o\nv\u00e1lida para todos os servi\u00e7os,&nbsp;<b>EXCETO<\/b>&nbsp;para\no servi\u00e7o&nbsp;<b>LEITO<\/b>;<o:p><\/o:p><\/span><\/p><p style=\"text-align:justify\"><span style=\"font-size:12.0pt;\nline-height:107%\">10.&nbsp; &nbsp; A\nmera participa\u00e7\u00e3o nesta promo\u00e7\u00e3o caracteriza a aceita\u00e7\u00e3o dos termos e condi\u00e7\u00f5es\nprevistos neste regulamento;<o:p><\/o:p><\/span><\/p><p style=\"text-align:justify\"><span style=\"font-size:12.0pt;\nline-height:107%\">11.&nbsp; &nbsp; Cupom\nde ofertas v\u00e1lido para&nbsp;<b>compras de\n04\/09\/2023 at\u00e9 08\/09\/2023<\/b>;<o:p><\/o:p><\/span><\/p><p style=\"text-align:justify\"><span style=\"font-size:12.0pt;\nline-height:107%\">12.&nbsp;&nbsp;&nbsp;&nbsp;<b>Embarques estabelecidos entre 11\/09 e 30\/09\/2023<\/b>;<o:p><\/o:p><\/span><\/p><p style=\"text-align:justify\"><span style=\"font-size:12.0pt;\nline-height:107%\">13.&nbsp; &nbsp; Promo\u00e7\u00e3o\nn\u00e3o cumulativa;<o:p><\/o:p><\/span><\/p><p style=\"text-align:justify\"><span style=\"font-size:12.0pt;\nline-height:107%\">14.&nbsp; &nbsp;A\nempresa se reserva ao direito de interrup\u00e7\u00e3o desta&nbsp;<b>campanha promocional&nbsp;com cupom de desconto&nbsp;(BR30)&nbsp;<\/b>a\nqualquer momento sem aviso pr\u00e9vio.<o:p><\/o:p><\/span><\/p><p style=\"text-align:justify\"><span style=\"font-size:12.0pt;\nline-height:107%\">&nbsp;<\/span><\/p><p style=\"text-align:justify\"><span style=\"font-size:12.0pt;\nline-height:107%\">Para mais informa\u00e7\u00f5es, entre e contato com o\nnosso&nbsp;<b>SAC: 0800 075 0010<\/b>.<o:p><\/o:p><\/span><\/p><p>\n\n\n\n\n\n\n\n\n\n\n\n\n\n\n\n\n\n\n\n\n\n\n\n\n\n\n\n\n\n\n\n\n\n\n\n\n\n\n\n\n\n\n\n\n\n\n\n\n\n\n\n\n\n\n\n\n\n\n\n\n\n\n\n\n\n\n\n\n\n\n\n\n\n\n\n\n\n\n\n\n\n\n\n\n\n\n\n<b><span style=\"font-size:12.0pt;\nline-height:107%;font-family:&quot;Calibri&quot;,&quot;sans-serif&quot;;mso-ascii-theme-font:minor-latin;\nmso-fareast-font-family:Calibri;mso-fareast-theme-font:minor-latin;mso-hansi-theme-font:\nminor-latin;mso-bidi-font-family:&quot;Times New Roman&quot;;mso-bidi-theme-font:minor-bidi;\nmso-ansi-language:PT-BR;mso-fareast-language:EN-US;mso-bidi-language:AR-SA\">Cidade\nSol \u2013 Iluminando Caminhos.<\/span><\/b><br><\/p>\n<\/li>\n<\/ol>\n<\/li>\n<\/ol>\n<\/li>\n<\/ul>\t\t\t\t\t\t<\/div>\n\t\t\t\t<\/div>\n\t\t\t\t<div class=\"elementor-element elementor-element-133cabc elementor-widget elementor-widget-text-editor\" data-id=\"133cabc\" data-element_type=\"widget\" data-widget_type=\"text-editor.default\">\n\t\t\t\t<div class=\"elementor-widget-container\">\n\t\t\t\t\t\t\t\t\t\t\t\t\t<\/div>\n\t\t\t\t<\/div>\n\t\t\t\t<div class=\"elementor-element elementor-element-7455b53 elementor-widget elementor-widget-spacer\" data-id=\"7455b53\" data-element_type=\"widget\" data-widget_type=\"spacer.default\">\n\t\t\t\t<div class=\"elementor-widget-container\">\n\t\t\t<style>\/*! elementor - v3.8.1 - 13-11-2022 *\/\n.elementor-column .elementor-spacer-inner{height:var(--spacer-size)}.e-con{--container-widget-width:100%}.e-con-inner>.elementor-widget-spacer,.e-con>.elementor-widget-spacer{width:var(--container-widget-width,var(--spacer-size));-ms-flex-item-align:stretch;align-self:stretch;-ms-flex-negative:0;flex-shrink:0}.e-con-inner>.elementor-widget-spacer>.elementor-widget-container,.e-con-inner>.elementor-widget-spacer>.elementor-widget-container>.elementor-spacer,.e-con>.elementor-widget-spacer>.elementor-widget-container,.e-con>.elementor-widget-spacer>.elementor-widget-container>.elementor-spacer{height:100%}.e-con-inner>.elementor-widget-spacer>.elementor-widget-container>.elementor-spacer>.elementor-spacer-inner,.e-con>.elementor-widget-spacer>.elementor-widget-container>.elementor-spacer>.elementor-spacer-inner{height:var(--container-widget-height,var(--spacer-size))}<\/style>\t\t<div class=\"elementor-spacer\">\n\t\t\t<div class=\"elementor-spacer-inner\"><\/div>\n\t\t<\/div>\n\t\t\t\t<\/div>\n\t\t\t\t<\/div>\n\t\t\t\t\t<\/div>\n\t\t<\/div>\n\t\t\t\t\t\t\t<\/div>\n\t\t<\/section>\n\t\t\t\t\t<\/div>\n\t\t<\/div>\n\t\t\t\t\t\t\t<\/div>\n\t\t<\/section>\n\t\t\t\t\t\t\t<\/div>\n\t\t","protected":false},"excerpt":{"rendered":"<p>REGULAMENTO &#8211; CAMPANHA SEMANA DO BRASIL &#8211; CIDADE SOL CUPOM: BR30 1.&nbsp; &nbsp;O CUPOM PROMOCIONAL&nbsp;BR30&nbsp;da&nbsp;CIDADE SOL consiste na disponibiliza\u00e7\u00e3o de 30% de desconto por inser\u00e7\u00e3o de c\u00f3digo promocional pr\u00e9-estabelecido, em trechos e servi\u00e7os espec\u00edficos, dentro do per\u00edodo de validade estipulado. As condi\u00e7\u00f5es para elegibilidade encontram-se nos itens a seguir descritos; 2.&nbsp; &nbsp; &nbsp;O CUPOM PROMOCIONAL&nbsp;BR30&nbsp;da&nbsp;CIDADE [&hellip;]<\/p>\n","protected":false},"author":2,"featured_media":0,"parent":0,"menu_order":0,"comment_status":"closed","ping_status":"closed","template":"","meta":{"_joinchat":[],"footnotes":""},"class_list":["post-3597","page","type-page","status-publish","hentry"],"_links":{"self":[{"href":"https:\/\/cidadesol.com.br\/index.php\/wp-json\/wp\/v2\/pages\/3597","targetHints":{"allow":["GET"]}}],"collection":[{"href":"https:\/\/cidadesol.com.br\/index.php\/wp-json\/wp\/v2\/pages"}],"about":[{"href":"https:\/\/cidadesol.com.br\/index.php\/wp-json\/wp\/v2\/types\/page"}],"author":[{"embeddable":true,"href":"https:\/\/cidadesol.com.br\/index.php\/wp-json\/wp\/v2\/users\/2"}],"replies":[{"embeddable":true,"href":"https:\/\/cidadesol.com.br\/index.php\/wp-json\/wp\/v2\/comments?post=3597"}],"version-history":[{"count":7,"href":"https:\/\/cidadesol.com.br\/index.php\/wp-json\/wp\/v2\/pages\/3597\/revisions"}],"predecessor-version":[{"id":3605,"href":"https:\/\/cidadesol.com.br\/index.php\/wp-json\/wp\/v2\/pages\/3597\/revisions\/3605"}],"wp:attachment":[{"href":"https:\/\/cidadesol.com.br\/index.php\/wp-json\/wp\/v2\/media?parent=3597"}],"curies":[{"name":"wp","href":"https:\/\/api.w.org\/{rel}","templated":true}]}}