{"id":3315,"date":"2023-05-02T00:59:56","date_gmt":"2023-05-02T00:59:56","guid":{"rendered":"https:\/\/cidadesol.com.br\/?page_id=3315"},"modified":"2026-04-28T14:00:40","modified_gmt":"2026-04-28T14:00:40","slug":"regulamento-promocao-20-off-marco-2023","status":"publish","type":"page","link":"https:\/\/cidadesol.com.br\/index.php\/regulamento-promocao-20-off-marco-2023\/","title":{"rendered":"Regulamento &#8211;  Promo\u00e7\u00e3o 20% OFF Mar\u00e7o 2023"},"content":{"rendered":"\t\t<div data-elementor-type=\"wp-page\" data-elementor-id=\"3315\" class=\"elementor elementor-3315\">\n\t\t\t\t\t\t\t<div class=\"elementor-element elementor-element-002a6af e-con-full e-con\" data-id=\"002a6af\" data-element_type=\"container\" data-settings=\"{&quot;content_width&quot;:&quot;full&quot;}\">\n\t\t\t\t<\/div>\n\t\t\t\t<section class=\"elementor-section elementor-top-section elementor-element elementor-element-e8d2339 elementor-section-boxed elementor-section-height-default elementor-section-height-default\" data-id=\"e8d2339\" data-element_type=\"section\" data-settings=\"{&quot;_ha_eqh_enable&quot;:false}\">\n\t\t\t\t\t\t<div class=\"elementor-container elementor-column-gap-default\">\n\t\t\t\t\t<div class=\"elementor-column elementor-col-100 elementor-top-column elementor-element elementor-element-ed904f4\" data-id=\"ed904f4\" data-element_type=\"column\">\n\t\t\t<div class=\"elementor-widget-wrap elementor-element-populated\">\n\t\t\t\t\t\t\t\t<div class=\"elementor-element elementor-element-fd34b6d elementor-widget elementor-widget-image\" data-id=\"fd34b6d\" data-element_type=\"widget\" data-widget_type=\"image.default\">\n\t\t\t\t<div class=\"elementor-widget-container\">\n\t\t\t<style>\/*! elementor - v3.8.1 - 13-11-2022 *\/\n.elementor-widget-image{text-align:center}.elementor-widget-image a{display:inline-block}.elementor-widget-image a img[src$=\".svg\"]{width:48px}.elementor-widget-image img{vertical-align:middle;display:inline-block}<\/style>\t\t\t\t\t\t\t\t\t\t\t\t<img decoding=\"async\" width=\"1920\" height=\"440\" src=\"https:\/\/cidadesol.com.br\/wp-content\/uploads\/2023\/05\/Csol-Off-20-Site-2023.jpg\" class=\"attachment-full size-full\" alt=\"\" srcset=\"https:\/\/cidadesol.com.br\/wp-content\/uploads\/2023\/05\/Csol-Off-20-Site-2023.jpg 1920w, https:\/\/cidadesol.com.br\/wp-content\/uploads\/2023\/05\/Csol-Off-20-Site-2023-300x69.jpg 300w, https:\/\/cidadesol.com.br\/wp-content\/uploads\/2023\/05\/Csol-Off-20-Site-2023-1024x235.jpg 1024w, https:\/\/cidadesol.com.br\/wp-content\/uploads\/2023\/05\/Csol-Off-20-Site-2023-768x176.jpg 768w, https:\/\/cidadesol.com.br\/wp-content\/uploads\/2023\/05\/Csol-Off-20-Site-2023-1536x352.jpg 1536w\" sizes=\"(max-width: 1920px) 100vw, 1920px\" \/>\t\t\t\t\t\t\t\t\t\t\t\t\t\t\t<\/div>\n\t\t\t\t<\/div>\n\t\t\t\t<section class=\"elementor-section elementor-inner-section elementor-element elementor-element-cd0a936 elementor-section-boxed elementor-section-height-default elementor-section-height-default\" data-id=\"cd0a936\" data-element_type=\"section\" data-settings=\"{&quot;_ha_eqh_enable&quot;:false}\">\n\t\t\t\t\t\t<div class=\"elementor-container elementor-column-gap-default\">\n\t\t\t\t\t<div class=\"elementor-column elementor-col-100 elementor-inner-column elementor-element elementor-element-856d0d4\" data-id=\"856d0d4\" data-element_type=\"column\">\n\t\t\t<div class=\"elementor-widget-wrap elementor-element-populated\">\n\t\t\t\t\t\t\t\t<div class=\"elementor-element elementor-element-d3950f7 elementor-widget elementor-widget-heading\" data-id=\"d3950f7\" data-element_type=\"widget\" data-widget_type=\"heading.default\">\n\t\t\t\t<div class=\"elementor-widget-container\">\n\t\t\t<style>\/*! elementor - v3.8.1 - 13-11-2022 *\/\n.elementor-heading-title{padding:0;margin:0;line-height:1}.elementor-widget-heading .elementor-heading-title[class*=elementor-size-]>a{color:inherit;font-size:inherit;line-height:inherit}.elementor-widget-heading .elementor-heading-title.elementor-size-small{font-size:15px}.elementor-widget-heading .elementor-heading-title.elementor-size-medium{font-size:19px}.elementor-widget-heading .elementor-heading-title.elementor-size-large{font-size:29px}.elementor-widget-heading .elementor-heading-title.elementor-size-xl{font-size:39px}.elementor-widget-heading .elementor-heading-title.elementor-size-xxl{font-size:59px}<\/style><h4 class=\"elementor-heading-title elementor-size-default\">REGULAMENTO PROMO\u00c7\u00c3O 20% OFF <\/h4>\t\t<\/div>\n\t\t\t\t<\/div>\n\t\t\t\t<div class=\"elementor-element elementor-element-a55c3b0 elementor-widget elementor-widget-text-editor\" data-id=\"a55c3b0\" data-element_type=\"widget\" data-widget_type=\"text-editor.default\">\n\t\t\t\t<div class=\"elementor-widget-container\">\n\t\t\t<style>\/*! elementor - v3.8.1 - 13-11-2022 *\/\n.elementor-widget-text-editor.elementor-drop-cap-view-stacked .elementor-drop-cap{background-color:#818a91;color:#fff}.elementor-widget-text-editor.elementor-drop-cap-view-framed .elementor-drop-cap{color:#818a91;border:3px solid;background-color:transparent}.elementor-widget-text-editor:not(.elementor-drop-cap-view-default) .elementor-drop-cap{margin-top:8px}.elementor-widget-text-editor:not(.elementor-drop-cap-view-default) .elementor-drop-cap-letter{width:1em;height:1em}.elementor-widget-text-editor .elementor-drop-cap{float:left;text-align:center;line-height:1;font-size:50px}.elementor-widget-text-editor .elementor-drop-cap-letter{display:inline-block}<\/style>\t\t\t\t<p style=\"color: #444444; font-size: medium;\">1. A\u00a0<strong>promo\u00e7\u00e3o 20% OFF<\/strong>\u00a0da\u00a0<strong>CIDADE SOL<\/strong>\u00a0consiste na disponibiliza\u00e7\u00e3o de trechos e servi\u00e7os espec\u00edficos, em valores promocionais, dentro do per\u00edodo de validade estipulado. As condi\u00e7\u00f5es para elegibilidade encontram-se nos itens a seguir descritos;<\/p><p style=\"color: #444444; font-size: medium;\">2. A\u00a0<strong>PROMO\u00c7\u00c3O 20% OFF<\/strong>\u00a0da\u00a0<strong>CIDADE SOL<\/strong>\u00a0estar\u00e1 dispon\u00edvel para as compras efetuadas pelo site\u00a0<a style=\"color: #003366; font-weight: bold;\" href=\"https:\/\/cidadesol.com.br\/\" target=\"_blank\" rel=\"noopener\">cidadesol.com.br<\/a>, no APP oficial Cidade Sol e nas ag\u00eancias f\u00edsicas da Cidade Sol;<\/p><p style=\"color: #444444; font-size: medium;\">3. Ao adquirir a compra dos trechos de ida e de volta, ser\u00e1 concedido, automaticamente, o\u00a0<span style=\"color: #003366; font-weight: bold;\">desconto de 20% exclusivamente na tarifa de passagem referente ao TRECHO DE VOLTA<\/span>, em hor\u00e1rio espec\u00edfico escolhido no momento da compra;<\/p><p style=\"color: #444444; font-size: medium;\">4. N\u00e3o ser\u00e1 aplicado desconto na tarifa da passagem do TRECHO DE IDA, nem nas tarifas de ped\u00e1gio, seguro facultativo e de utiliza\u00e7\u00e3o de terminais de ambos os trechos (IDA E VOLTA);<\/p><p style=\"color: #444444; font-size: medium;\">5. N\u00e3o ser\u00e1 concedido o desconto nas aquisi\u00e7\u00f5es dos trechos de ida e de volta efetuadas separadamente;<\/p><p style=\"color: #444444; font-size: medium;\">6. A tarifa promocional ser\u00e1 v\u00e1lida\u00a0<strong>SOMENTE<\/strong>\u00a0para a data, hor\u00e1rio, linha e trajeto constante no bilhete de passagem, referente ao\u00a0<strong>TRECHO DE VOLTA<\/strong>\u00a0adquirido na PROMO\u00c7\u00c3O 20% OFF, conforme seus termos e condi\u00e7\u00f5es;<\/p><p style=\"color: #444444; font-size: medium;\">7. Para remarca\u00e7\u00e3o, o cliente fica desde j\u00e1 ciente de que, em sendo o valor menor do que a compra origin\u00e1ria, em raz\u00e3o da compra adquirida ter sido em valor promocional, n\u00e3o ser\u00e1 eleg\u00edvel ao reembolso da diferen\u00e7a. J\u00e1 se o valor da remarca\u00e7\u00e3o for superior ao valor originariamente pago, dever\u00e1 observar o valor da tarifa vigente para a nova data desejada, efetuando o pagamento da diferen\u00e7a de valor, inclusive de ped\u00e1gio, seguro facultativo e de utiliza\u00e7\u00e3o de terminais, quando houver;<\/p><div style=\"color: #444444; font-size: medium; margin-left: 30px; border-left: 3px solid #eeeeee; padding-left: 15px; margin-bottom: 20px;\"><p><strong>7.1<\/strong>\u00a0A remarca\u00e7\u00e3o de viagens adquiridas na PROMO\u00c7\u00c3O 20% OFF no trecho interestadual, somente ser\u00e1 eleg\u00edvel para remarca\u00e7\u00e3o em outro trecho interestadual, enquanto a remarca\u00e7\u00e3o de viagem em trecho intermunicipal adquirida na vig\u00eancia da promo\u00e7\u00e3o, somente ser\u00e1 eleg\u00edvel para remarca\u00e7\u00e3o em outro trecho intermunicipal, desde que observada as 3 (tr\u00eas) horas de anteced\u00eancia prevista;<\/p><p><strong>7.2<\/strong>\u00a0A remarca\u00e7\u00e3o, ap\u00f3s as 3h de anteced\u00eancia do embarque contratado, ensejar\u00e1 em aplica\u00e7\u00e3o de taxas sobre o valor original da tarifa, seguindo as regras e percentuais previstos para remarca\u00e7\u00e3o que n\u00e3o obede\u00e7am \u00e0s 3h anteriores ao hor\u00e1rio de embarque. (vide maiores informa\u00e7\u00f5es em:\u00a0<a style=\"color: #003366;\" href=\"https:\/\/www.cidadesol.com.br\/index.php\/informacoes\/\" target=\"_blank\" rel=\"noopener\">informa\u00e7\u00f5es<\/a>);<\/p><\/div><p style=\"color: #444444; font-size: medium;\">8. Para cancelamento, o cliente dever\u00e1 solicitar em at\u00e9 3 (tr\u00eas) horas de anteced\u00eancia da viagem, observando as regras e condi\u00e7\u00f5es previstas para o reembolso, sendo o valor a ser reembolsado o mesmo valor pago pelo cliente a \u00e9poca da aquisi\u00e7\u00e3o da tarifa na PROMO\u00c7\u00c3O 20% OFF;<\/p><p style=\"color: #444444; font-size: medium;\">9. Os bilhetes de passagem (IDA E VOLTA) adquiridos na PROMO\u00c7\u00c3O 20% OFF s\u00e3o para uso pessoal sendo, portanto,\u00a0<strong>intransfer\u00edvel<\/strong>;<\/p><p style=\"color: #444444; font-size: medium;\">10. Os descontos da PROMO\u00c7\u00c3O 20% OFF s\u00e3o v\u00e1lidos para todos os trechos e servi\u00e7os,\u00a0<span style=\"color: #cc0000; font-weight: bold;\">exceto no trecho Salvador X Pojuca X Salvador<\/span>;<\/p><p style=\"color: #444444; font-size: medium;\">11. A\u00a0<strong>CIDADE SOL<\/strong>\u00a0estabelecer\u00e1 os hor\u00e1rios e poltronas dispon\u00edveis para as ofertas nos itiner\u00e1rios de Ida e Volta e per\u00edodos indicados no item 14, ficando a crit\u00e9rio exclusivo da Empresa a quantidade de poltronas e as condi\u00e7\u00f5es e hor\u00e1rios para concess\u00e3o dos descontos promocionais;<\/p><p style=\"color: #444444; font-size: medium;\">12. A mera participa\u00e7\u00e3o nesta promo\u00e7\u00e3o caracteriza a aceita\u00e7\u00e3o dos termos e condi\u00e7\u00f5es revistos neste regulamento;<\/p><div style=\"color: #444444; font-size: medium; background-color: #f9f9f9; padding: 25px; border-radius: 8px; border: 1px solid #e0e0e0; margin: 30px 0px;\"><p style=\"color: #003366; font-weight: bold;\">13. Promo\u00e7\u00e3o v\u00e1lida para compras de 01\/12\/2025 a 13\/12\/2026, mediante a disponibiliza\u00e7\u00e3o de hor\u00e1rios para vendas, EXCETO:<\/p><ul style=\"font-size: 14px; color: #666666; margin-bottom: 20px;\"><li>De 09\/03\/26 a 15\/03\/26; de 25\/03 a 26\/03\/26; de 28\/04 a 29\/04\/26; 05\/05\/2026; de 12\/05 a 15\/05\/26; de 25\/05 a 29\/05\/26.<\/li><\/ul><p style=\"color: #003366; font-weight: bold;\">14. Promo\u00e7\u00e3o v\u00e1lida para embarques de 01\/12\/2025 a 06\/01\/2027, EXCETO:<\/p><ul style=\"font-size: 14px; color: #666666;\"><li>De 15\/12\/25 a 11\/01\/26; de 11\/02\/26 a 23\/02\/26; de 02\/04\/26 a 06\/04\/26; de 17\/04\/26 a 21\/04\/26; de 29\/04\/26 a 04\/05\/26; de 08\/05\/26 a 11\/05\/26; de 03\/06\/26 a 07\/06\/26; de 15\/06\/26 a 06\/07\/26; de 03\/09\/26 a 08\/09\/26; de 01\/10\/26 a 05\/10\/26; de 08\/10\/26 a 13\/10\/26; de 29\/10\/26 a 03\/11\/26; de 19\/11\/26 a 23\/11\/26; de 17\/12\/26 a 05\/01\/27.<\/li><\/ul><\/div><p style=\"color: #444444; font-size: medium;\">15. Promo\u00e7\u00e3o n\u00e3o cumulativa;<\/p><p style=\"color: #444444; font-size: medium;\">16. A empresa se reserva ao direito de interrup\u00e7\u00e3o da\u00a0<strong>PROMO\u00c7\u00c3O 20% OFF<\/strong>\u00a0a qualquer momento sem aviso pr\u00e9vio, assegurado o direito de compra j\u00e1 efetuada, desde que em conformidade com as condi\u00e7\u00f5es previstas na PROMO\u00c7\u00c3O 20% OFF.<\/p><div style=\"color: #444444; font-size: medium; margin-top: 50px; text-align: center; border-top: 2px solid #003366; padding-top: 20px;\"><p style=\"font-weight: bold; color: #003366; margin-bottom: 5px; font-size: 18px;\">Para mais informa\u00e7\u00f5es, entre em contato com o nosso SAC: 0800 075 0010<\/p><p style=\"font-weight: bold; text-transform: uppercase; color: #f29400; font-size: 22px; letter-spacing: 1px;\">Cidade Sol, Iluminando Caminhos.<\/p><\/div><div style=\"color: #444444; font-size: medium; margin-top: 50px; text-align: center; border-top: 2px solid #003366; padding-top: 20px;\">\u00a0<\/div>\t\t\t\t\t\t<\/div>\n\t\t\t\t<\/div>\n\t\t\t\t<div class=\"elementor-element elementor-element-133cabc elementor-widget elementor-widget-text-editor\" data-id=\"133cabc\" data-element_type=\"widget\" data-widget_type=\"text-editor.default\">\n\t\t\t\t<div class=\"elementor-widget-container\">\n\t\t\t\t\t\t\t\t\t\t\t\t\t<\/div>\n\t\t\t\t<\/div>\n\t\t\t\t<div class=\"elementor-element elementor-element-7455b53 elementor-widget elementor-widget-spacer\" data-id=\"7455b53\" data-element_type=\"widget\" data-widget_type=\"spacer.default\">\n\t\t\t\t<div class=\"elementor-widget-container\">\n\t\t\t<style>\/*! elementor - v3.8.1 - 13-11-2022 *\/\n.elementor-column .elementor-spacer-inner{height:var(--spacer-size)}.e-con{--container-widget-width:100%}.e-con-inner>.elementor-widget-spacer,.e-con>.elementor-widget-spacer{width:var(--container-widget-width,var(--spacer-size));-ms-flex-item-align:stretch;align-self:stretch;-ms-flex-negative:0;flex-shrink:0}.e-con-inner>.elementor-widget-spacer>.elementor-widget-container,.e-con-inner>.elementor-widget-spacer>.elementor-widget-container>.elementor-spacer,.e-con>.elementor-widget-spacer>.elementor-widget-container,.e-con>.elementor-widget-spacer>.elementor-widget-container>.elementor-spacer{height:100%}.e-con-inner>.elementor-widget-spacer>.elementor-widget-container>.elementor-spacer>.elementor-spacer-inner,.e-con>.elementor-widget-spacer>.elementor-widget-container>.elementor-spacer>.elementor-spacer-inner{height:var(--container-widget-height,var(--spacer-size))}<\/style>\t\t<div class=\"elementor-spacer\">\n\t\t\t<div class=\"elementor-spacer-inner\"><\/div>\n\t\t<\/div>\n\t\t\t\t<\/div>\n\t\t\t\t<\/div>\n\t\t\t\t\t<\/div>\n\t\t<\/div>\n\t\t\t\t\t\t\t<\/div>\n\t\t<\/section>\n\t\t\t\t\t<\/div>\n\t\t<\/div>\n\t\t\t\t\t\t\t<\/div>\n\t\t<\/section>\n\t\t\t\t\t\t\t<\/div>\n\t\t","protected":false},"excerpt":{"rendered":"<p>REGULAMENTO PROMO\u00c7\u00c3O 20% OFF 1. A\u00a0promo\u00e7\u00e3o 20% OFF\u00a0da\u00a0CIDADE SOL\u00a0consiste na disponibiliza\u00e7\u00e3o de trechos e servi\u00e7os espec\u00edficos, em valores promocionais, dentro do per\u00edodo de validade estipulado. As condi\u00e7\u00f5es para elegibilidade encontram-se nos itens a seguir descritos; 2. A\u00a0PROMO\u00c7\u00c3O 20% OFF\u00a0da\u00a0CIDADE SOL\u00a0estar\u00e1 dispon\u00edvel para as compras efetuadas pelo site\u00a0cidadesol.com.br, no APP oficial Cidade Sol e nas ag\u00eancias [&hellip;]<\/p>\n","protected":false},"author":2,"featured_media":0,"parent":0,"menu_order":0,"comment_status":"closed","ping_status":"closed","template":"","meta":{"_joinchat":[],"footnotes":""},"class_list":["post-3315","page","type-page","status-publish","hentry"],"_links":{"self":[{"href":"https:\/\/cidadesol.com.br\/index.php\/wp-json\/wp\/v2\/pages\/3315","targetHints":{"allow":["GET"]}}],"collection":[{"href":"https:\/\/cidadesol.com.br\/index.php\/wp-json\/wp\/v2\/pages"}],"about":[{"href":"https:\/\/cidadesol.com.br\/index.php\/wp-json\/wp\/v2\/types\/page"}],"author":[{"embeddable":true,"href":"https:\/\/cidadesol.com.br\/index.php\/wp-json\/wp\/v2\/users\/2"}],"replies":[{"embeddable":true,"href":"https:\/\/cidadesol.com.br\/index.php\/wp-json\/wp\/v2\/comments?post=3315"}],"version-history":[{"count":79,"href":"https:\/\/cidadesol.com.br\/index.php\/wp-json\/wp\/v2\/pages\/3315\/revisions"}],"predecessor-version":[{"id":4908,"href":"https:\/\/cidadesol.com.br\/index.php\/wp-json\/wp\/v2\/pages\/3315\/revisions\/4908"}],"wp:attachment":[{"href":"https:\/\/cidadesol.com.br\/index.php\/wp-json\/wp\/v2\/media?parent=3315"}],"curies":[{"name":"wp","href":"https:\/\/api.w.org\/{rel}","templated":true}]}}