{"id":3305,"date":"2023-04-28T21:02:57","date_gmt":"2023-04-28T21:02:57","guid":{"rendered":"https:\/\/cidadesol.com.br\/?page_id=3305"},"modified":"2023-04-28T21:12:36","modified_gmt":"2023-04-28T21:12:36","slug":"regulamento-cupom-toindomae","status":"publish","type":"page","link":"https:\/\/cidadesol.com.br\/index.php\/regulamento-cupom-toindomae\/","title":{"rendered":"Regulamento &#8211; Cupom TOINDOMAE"},"content":{"rendered":"\t\t<div data-elementor-type=\"wp-page\" data-elementor-id=\"3305\" class=\"elementor elementor-3305\">\n\t\t\t\t\t\t\t<div class=\"elementor-element elementor-element-002a6af e-con-full e-con\" data-id=\"002a6af\" data-element_type=\"container\" data-settings=\"{&quot;content_width&quot;:&quot;full&quot;}\">\n\t\t\t\t<\/div>\n\t\t\t\t<section class=\"elementor-section elementor-top-section elementor-element elementor-element-e8d2339 elementor-section-boxed elementor-section-height-default elementor-section-height-default\" data-id=\"e8d2339\" data-element_type=\"section\" data-settings=\"{&quot;_ha_eqh_enable&quot;:false}\">\n\t\t\t\t\t\t<div class=\"elementor-container elementor-column-gap-default\">\n\t\t\t\t\t<div class=\"elementor-column elementor-col-100 elementor-top-column elementor-element elementor-element-ed904f4\" data-id=\"ed904f4\" data-element_type=\"column\">\n\t\t\t<div class=\"elementor-widget-wrap elementor-element-populated\">\n\t\t\t\t\t\t\t\t<div class=\"elementor-element elementor-element-fd34b6d elementor-widget elementor-widget-image\" data-id=\"fd34b6d\" data-element_type=\"widget\" data-widget_type=\"image.default\">\n\t\t\t\t<div class=\"elementor-widget-container\">\n\t\t\t<style>\/*! elementor - v3.8.1 - 13-11-2022 *\/\n.elementor-widget-image{text-align:center}.elementor-widget-image a{display:inline-block}.elementor-widget-image a img[src$=\".svg\"]{width:48px}.elementor-widget-image img{vertical-align:middle;display:inline-block}<\/style>\t\t\t\t\t\t\t\t\t\t\t\t<img decoding=\"async\" width=\"1920\" height=\"440\" src=\"https:\/\/cidadesol.com.br\/wp-content\/uploads\/2023\/04\/Cupom-Dia-das-Maes.jpg\" class=\"attachment-full size-full\" alt=\"\" srcset=\"https:\/\/cidadesol.com.br\/wp-content\/uploads\/2023\/04\/Cupom-Dia-das-Maes.jpg 1920w, https:\/\/cidadesol.com.br\/wp-content\/uploads\/2023\/04\/Cupom-Dia-das-Maes-300x69.jpg 300w, https:\/\/cidadesol.com.br\/wp-content\/uploads\/2023\/04\/Cupom-Dia-das-Maes-1024x235.jpg 1024w, https:\/\/cidadesol.com.br\/wp-content\/uploads\/2023\/04\/Cupom-Dia-das-Maes-768x176.jpg 768w, https:\/\/cidadesol.com.br\/wp-content\/uploads\/2023\/04\/Cupom-Dia-das-Maes-1536x352.jpg 1536w\" sizes=\"(max-width: 1920px) 100vw, 1920px\" \/>\t\t\t\t\t\t\t\t\t\t\t\t\t\t\t<\/div>\n\t\t\t\t<\/div>\n\t\t\t\t<section class=\"elementor-section elementor-inner-section elementor-element elementor-element-cd0a936 elementor-section-boxed elementor-section-height-default elementor-section-height-default\" data-id=\"cd0a936\" data-element_type=\"section\" data-settings=\"{&quot;_ha_eqh_enable&quot;:false}\">\n\t\t\t\t\t\t<div class=\"elementor-container elementor-column-gap-default\">\n\t\t\t\t\t<div class=\"elementor-column elementor-col-100 elementor-inner-column elementor-element elementor-element-856d0d4\" data-id=\"856d0d4\" data-element_type=\"column\">\n\t\t\t<div class=\"elementor-widget-wrap elementor-element-populated\">\n\t\t\t\t\t\t\t\t<div class=\"elementor-element elementor-element-d3950f7 elementor-widget elementor-widget-heading\" data-id=\"d3950f7\" data-element_type=\"widget\" data-widget_type=\"heading.default\">\n\t\t\t\t<div class=\"elementor-widget-container\">\n\t\t\t<style>\/*! elementor - v3.8.1 - 13-11-2022 *\/\n.elementor-heading-title{padding:0;margin:0;line-height:1}.elementor-widget-heading .elementor-heading-title[class*=elementor-size-]>a{color:inherit;font-size:inherit;line-height:inherit}.elementor-widget-heading .elementor-heading-title.elementor-size-small{font-size:15px}.elementor-widget-heading .elementor-heading-title.elementor-size-medium{font-size:19px}.elementor-widget-heading .elementor-heading-title.elementor-size-large{font-size:29px}.elementor-widget-heading .elementor-heading-title.elementor-size-xl{font-size:39px}.elementor-widget-heading .elementor-heading-title.elementor-size-xxl{font-size:59px}<\/style><h4 class=\"elementor-heading-title elementor-size-default\">REGULAMENTO CUPOM TOINDOMAE<\/h4>\t\t<\/div>\n\t\t\t\t<\/div>\n\t\t\t\t<div class=\"elementor-element elementor-element-a55c3b0 elementor-widget elementor-widget-text-editor\" data-id=\"a55c3b0\" data-element_type=\"widget\" data-widget_type=\"text-editor.default\">\n\t\t\t\t<div class=\"elementor-widget-container\">\n\t\t\t<style>\/*! elementor - v3.8.1 - 13-11-2022 *\/\n.elementor-widget-text-editor.elementor-drop-cap-view-stacked .elementor-drop-cap{background-color:#818a91;color:#fff}.elementor-widget-text-editor.elementor-drop-cap-view-framed .elementor-drop-cap{color:#818a91;border:3px solid;background-color:transparent}.elementor-widget-text-editor:not(.elementor-drop-cap-view-default) .elementor-drop-cap{margin-top:8px}.elementor-widget-text-editor:not(.elementor-drop-cap-view-default) .elementor-drop-cap-letter{width:1em;height:1em}.elementor-widget-text-editor .elementor-drop-cap{float:left;text-align:center;line-height:1;font-size:50px}.elementor-widget-text-editor .elementor-drop-cap-letter{display:inline-block}<\/style>\t\t\t\t<p class=\"MsoNormal\" style=\"text-indent: -35.3pt; mso-list: l1 level1 lfo1; margin: 0cm .1pt 14.6pt 35.3pt;\"><!-- [if !supportLists]--><span style=\"font-size: 12.0pt; line-height: 102%; font-family: 'Arial',sans-serif; mso-fareast-font-family: Arial; color: #1a1915;\">1.<span style=\"font-variant-numeric: normal; font-variant-east-asian: normal; font-variant-alternates: normal; font-kerning: auto; font-optical-sizing: auto; font-feature-settings: normal; font-variation-settings: normal; font-stretch: normal; font-size: 7pt; line-height: normal; font-family: 'Times New Roman';\">\u00a0\u00a0\u00a0\u00a0\u00a0\u00a0\u00a0\u00a0\u00a0\u00a0\u00a0 <\/span><\/span><!--[endif]-->O CUPOM PROMOCIONAL<b> TOINDOMAE<\/b> da <b>CIDADE SOL<\/b> consiste na disponibiliza\u00e7\u00e3o de 35% de desconto por inser\u00e7\u00e3o de c\u00f3digo promocional pr\u00e9-estabelecido, em trechos e servi\u00e7os espec\u00edficos, dentro do per\u00edodo de validade estipulado. As condi\u00e7\u00f5es para elegibilidade encontram-se nos itens a seguir descritos;<\/p><p class=\"MsoNormal\" style=\"text-indent: -35.3pt; mso-list: l1 level1 lfo1; margin: 0cm .1pt .55pt 35.3pt;\"><!-- [if !supportLists]--><span style=\"font-size: 12.0pt; line-height: 102%; font-family: 'Arial',sans-serif; mso-fareast-font-family: Arial; color: #1a1915;\">2.<span style=\"font-variant-numeric: normal; font-variant-east-asian: normal; font-variant-alternates: normal; font-kerning: auto; font-optical-sizing: auto; font-feature-settings: normal; font-variation-settings: normal; font-stretch: normal; font-size: 7pt; line-height: normal; font-family: 'Times New Roman';\">\u00a0\u00a0\u00a0\u00a0\u00a0\u00a0\u00a0\u00a0\u00a0\u00a0\u00a0 <\/span><\/span><!--[endif]-->O CUPOM PROMOCIONAL<b> TOINDOMAE<\/b> da <b>CIDADE SOL<\/b> ser\u00e1 disponibilizado apenas para compras efetivadas no site https:\/\/www.cidadesol.com.br e pelo APP oficial da Cidade Sol dispon\u00edvel para android e iOS;<\/p><p class=\"MsoNormal\" style=\"margin: 0cm 0cm 14.2pt; text-indent: 0cm; line-height: 107%;\" align=\"left\">\u00a0<\/p><p class=\"MsoNormal\" style=\"text-indent: -35.3pt; line-height: 103%; mso-list: l1 level1 lfo1; margin: 0cm .1pt .3pt 35.3pt;\"><!-- [if !supportLists]--><span style=\"font-size: 12.0pt; line-height: 103%; font-family: 'Arial',sans-serif; mso-fareast-font-family: Arial; color: #1a1915;\">3.<span style=\"font-variant-numeric: normal; font-variant-east-asian: normal; font-variant-alternates: normal; font-kerning: auto; font-optical-sizing: auto; font-feature-settings: normal; font-variation-settings: normal; font-stretch: normal; font-size: 7pt; line-height: normal; font-family: 'Times New Roman';\">\u00a0\u00a0\u00a0\u00a0\u00a0\u00a0\u00a0\u00a0\u00a0\u00a0\u00a0 <\/span><\/span><!--[endif]-->Os 35% de desconto da <b>campanha promocional<\/b> <b>com cupom de desconto<\/b> <b>(TOINDOMAE)<\/b><\/p><p class=\"MsoNormal\" style=\"margin: 0cm .1pt .55pt 35.45pt;\">ser\u00e3o aplicados apenas sobre as tarifas das passagens dos trechos promocionais. Portanto, n\u00e3o est\u00e3o inclusas nos descontos as tarifas de ped\u00e1gio, seguro facultativo e de utiliza\u00e7\u00e3o de terminais;\u00a0<\/p><p class=\"MsoNormal\" style=\"margin: 0cm 0cm 0.5pt 0.35pt; text-indent: 0cm; line-height: 107%;\" align=\"left\">\u00a0<\/p><p class=\"MsoNormal\" style=\"text-indent: -35.3pt; mso-list: l1 level1 lfo1; margin: 0cm .1pt .55pt 35.3pt;\"><!-- [if !supportLists]--><span style=\"font-size: 12.0pt; line-height: 102%; font-family: 'Arial',sans-serif; mso-fareast-font-family: Arial; color: #1a1915;\">4.<span style=\"font-variant-numeric: normal; font-variant-east-asian: normal; font-variant-alternates: normal; font-kerning: auto; font-optical-sizing: auto; font-feature-settings: normal; font-variation-settings: normal; font-stretch: normal; font-size: 7pt; line-height: normal; font-family: 'Times New Roman';\">\u00a0\u00a0\u00a0\u00a0\u00a0\u00a0\u00a0\u00a0\u00a0\u00a0\u00a0 <\/span><\/span><!--[endif]-->Os cupons promocionais ser\u00e3o v\u00e1lidos <b>SOMENTE <\/b>para compras no per\u00edodo de 28\/04 a 14\/05\/2023 nas linhas e trajetos designados no item 8, e ser\u00e3o aplicados no valor do bilhete de passagem adquirido e para embarque nos per\u00edodos designados no item 12. Para aplica\u00e7\u00e3o do desconto, o cliente dever\u00e1 inserir a denomina\u00e7\u00e3o do cupom correspondente <b>(TOINDOMAE) <\/b>no campo espec\u00edfico no momento da compra. Em casos de mais <span style=\"background-image: initial; background-position: initial; background-size: initial; background-repeat: initial; background-attachment: initial; background-origin: initial; background-clip: initial;\">de uma passagem na mesma compra, o cupom deve ser inserido em todos os campos dispon\u00edveis;<\/span><\/p><p class=\"MsoNormal\" style=\"margin: 0cm 0cm 0.85pt 0.35pt; text-indent: 0cm; line-height: 107%;\" align=\"left\">\u00a0<\/p><p class=\"MsoNormal\" style=\"text-indent: -35.3pt; mso-list: l1 level1 lfo1; margin: 0cm .1pt .55pt 35.3pt;\"><!-- [if !supportLists]--><span style=\"font-size: 12.0pt; line-height: 102%; font-family: 'Arial',sans-serif; mso-fareast-font-family: Arial; color: #1a1915;\">5.<span style=\"font-variant-numeric: normal; font-variant-east-asian: normal; font-variant-alternates: normal; font-kerning: auto; font-optical-sizing: auto; font-feature-settings: normal; font-variation-settings: normal; font-stretch: normal; font-size: 7pt; line-height: normal; font-family: 'Times New Roman';\">\u00a0\u00a0\u00a0\u00a0\u00a0\u00a0\u00a0\u00a0\u00a0\u00a0\u00a0 <\/span><\/span><!--[endif]-->Para remarca\u00e7\u00e3o, o cliente fica desde j\u00e1 ciente de que, em sendo o valor menor do que a compra origin\u00e1ria, em raz\u00e3o da compra adquirida ter sido em valor promocional, n\u00e3o ser\u00e1 eleg\u00edvel ao reembolso da diferen\u00e7a. J\u00e1 se o valor da remarca\u00e7\u00e3o for superior ao valor originariamente pago, dever\u00e1 observar o valor da tarifa vigente para a nova data desejada, efetuando o pagamento da diferen\u00e7a de valor, inclusive de ped\u00e1gio, seguro facultativo e de utiliza\u00e7\u00e3o de terminais, quando houver;<\/p><p class=\"MsoNormal\" style=\"margin: 0cm 0cm 7.3pt 36pt; text-indent: 0cm; line-height: 107%;\" align=\"left\">\u00a0<\/p><p class=\"MsoNormal\" style=\"text-indent: 0cm; margin: 0cm .1pt 14.25pt 35.45pt;\">5.1 A remarca\u00e7\u00e3o de viagens adquiridas na <b>campanha promocional com cupom de desconto<\/b> <b>(TOINDOMAE)<\/b> no trecho interestadual, somente ser\u00e1 eleg\u00edvel para remarca\u00e7\u00e3o em outro trecho interestadual, enquanto a remarca\u00e7\u00e3o de viagem em trecho intermunicipal adquirida na vig\u00eancia da promo\u00e7\u00e3o, somente ser\u00e1 eleg\u00edvel para remarca\u00e7\u00e3o em outro trecho intermunicipal, desde que observada as 3 (tr\u00eas) horas de anteced\u00eancia prevista;<\/p><p class=\"MsoNormal\" style=\"text-indent: -35.3pt; mso-list: l1 level1 lfo1; margin: 0cm .1pt 14.25pt 35.3pt;\"><!-- [if !supportLists]--><span style=\"font-size: 12.0pt; line-height: 102%; font-family: 'Arial',sans-serif; mso-fareast-font-family: Arial; color: #1a1915;\">6.<span style=\"font-variant-numeric: normal; font-variant-east-asian: normal; font-variant-alternates: normal; font-kerning: auto; font-optical-sizing: auto; font-feature-settings: normal; font-variation-settings: normal; font-stretch: normal; font-size: 7pt; line-height: normal; font-family: 'Times New Roman';\">\u00a0\u00a0\u00a0\u00a0\u00a0\u00a0\u00a0\u00a0\u00a0\u00a0\u00a0 <\/span><\/span><!--[endif]-->Para cancelamento, o cliente dever\u00e1 solicitar em at\u00e9 3 (tr\u00eas) horas de anteced\u00eancia da viagem, observando as regras e condi\u00e7\u00f5es previstas para o reembolso, sendo o valor a ser reembolsado o mesmo valor pago pelo cliente a \u00e9poca da aquisi\u00e7\u00e3o da tarifa na <b>campanha promocional com cupom de desconto<\/b> <b>(TOINDOMAE)<\/b>;\u00a0<\/p><p class=\"MsoNormal\" style=\"text-indent: -35.3pt; mso-list: l1 level1 lfo1; margin: 0cm .1pt 13.7pt 35.3pt;\"><!-- [if !supportLists]--><span style=\"font-size: 12.0pt; line-height: 102%; font-family: 'Arial',sans-serif; mso-fareast-font-family: Arial; color: #1a1915;\">7.<span style=\"font-variant-numeric: normal; font-variant-east-asian: normal; font-variant-alternates: normal; font-kerning: auto; font-optical-sizing: auto; font-feature-settings: normal; font-variation-settings: normal; font-stretch: normal; font-size: 7pt; line-height: normal; font-family: 'Times New Roman';\">\u00a0\u00a0\u00a0\u00a0\u00a0\u00a0\u00a0\u00a0\u00a0\u00a0\u00a0 <\/span><\/span><!--[endif]-->O bilhete de passagem adquirido no per\u00edodo promocional \u00e9 para uso pessoal e intransfer\u00edvel;\u00a0<\/p><p class=\"MsoNormal\" style=\"text-indent: -35.3pt; mso-list: l1 level1 lfo1; margin: 0cm .1pt 15.7pt 35.3pt;\"><!-- [if !supportLists]--><span style=\"font-size: 12.0pt; line-height: 102%; font-family: 'Arial',sans-serif; mso-fareast-font-family: Arial; color: #1a1915;\">8.<span style=\"font-variant-numeric: normal; font-variant-east-asian: normal; font-variant-alternates: normal; font-kerning: auto; font-optical-sizing: auto; font-feature-settings: normal; font-variation-settings: normal; font-stretch: normal; font-size: 7pt; line-height: normal; font-family: 'Times New Roman';\">\u00a0\u00a0\u00a0\u00a0\u00a0\u00a0\u00a0\u00a0\u00a0\u00a0\u00a0 <\/span><\/span><!--[endif]-->O<b> CUPOM PROMOCIONAL TOINDOMAE<\/b> da <b>CIDADE SOL<\/b> \u00e9 v\u00e1lido <span style=\"background-image: initial; background-position: initial; background-size: initial; background-repeat: initial; background-attachment: initial; background-origin: initial; background-clip: initial;\">todos os trechos operados pela empresa<\/span>:<\/p><p class=\"MsoListParagraph\" style=\"margin: 0cm 0cm 0.3pt 36pt; text-indent: -18pt; line-height: 103%;\" align=\"left\"><!-- [if !supportLists]--><span style=\"font-size: 12.0pt; mso-bidi-font-size: 11.0pt; line-height: 103%; font-family: Symbol; mso-fareast-font-family: Symbol; mso-bidi-font-family: Symbol; color: #1a1915;\">\u00b7<span style=\"font-variant-numeric: normal; font-variant-east-asian: normal; font-variant-alternates: normal; font-kerning: auto; font-optical-sizing: auto; font-feature-settings: normal; font-variation-settings: normal; font-stretch: normal; font-size: 7pt; line-height: normal; font-family: 'Times New Roman';\">\u00a0\u00a0\u00a0\u00a0\u00a0\u00a0\u00a0\u00a0 <\/span><\/span><!--[endif]--><b>C\u00f3digo de cupom promocional: TOINDOMAE<\/b><\/p><p class=\"MsoNormal\" style=\"margin: 0cm 0cm 0.5pt; text-indent: 0cm; line-height: 107%;\" align=\"left\">\u00a0<\/p><p class=\"MsoNormal\" style=\"text-indent: -35.3pt; mso-list: l1 level1 lfo1; margin: 0cm .1pt .55pt 35.3pt;\"><!-- [if !supportLists]--><span style=\"font-size: 12.0pt; line-height: 102%; font-family: 'Arial',sans-serif; mso-fareast-font-family: Arial; color: #1a1915;\">9.<span style=\"font-variant-numeric: normal; font-variant-east-asian: normal; font-variant-alternates: normal; font-kerning: auto; font-optical-sizing: auto; font-feature-settings: normal; font-variation-settings: normal; font-stretch: normal; font-size: 7pt; line-height: normal; font-family: 'Times New Roman';\">\u00a0\u00a0\u00a0\u00a0\u00a0\u00a0\u00a0\u00a0\u00a0\u00a0\u00a0 <\/span><\/span><!--[endif]-->Promo\u00e7\u00e3o v\u00e1lida para todos os servi\u00e7os, <b>EXCETO <\/b>para o servi\u00e7o <b>LEITO;<\/b><\/p><p class=\"MsoNormal\" style=\"text-indent: 0cm; margin: 0cm .1pt .55pt 35.3pt;\">\u00a0<\/p><p class=\"MsoNormal\" style=\"text-indent: -35.3pt; mso-list: l1 level1 lfo1; margin: 0cm .1pt .55pt 35.3pt;\"><!-- [if !supportLists]--><span style=\"font-size: 12.0pt; line-height: 102%; font-family: 'Arial',sans-serif; mso-fareast-font-family: Arial; color: #1a1915;\">10.<span style=\"font-variant-numeric: normal; font-variant-east-asian: normal; font-variant-alternates: normal; font-kerning: auto; font-optical-sizing: auto; font-feature-settings: normal; font-variation-settings: normal; font-stretch: normal; font-size: 7pt; line-height: normal; font-family: 'Times New Roman';\">\u00a0\u00a0\u00a0\u00a0\u00a0\u00a0\u00a0\u00a0 <\/span><\/span><!--[endif]-->A mera participa\u00e7\u00e3o nesta promo\u00e7\u00e3o caracteriza a aceita\u00e7\u00e3o dos termos e condi\u00e7\u00f5es previstos neste regulamento;<\/p><p class=\"MsoNormal\" style=\"margin: 0cm 0cm 1.55pt 36pt; text-indent: 0cm; line-height: 107%;\" align=\"left\">\u00a0<\/p><p class=\"MsoListParagraph\" style=\"margin-left: 0cm; mso-add-space: auto; mso-list: l1 level1 lfo1;\"><!-- [if !supportLists]--><span style=\"font-size: 12.0pt; line-height: 102%; font-family: 'Arial',sans-serif; mso-fareast-font-family: Arial; color: #1a1915; mso-fareast-language: EN-US;\">11.<span style=\"font-variant-numeric: normal; font-variant-east-asian: normal; font-variant-alternates: normal; font-kerning: auto; font-optical-sizing: auto; font-feature-settings: normal; font-variation-settings: normal; font-stretch: normal; font-size: 7pt; line-height: normal; font-family: 'Times New Roman';\">\u00a0\u00a0\u00a0\u00a0\u00a0\u00a0\u00a0\u00a0 <\/span><\/span><!--[endif]-->Cupom de ofertas v\u00e1lido para <b>compras no per\u00edodo de 28\/04 a 14\/05\/2023;<\/b><\/p><p class=\"MsoNormal\" style=\"margin: 0cm 0cm 0.0001pt; text-indent: 0cm; line-height: normal;\" align=\"left\"><span style=\"font-family: 'Calibri',sans-serif; color: windowtext; mso-fareast-language: EN-US;\">\u00a0<\/span><\/p><p class=\"MsoNormal\" style=\"text-indent: -35.3pt; line-height: 103%; mso-list: l1 level1 lfo1; margin: 0cm .1pt .3pt 35.3pt;\"><!-- [if !supportLists]--><span style=\"font-size: 12.0pt; line-height: 103%; font-family: 'Arial',sans-serif; mso-fareast-font-family: Arial; color: #1a1915;\">12.<span style=\"font-variant-numeric: normal; font-variant-east-asian: normal; font-variant-alternates: normal; font-kerning: auto; font-optical-sizing: auto; font-feature-settings: normal; font-variation-settings: normal; font-stretch: normal; font-size: 7pt; line-height: normal; font-family: 'Times New Roman';\">\u00a0\u00a0\u00a0\u00a0\u00a0\u00a0\u00a0\u00a0 <\/span><\/span><!--[endif]--><b>Embarques estabelecidos entre 02\/05 e 14\/05\/2023;<\/b><\/p><p class=\"MsoNormal\" style=\"margin: 0cm 0cm 0.0001pt 0.35pt; text-indent: 0cm; line-height: 107%;\" align=\"left\"><span style=\"font-size: 12.0pt; mso-bidi-font-size: 11.0pt; line-height: 107%;\">\u00a0<\/span><\/p><p class=\"MsoNormal\" style=\"text-indent: -35.3pt; mso-list: l1 level1 lfo1; margin: 0cm .1pt .55pt 35.3pt;\"><!-- [if !supportLists]--><span style=\"font-size: 12.0pt; line-height: 102%; font-family: 'Arial',sans-serif; mso-fareast-font-family: Arial; color: #1a1915;\">13.<span style=\"font-variant-numeric: normal; font-variant-east-asian: normal; font-variant-alternates: normal; font-kerning: auto; font-optical-sizing: auto; font-feature-settings: normal; font-variation-settings: normal; font-stretch: normal; font-size: 7pt; line-height: normal; font-family: 'Times New Roman';\">\u00a0\u00a0\u00a0\u00a0\u00a0\u00a0\u00a0\u00a0 <\/span><\/span><!--[endif]-->Promo\u00e7\u00e3o n\u00e3o cumulativa;<\/p><p class=\"MsoNormal\" style=\"margin: 0cm 0cm 0.5pt 0.35pt; text-indent: 0cm; line-height: 107%;\" align=\"left\">\u00a0<\/p><p>\u00a0<\/p><p class=\"MsoNormal\" style=\"text-indent: -35.3pt; mso-list: l1 level1 lfo1; margin: 0cm .1pt .55pt 35.3pt;\"><!-- [if !supportLists]--><span style=\"font-size: 12.0pt; line-height: 102%; font-family: 'Arial',sans-serif; mso-fareast-font-family: Arial; color: #1a1915;\">14.<span style=\"font-variant-numeric: normal; font-variant-east-asian: normal; font-variant-alternates: normal; font-kerning: auto; font-optical-sizing: auto; font-feature-settings: normal; font-variation-settings: normal; font-stretch: normal; font-size: 7pt; line-height: normal; font-family: 'Times New Roman';\">\u00a0\u00a0\u00a0\u00a0\u00a0\u00a0\u00a0\u00a0 <\/span><\/span><!--[endif]-->A empresa se reserva ao direito de interrup\u00e7\u00e3o desta <b>campanha promocional<\/b> <b>com cupom de desconto<\/b> <b>(TOINDOMAE)<\/b> a qualquer momento sem aviso pr\u00e9vio.<\/p><p>\u00a0<\/p><p style=\"color: #7a7a7a;\"><span style=\"color: var( --e-global-color-text ); font-family: var( --e-global-typography-text-font-family ), Sans-serif; font-weight: var( --e-global-typography-text-font-weight ); font-size: 1rem;\">Para mais informa\u00e7\u00f5es, entre e contato com o nosso<\/span><span style=\"font-weight: bold; color: var( --e-global-color-text ); font-family: var( --e-global-typography-text-font-family ), Sans-serif; font-size: 1rem;\">\u00a0SAC: 0800 075 0010<\/span><\/p><p style=\"margin-bottom: 0px; color: #7a7a7a;\"><span style=\"font-weight: bold;\">Cidade Sol, iluminando caminhos.<\/span><\/p><p>\u00a0<\/p>\t\t\t\t\t\t<\/div>\n\t\t\t\t<\/div>\n\t\t\t\t<div class=\"elementor-element elementor-element-133cabc elementor-widget elementor-widget-text-editor\" data-id=\"133cabc\" data-element_type=\"widget\" data-widget_type=\"text-editor.default\">\n\t\t\t\t<div class=\"elementor-widget-container\">\n\t\t\t\t\t\t\t\t\t\t\t\t\t<\/div>\n\t\t\t\t<\/div>\n\t\t\t\t<div class=\"elementor-element elementor-element-7455b53 elementor-widget elementor-widget-spacer\" data-id=\"7455b53\" data-element_type=\"widget\" data-widget_type=\"spacer.default\">\n\t\t\t\t<div class=\"elementor-widget-container\">\n\t\t\t<style>\/*! elementor - v3.8.1 - 13-11-2022 *\/\n.elementor-column .elementor-spacer-inner{height:var(--spacer-size)}.e-con{--container-widget-width:100%}.e-con-inner>.elementor-widget-spacer,.e-con>.elementor-widget-spacer{width:var(--container-widget-width,var(--spacer-size));-ms-flex-item-align:stretch;align-self:stretch;-ms-flex-negative:0;flex-shrink:0}.e-con-inner>.elementor-widget-spacer>.elementor-widget-container,.e-con-inner>.elementor-widget-spacer>.elementor-widget-container>.elementor-spacer,.e-con>.elementor-widget-spacer>.elementor-widget-container,.e-con>.elementor-widget-spacer>.elementor-widget-container>.elementor-spacer{height:100%}.e-con-inner>.elementor-widget-spacer>.elementor-widget-container>.elementor-spacer>.elementor-spacer-inner,.e-con>.elementor-widget-spacer>.elementor-widget-container>.elementor-spacer>.elementor-spacer-inner{height:var(--container-widget-height,var(--spacer-size))}<\/style>\t\t<div class=\"elementor-spacer\">\n\t\t\t<div class=\"elementor-spacer-inner\"><\/div>\n\t\t<\/div>\n\t\t\t\t<\/div>\n\t\t\t\t<\/div>\n\t\t\t\t\t<\/div>\n\t\t<\/div>\n\t\t\t\t\t\t\t<\/div>\n\t\t<\/section>\n\t\t\t\t\t<\/div>\n\t\t<\/div>\n\t\t\t\t\t\t\t<\/div>\n\t\t<\/section>\n\t\t\t\t\t\t\t<\/div>\n\t\t","protected":false},"excerpt":{"rendered":"<p>REGULAMENTO CUPOM TOINDOMAE 1.\u00a0\u00a0\u00a0\u00a0\u00a0\u00a0\u00a0\u00a0\u00a0\u00a0\u00a0 O CUPOM PROMOCIONAL TOINDOMAE da CIDADE SOL consiste na disponibiliza\u00e7\u00e3o de 35% de desconto por inser\u00e7\u00e3o de c\u00f3digo promocional pr\u00e9-estabelecido, em trechos e servi\u00e7os espec\u00edficos, dentro do per\u00edodo de validade estipulado. As condi\u00e7\u00f5es para elegibilidade encontram-se nos itens a seguir descritos; 2.\u00a0\u00a0\u00a0\u00a0\u00a0\u00a0\u00a0\u00a0\u00a0\u00a0\u00a0 O CUPOM PROMOCIONAL TOINDOMAE da CIDADE SOL ser\u00e1 disponibilizado [&hellip;]<\/p>\n","protected":false},"author":2,"featured_media":0,"parent":0,"menu_order":0,"comment_status":"closed","ping_status":"closed","template":"","meta":{"_joinchat":[],"footnotes":""},"class_list":["post-3305","page","type-page","status-publish","hentry"],"_links":{"self":[{"href":"https:\/\/cidadesol.com.br\/index.php\/wp-json\/wp\/v2\/pages\/3305","targetHints":{"allow":["GET"]}}],"collection":[{"href":"https:\/\/cidadesol.com.br\/index.php\/wp-json\/wp\/v2\/pages"}],"about":[{"href":"https:\/\/cidadesol.com.br\/index.php\/wp-json\/wp\/v2\/types\/page"}],"author":[{"embeddable":true,"href":"https:\/\/cidadesol.com.br\/index.php\/wp-json\/wp\/v2\/users\/2"}],"replies":[{"embeddable":true,"href":"https:\/\/cidadesol.com.br\/index.php\/wp-json\/wp\/v2\/comments?post=3305"}],"version-history":[{"count":7,"href":"https:\/\/cidadesol.com.br\/index.php\/wp-json\/wp\/v2\/pages\/3305\/revisions"}],"predecessor-version":[{"id":3313,"href":"https:\/\/cidadesol.com.br\/index.php\/wp-json\/wp\/v2\/pages\/3305\/revisions\/3313"}],"wp:attachment":[{"href":"https:\/\/cidadesol.com.br\/index.php\/wp-json\/wp\/v2\/media?parent=3305"}],"curies":[{"name":"wp","href":"https:\/\/api.w.org\/{rel}","templated":true}]}}