{"id":3192,"date":"2023-03-06T13:25:14","date_gmt":"2023-03-06T13:25:14","guid":{"rendered":"https:\/\/cidadesol.com.br\/?page_id=3192"},"modified":"2023-03-15T18:02:00","modified_gmt":"2023-03-15T18:02:00","slug":"regulamento-compra-antecipada","status":"publish","type":"page","link":"https:\/\/cidadesol.com.br\/index.php\/regulamento-compra-antecipada\/","title":{"rendered":"Regulamento &#8211; Compra Antecipada"},"content":{"rendered":"\t\t<div data-elementor-type=\"wp-page\" data-elementor-id=\"3192\" class=\"elementor elementor-3192\">\n\t\t\t\t\t\t\t<div class=\"elementor-element elementor-element-002a6af e-con-full e-con\" data-id=\"002a6af\" data-element_type=\"container\" data-settings=\"{&quot;content_width&quot;:&quot;full&quot;}\">\n\t\t\t\t<\/div>\n\t\t\t\t<section class=\"elementor-section elementor-top-section elementor-element elementor-element-e8d2339 elementor-section-boxed elementor-section-height-default elementor-section-height-default\" data-id=\"e8d2339\" data-element_type=\"section\" data-settings=\"{&quot;_ha_eqh_enable&quot;:false}\">\n\t\t\t\t\t\t<div class=\"elementor-container elementor-column-gap-default\">\n\t\t\t\t\t<div class=\"elementor-column elementor-col-100 elementor-top-column elementor-element elementor-element-ed904f4\" data-id=\"ed904f4\" data-element_type=\"column\">\n\t\t\t<div class=\"elementor-widget-wrap elementor-element-populated\">\n\t\t\t\t\t\t\t\t<div class=\"elementor-element elementor-element-fd34b6d elementor-widget elementor-widget-image\" data-id=\"fd34b6d\" data-element_type=\"widget\" data-widget_type=\"image.default\">\n\t\t\t\t<div class=\"elementor-widget-container\">\n\t\t\t<style>\/*! elementor - v3.8.1 - 13-11-2022 *\/\n.elementor-widget-image{text-align:center}.elementor-widget-image a{display:inline-block}.elementor-widget-image a img[src$=\".svg\"]{width:48px}.elementor-widget-image img{vertical-align:middle;display:inline-block}<\/style>\t\t\t\t\t\t\t\t\t\t\t\t<img decoding=\"async\" width=\"1920\" height=\"440\" src=\"https:\/\/cidadesol.com.br\/wp-content\/uploads\/2023\/03\/Compra_Antecipada.jpg\" class=\"attachment-full size-full\" alt=\"\" srcset=\"https:\/\/cidadesol.com.br\/wp-content\/uploads\/2023\/03\/Compra_Antecipada.jpg 1920w, https:\/\/cidadesol.com.br\/wp-content\/uploads\/2023\/03\/Compra_Antecipada-300x69.jpg 300w, https:\/\/cidadesol.com.br\/wp-content\/uploads\/2023\/03\/Compra_Antecipada-1024x235.jpg 1024w, https:\/\/cidadesol.com.br\/wp-content\/uploads\/2023\/03\/Compra_Antecipada-768x176.jpg 768w, https:\/\/cidadesol.com.br\/wp-content\/uploads\/2023\/03\/Compra_Antecipada-1536x352.jpg 1536w\" sizes=\"(max-width: 1920px) 100vw, 1920px\" \/>\t\t\t\t\t\t\t\t\t\t\t\t\t\t\t<\/div>\n\t\t\t\t<\/div>\n\t\t\t\t<section class=\"elementor-section elementor-inner-section elementor-element elementor-element-cd0a936 elementor-section-boxed elementor-section-height-default elementor-section-height-default\" data-id=\"cd0a936\" data-element_type=\"section\" data-settings=\"{&quot;_ha_eqh_enable&quot;:false}\">\n\t\t\t\t\t\t<div class=\"elementor-container elementor-column-gap-default\">\n\t\t\t\t\t<div class=\"elementor-column elementor-col-100 elementor-inner-column elementor-element elementor-element-856d0d4\" data-id=\"856d0d4\" data-element_type=\"column\">\n\t\t\t<div class=\"elementor-widget-wrap elementor-element-populated\">\n\t\t\t\t\t\t\t\t<div class=\"elementor-element elementor-element-d3950f7 elementor-widget elementor-widget-heading\" data-id=\"d3950f7\" data-element_type=\"widget\" data-widget_type=\"heading.default\">\n\t\t\t\t<div class=\"elementor-widget-container\">\n\t\t\t<style>\/*! elementor - v3.8.1 - 13-11-2022 *\/\n.elementor-heading-title{padding:0;margin:0;line-height:1}.elementor-widget-heading .elementor-heading-title[class*=elementor-size-]>a{color:inherit;font-size:inherit;line-height:inherit}.elementor-widget-heading .elementor-heading-title.elementor-size-small{font-size:15px}.elementor-widget-heading .elementor-heading-title.elementor-size-medium{font-size:19px}.elementor-widget-heading .elementor-heading-title.elementor-size-large{font-size:29px}.elementor-widget-heading .elementor-heading-title.elementor-size-xl{font-size:39px}.elementor-widget-heading .elementor-heading-title.elementor-size-xxl{font-size:59px}<\/style><h4 class=\"elementor-heading-title elementor-size-default\">Regulamento Compra Antecipada<\/h4>\t\t<\/div>\n\t\t\t\t<\/div>\n\t\t\t\t<div class=\"elementor-element elementor-element-a55c3b0 elementor-widget elementor-widget-text-editor\" data-id=\"a55c3b0\" data-element_type=\"widget\" data-widget_type=\"text-editor.default\">\n\t\t\t\t<div class=\"elementor-widget-container\">\n\t\t\t<style>\/*! elementor - v3.8.1 - 13-11-2022 *\/\n.elementor-widget-text-editor.elementor-drop-cap-view-stacked .elementor-drop-cap{background-color:#818a91;color:#fff}.elementor-widget-text-editor.elementor-drop-cap-view-framed .elementor-drop-cap{color:#818a91;border:3px solid;background-color:transparent}.elementor-widget-text-editor:not(.elementor-drop-cap-view-default) .elementor-drop-cap{margin-top:8px}.elementor-widget-text-editor:not(.elementor-drop-cap-view-default) .elementor-drop-cap-letter{width:1em;height:1em}.elementor-widget-text-editor .elementor-drop-cap{float:left;text-align:center;line-height:1;font-size:50px}.elementor-widget-text-editor .elementor-drop-cap-letter{display:inline-block}<\/style>\t\t\t\t<p>1. A promo\u00e7\u00e3o <b>COMPRA ANTECIPADA da CIDADE SOL<\/b> consiste na disponibiliza\u00e7\u00e3o de trechos e servi\u00e7os espec\u00edficos,&nbsp;<span style=\"font-family: var( --e-global-typography-text-font-family ), Sans-serif; font-weight: var( --e-global-typography-text-font-weight ); font-size: 1rem;\">em valores promocionais, dentro do per\u00edodo de validade estipulado. As condi\u00e7\u00f5es para elegibilidade encontram-se&nbsp;<\/span><span style=\"font-family: var( --e-global-typography-text-font-family ), Sans-serif; font-weight: var( --e-global-typography-text-font-weight ); font-size: 1rem;\">nos itens a seguir descritos;<\/span><\/p>\n<p>2. A promo\u00e7\u00e3o <b>COMPRA ANTECIPADA da CIDADE SOL<\/b> est\u00e1 dispon\u00edvel para compras em todos os canais de venda&nbsp;<span style=\"font-family: var( --e-global-typography-text-font-family ), Sans-serif; font-weight: var( --e-global-typography-text-font-weight ); font-size: 1rem;\">sendo: (Site oficial \/ Aplicativo Oficial \/ Ag\u00eancias f\u00edsicas \/ Canais Parceiros);<\/span><\/p>\n<p>3. Os descontos ser\u00e3o aplicados apenas sobre as tarifas das passagens dos trechos promocionais. Portanto, n\u00e3o&nbsp;<span style=\"font-family: var( --e-global-typography-text-font-family ), Sans-serif; font-weight: var( --e-global-typography-text-font-weight ); font-size: 1rem;\">est\u00e3o inclusas nos descontos as tarifas de ped\u00e1gio, seguro facultativo e de utiliza\u00e7\u00e3o de terminais;<\/span><\/p>\n<p>4. As tarifas promocionais ser\u00e3o v\u00e1lidas<b> SOMENTE<\/b> para a data, hor\u00e1rio, linha e trajeto constante no bilhete de&nbsp;<span style=\"font-family: var( --e-global-typography-text-font-family ), Sans-serif; font-weight: var( --e-global-typography-text-font-weight ); font-size: 1rem;\">passagem adquirido no per\u00edodo designado nos itens 8 e 11, para validade das ofertas;<\/span><\/p>\n<p>5. Para remarca\u00e7\u00e3o, o cliente fica desde j\u00e1 ciente de que, em sendo o valor menor do que a compra origin\u00e1ria, em&nbsp;<span style=\"font-family: var( --e-global-typography-text-font-family ), Sans-serif; font-weight: var( --e-global-typography-text-font-weight ); font-size: 1rem;\">raz\u00e3o da compra adquirida ter sido em valor promocional, n\u00e3o ser\u00e1 eleg\u00edvel ao reembolso da diferen\u00e7a. J\u00e1 se o valor&nbsp;<\/span><span style=\"font-family: var( --e-global-typography-text-font-family ), Sans-serif; font-weight: var( --e-global-typography-text-font-weight ); font-size: 1rem;\">da remarca\u00e7\u00e3o for superior ao valor originariamente pago, dever\u00e1 observar o valor da tarifa vigente para a nova data&nbsp;<\/span><span style=\"font-family: var( --e-global-typography-text-font-family ), Sans-serif; font-weight: var( --e-global-typography-text-font-weight ); font-size: 1rem;\">desejada, efetuando o pagamento da diferen\u00e7a de valor, inclusive de ped\u00e1gio, seguro facultativo e de utiliza\u00e7\u00e3o de&nbsp;<\/span><span style=\"font-family: var( --e-global-typography-text-font-family ), Sans-serif; font-weight: var( --e-global-typography-text-font-weight ); font-size: 1rem;\">terminais, quando houver;<\/span><\/p>\n<p>5.1 A remarca\u00e7\u00e3o de viagens adquiridas na promo\u00e7\u00e3o<b> COMPRA ANTECIPADA<\/b> no trecho interestadual,&nbsp;<span style=\"font-family: var( --e-global-typography-text-font-family ), Sans-serif; font-weight: var( --e-global-typography-text-font-weight ); font-size: 1rem;\">somente ser\u00e1 eleg\u00edvel para remarca\u00e7\u00e3o em outro trecho interestadual, enquanto a remarca\u00e7\u00e3o de viagem em trecho&nbsp;<\/span><span style=\"font-family: var( --e-global-typography-text-font-family ), Sans-serif; font-weight: var( --e-global-typography-text-font-weight ); font-size: 1rem;\">intermunicipal adquirida na vig\u00eancia da promo\u00e7\u00e3o, somente ser\u00e1 eleg\u00edvel para remarca\u00e7\u00e3o em outro trecho&nbsp;<\/span><span style=\"font-family: var( --e-global-typography-text-font-family ), Sans-serif; font-weight: var( --e-global-typography-text-font-weight ); font-size: 1rem;\">intermunicipal, desde que observada as 3 (tr\u00eas) horas de anteced\u00eancia prevista;<\/span><\/p>\n<p>6. Para cancelamento, o cliente dever\u00e1 solicitar em at\u00e9 3 (tr\u00eas) horas de anteced\u00eancia da viagem, observando as&nbsp;<span style=\"font-family: var( --e-global-typography-text-font-family ), Sans-serif; font-weight: var( --e-global-typography-text-font-weight ); font-size: 1rem;\">regras e condi\u00e7\u00f5es previstas para o reembolso, sendo o valor a ser reembolsado o mesmo valor pago pelo cliente a&nbsp;<\/span><span style=\"font-family: var( --e-global-typography-text-font-family ), Sans-serif; font-weight: var( --e-global-typography-text-font-weight ); font-size: 1rem;\">\u00e9poca da aquisi\u00e7\u00e3o da tarifa na promo\u00e7\u00e3o <\/span><span style=\"font-family: var( --e-global-typography-text-font-family ), Sans-serif; font-size: 1rem;\"><b>COMPRA ANTECIPADA<\/b><\/span><span style=\"font-family: var( --e-global-typography-text-font-family ), Sans-serif; font-weight: var( --e-global-typography-text-font-weight ); font-size: 1rem;\">;<\/span><\/p>\n<p>7. O bilhete de passagem adquirido no per\u00edodo promocional \u00e9 para uso pessoal sendo, portanto, intransfer\u00edvel;<\/p>\n<p>8. A promo\u00e7\u00e3o <b>COMPRA ANTECIPADA<\/b> \u00e9 v\u00e1lida t\u00e3o somente para os seguintes trechos e servi\u00e7os:<\/p>\n<p><\/p>\t\t\t\t\t\t<\/div>\n\t\t\t\t<\/div>\n\t\t\t\t<div class=\"elementor-element elementor-element-c80c186 elementor-widget elementor-widget-image\" data-id=\"c80c186\" data-element_type=\"widget\" data-widget_type=\"image.default\">\n\t\t\t\t<div class=\"elementor-widget-container\">\n\t\t\t\t\t\t\t\t\t\t\t\t\t\t\t<img decoding=\"async\" width=\"742\" height=\"290\" src=\"https:\/\/cidadesol.com.br\/wp-content\/uploads\/2023\/03\/tab1.png\" class=\"attachment-large size-large\" alt=\"\" srcset=\"https:\/\/cidadesol.com.br\/wp-content\/uploads\/2023\/03\/tab1.png 742w, https:\/\/cidadesol.com.br\/wp-content\/uploads\/2023\/03\/tab1-300x117.png 300w\" sizes=\"(max-width: 742px) 100vw, 742px\" \/>\t\t\t\t\t\t\t\t\t\t\t\t\t\t\t<\/div>\n\t\t\t\t<\/div>\n\t\t\t\t<div class=\"elementor-element elementor-element-133cabc elementor-widget elementor-widget-text-editor\" data-id=\"133cabc\" data-element_type=\"widget\" data-widget_type=\"text-editor.default\">\n\t\t\t\t<div class=\"elementor-widget-container\">\n\t\t\t\t\t\t\t<p><span style=\"color: #000000;\">9 . <b>A CIDADE SOL<\/b> estabelecer\u00e1 os hor\u00e1rios e poltronas dispon\u00edveis para as ofertas nos itiner\u00e1rios e per\u00edodos\u00a0<\/span><span style=\"color: #000000; font-family: var( --e-global-typography-text-font-family ), Sans-serif; font-weight: var( --e-global-typography-text-font-weight ); font-size: 1rem;\">supramencionados, ficando a crit\u00e9rio exclusivo da Empresa a quantidade de poltronas e as condi\u00e7\u00f5es e hor\u00e1rios para\u00a0<\/span><span style=\"color: #000000; font-family: var( --e-global-typography-text-font-family ), Sans-serif; font-weight: var( --e-global-typography-text-font-weight ); font-size: 1rem;\">concess\u00e3o dos descontos promocionais;<\/span><\/p><p><span style=\"color: #000000;\">10. A mera participa\u00e7\u00e3o nesta promo\u00e7\u00e3o caracteriza a aceita\u00e7\u00e3o dos termos e condi\u00e7\u00f5es previstos neste\u00a0<\/span><span style=\"color: #000000; font-family: var( --e-global-typography-text-font-family ), Sans-serif; font-weight: var( --e-global-typography-text-font-weight ); font-size: 1rem;\">regulamento;<\/span><\/p><p><span style=\"color: #000000;\">11. Ofertas prorrogadas com validade para compras no per\u00edodo de <b>06\/03\/2023 at\u00e9 01\/04\/2023<\/b> e embarques entre\u00a0<\/span><span style=\"color: #000000; font-family: var( --e-global-typography-text-font-family ), Sans-serif; font-weight: var( --e-global-typography-text-font-weight ); font-size: 1rem;\">0<\/span><b style=\"color: #000000; font-family: var( --e-global-typography-text-font-family ), Sans-serif; font-size: 1rem;\">6\/03\/2023 a 04\/04\/2023.<\/b><\/p><p><span style=\"color: var( --e-global-color-text ); font-family: var( --e-global-typography-text-font-family ), Sans-serif; font-weight: var( --e-global-typography-text-font-weight ); font-size: 1rem;\"><br \/>Para mais informa\u00e7\u00f5es, entre e contato com o nosso<\/span><strong style=\"color: var( --e-global-color-text ); font-family: var( --e-global-typography-text-font-family ), Sans-serif; font-size: 1rem;\"> SAC: 0800 075 0010<\/strong><\/p><p><b>Cidade Sol, iluminando caminhos<\/b><\/p>\t\t\t\t\t\t<\/div>\n\t\t\t\t<\/div>\n\t\t\t\t<div class=\"elementor-element elementor-element-7455b53 elementor-widget elementor-widget-spacer\" data-id=\"7455b53\" data-element_type=\"widget\" data-widget_type=\"spacer.default\">\n\t\t\t\t<div class=\"elementor-widget-container\">\n\t\t\t<style>\/*! elementor - v3.8.1 - 13-11-2022 *\/\n.elementor-column .elementor-spacer-inner{height:var(--spacer-size)}.e-con{--container-widget-width:100%}.e-con-inner>.elementor-widget-spacer,.e-con>.elementor-widget-spacer{width:var(--container-widget-width,var(--spacer-size));-ms-flex-item-align:stretch;align-self:stretch;-ms-flex-negative:0;flex-shrink:0}.e-con-inner>.elementor-widget-spacer>.elementor-widget-container,.e-con-inner>.elementor-widget-spacer>.elementor-widget-container>.elementor-spacer,.e-con>.elementor-widget-spacer>.elementor-widget-container,.e-con>.elementor-widget-spacer>.elementor-widget-container>.elementor-spacer{height:100%}.e-con-inner>.elementor-widget-spacer>.elementor-widget-container>.elementor-spacer>.elementor-spacer-inner,.e-con>.elementor-widget-spacer>.elementor-widget-container>.elementor-spacer>.elementor-spacer-inner{height:var(--container-widget-height,var(--spacer-size))}<\/style>\t\t<div class=\"elementor-spacer\">\n\t\t\t<div class=\"elementor-spacer-inner\"><\/div>\n\t\t<\/div>\n\t\t\t\t<\/div>\n\t\t\t\t<\/div>\n\t\t\t\t\t<\/div>\n\t\t<\/div>\n\t\t\t\t\t\t\t<\/div>\n\t\t<\/section>\n\t\t\t\t\t<\/div>\n\t\t<\/div>\n\t\t\t\t\t\t\t<\/div>\n\t\t<\/section>\n\t\t\t\t\t\t\t<\/div>\n\t\t","protected":false},"excerpt":{"rendered":"<p>Regulamento Compra Antecipada 1. A promo\u00e7\u00e3o COMPRA ANTECIPADA da CIDADE SOL consiste na disponibiliza\u00e7\u00e3o de trechos e servi\u00e7os espec\u00edficos,&nbsp;em valores promocionais, dentro do per\u00edodo de validade estipulado. As condi\u00e7\u00f5es para elegibilidade encontram-se&nbsp;nos itens a seguir descritos; 2. A promo\u00e7\u00e3o COMPRA ANTECIPADA da CIDADE SOL est\u00e1 dispon\u00edvel para compras em todos os canais de venda&nbsp;sendo: (Site [&hellip;]<\/p>\n","protected":false},"author":2,"featured_media":0,"parent":0,"menu_order":0,"comment_status":"closed","ping_status":"closed","template":"","meta":{"_joinchat":[],"footnotes":""},"class_list":["post-3192","page","type-page","status-publish","hentry"],"_links":{"self":[{"href":"https:\/\/cidadesol.com.br\/index.php\/wp-json\/wp\/v2\/pages\/3192","targetHints":{"allow":["GET"]}}],"collection":[{"href":"https:\/\/cidadesol.com.br\/index.php\/wp-json\/wp\/v2\/pages"}],"about":[{"href":"https:\/\/cidadesol.com.br\/index.php\/wp-json\/wp\/v2\/types\/page"}],"author":[{"embeddable":true,"href":"https:\/\/cidadesol.com.br\/index.php\/wp-json\/wp\/v2\/users\/2"}],"replies":[{"embeddable":true,"href":"https:\/\/cidadesol.com.br\/index.php\/wp-json\/wp\/v2\/comments?post=3192"}],"version-history":[{"count":11,"href":"https:\/\/cidadesol.com.br\/index.php\/wp-json\/wp\/v2\/pages\/3192\/revisions"}],"predecessor-version":[{"id":4265,"href":"https:\/\/cidadesol.com.br\/index.php\/wp-json\/wp\/v2\/pages\/3192\/revisions\/4265"}],"wp:attachment":[{"href":"https:\/\/cidadesol.com.br\/index.php\/wp-json\/wp\/v2\/media?parent=3192"}],"curies":[{"name":"wp","href":"https:\/\/api.w.org\/{rel}","templated":true}]}}