{"id":3174,"date":"2023-02-28T14:11:39","date_gmt":"2023-02-28T14:11:39","guid":{"rendered":"https:\/\/cidadesol.com.br\/?page_id=3174"},"modified":"2023-03-02T19:39:22","modified_gmt":"2023-03-02T19:39:22","slug":"regulamento-20-off","status":"publish","type":"page","link":"https:\/\/cidadesol.com.br\/index.php\/regulamento-20-off\/","title":{"rendered":"Regulamento &#8211; 20% Off"},"content":{"rendered":"\t\t<div data-elementor-type=\"wp-page\" data-elementor-id=\"3174\" class=\"elementor elementor-3174\">\n\t\t\t\t\t\t\t<div class=\"elementor-element elementor-element-002a6af e-con-full e-con\" data-id=\"002a6af\" data-element_type=\"container\" data-settings=\"{&quot;content_width&quot;:&quot;full&quot;}\">\n\t\t\t\t<\/div>\n\t\t\t\t<section class=\"elementor-section elementor-top-section elementor-element elementor-element-e8d2339 elementor-section-boxed elementor-section-height-default elementor-section-height-default\" data-id=\"e8d2339\" data-element_type=\"section\" data-settings=\"{&quot;_ha_eqh_enable&quot;:false}\">\n\t\t\t\t\t\t<div class=\"elementor-container elementor-column-gap-default\">\n\t\t\t\t\t<div class=\"elementor-column elementor-col-100 elementor-top-column elementor-element elementor-element-ed904f4\" data-id=\"ed904f4\" data-element_type=\"column\">\n\t\t\t<div class=\"elementor-widget-wrap elementor-element-populated\">\n\t\t\t\t\t\t\t\t<div class=\"elementor-element elementor-element-fd34b6d elementor-widget elementor-widget-image\" data-id=\"fd34b6d\" data-element_type=\"widget\" data-widget_type=\"image.default\">\n\t\t\t\t<div class=\"elementor-widget-container\">\n\t\t\t<style>\/*! elementor - v3.8.1 - 13-11-2022 *\/\n.elementor-widget-image{text-align:center}.elementor-widget-image a{display:inline-block}.elementor-widget-image a img[src$=\".svg\"]{width:48px}.elementor-widget-image img{vertical-align:middle;display:inline-block}<\/style>\t\t\t\t\t\t\t\t\t\t\t\t<img decoding=\"async\" width=\"1920\" height=\"440\" src=\"https:\/\/cidadesol.com.br\/wp-content\/uploads\/2023\/02\/Off-20-site-CS.jpg\" class=\"attachment-full size-full\" alt=\"\" srcset=\"https:\/\/cidadesol.com.br\/wp-content\/uploads\/2023\/02\/Off-20-site-CS.jpg 1920w, https:\/\/cidadesol.com.br\/wp-content\/uploads\/2023\/02\/Off-20-site-CS-300x69.jpg 300w, https:\/\/cidadesol.com.br\/wp-content\/uploads\/2023\/02\/Off-20-site-CS-1024x235.jpg 1024w, https:\/\/cidadesol.com.br\/wp-content\/uploads\/2023\/02\/Off-20-site-CS-768x176.jpg 768w, https:\/\/cidadesol.com.br\/wp-content\/uploads\/2023\/02\/Off-20-site-CS-1536x352.jpg 1536w\" sizes=\"(max-width: 1920px) 100vw, 1920px\" \/>\t\t\t\t\t\t\t\t\t\t\t\t\t\t\t<\/div>\n\t\t\t\t<\/div>\n\t\t\t\t<section class=\"elementor-section elementor-inner-section elementor-element elementor-element-cd0a936 elementor-section-boxed elementor-section-height-default elementor-section-height-default\" data-id=\"cd0a936\" data-element_type=\"section\" data-settings=\"{&quot;_ha_eqh_enable&quot;:false}\">\n\t\t\t\t\t\t<div class=\"elementor-container elementor-column-gap-default\">\n\t\t\t\t\t<div class=\"elementor-column elementor-col-100 elementor-inner-column elementor-element elementor-element-856d0d4\" data-id=\"856d0d4\" data-element_type=\"column\">\n\t\t\t<div class=\"elementor-widget-wrap elementor-element-populated\">\n\t\t\t\t\t\t\t\t<div class=\"elementor-element elementor-element-d3950f7 elementor-widget elementor-widget-heading\" data-id=\"d3950f7\" data-element_type=\"widget\" data-widget_type=\"heading.default\">\n\t\t\t\t<div class=\"elementor-widget-container\">\n\t\t\t<style>\/*! elementor - v3.8.1 - 13-11-2022 *\/\n.elementor-heading-title{padding:0;margin:0;line-height:1}.elementor-widget-heading .elementor-heading-title[class*=elementor-size-]>a{color:inherit;font-size:inherit;line-height:inherit}.elementor-widget-heading .elementor-heading-title.elementor-size-small{font-size:15px}.elementor-widget-heading .elementor-heading-title.elementor-size-medium{font-size:19px}.elementor-widget-heading .elementor-heading-title.elementor-size-large{font-size:29px}.elementor-widget-heading .elementor-heading-title.elementor-size-xl{font-size:39px}.elementor-widget-heading .elementor-heading-title.elementor-size-xxl{font-size:59px}<\/style><h4 class=\"elementor-heading-title elementor-size-default\">Regulamento Promo\u00e7\u00e3o 20% OFF.<\/h4>\t\t<\/div>\n\t\t\t\t<\/div>\n\t\t\t\t<div class=\"elementor-element elementor-element-a55c3b0 elementor-widget elementor-widget-text-editor\" data-id=\"a55c3b0\" data-element_type=\"widget\" data-widget_type=\"text-editor.default\">\n\t\t\t\t<div class=\"elementor-widget-container\">\n\t\t\t<style>\/*! elementor - v3.8.1 - 13-11-2022 *\/\n.elementor-widget-text-editor.elementor-drop-cap-view-stacked .elementor-drop-cap{background-color:#818a91;color:#fff}.elementor-widget-text-editor.elementor-drop-cap-view-framed .elementor-drop-cap{color:#818a91;border:3px solid;background-color:transparent}.elementor-widget-text-editor:not(.elementor-drop-cap-view-default) .elementor-drop-cap{margin-top:8px}.elementor-widget-text-editor:not(.elementor-drop-cap-view-default) .elementor-drop-cap-letter{width:1em;height:1em}.elementor-widget-text-editor .elementor-drop-cap{float:left;text-align:center;line-height:1;font-size:50px}.elementor-widget-text-editor .elementor-drop-cap-letter{display:inline-block}<\/style>\t\t\t\t<p>1. A <b>promo\u00e7\u00e3o 20% OFF da CIDADE SOL<\/b> consiste na disponibiliza\u00e7\u00e3o de trechos e servi\u00e7os espec\u00edficos, em valores promocionais, dentro do per\u00edodo de validade estipulado. As condi\u00e7\u00f5es para elegibilidade encontram-se nos itens a seguir descritos;<\/p>\n<p>2. <b>A PROMO\u00c7\u00c3O 20% OFF da CIDADE SOL<\/b> estar\u00e1 dispon\u00edvel para as compras efetuadas pelo site https:\/\/cidadesol.com.br\/ no APP oficial Cidade Sol e nas ag\u00eancias f\u00edsicas;<\/p>\n<p>3. <b>A PROMO\u00c7\u00c3O 20% OFF<\/b>, estar\u00e1 dispon\u00edvel para os clientes que efetuarem a compra simult\u00e2nea dos trechos de <b>IDA e VOLTA<\/b> de um dos itiner\u00e1rios previstos no item 11;<\/p>\n<p>4. Ao adquirir a compra dos trechos de ida e de volta (de um dos itiner\u00e1rios previstos no item 11 da <b>PROMO\u00c7\u00c3O 20% OFF<\/b>), ser\u00e1 concedido, automaticamente, o desconto de 20% exclusivamente na tarifa de passagem referente ao<b> TRECHO DE VOLTA<\/b>, em hor\u00e1rio espec\u00edfico escolhido no momento da compra;<\/p>\n<p>5. N\u00e3o ser\u00e1 aplicado desconto na tarifa da passagem do <b>TRECHO DE IDA,<\/b> nem nas tarifas de ped\u00e1gio, seguro facultativo e de utiliza\u00e7\u00e3o de terminais de ambos os trechos<b> (IDA E VOLTA)<\/b>;<\/p>\n<p>6. N\u00e3o ser\u00e1 concedido o desconto nas aquisi\u00e7\u00f5es dos trechos de ida e de volta efetuadas separadamente;<\/p>\n<p>7. A tarifa promocional ser\u00e1 v\u00e1lida S<b>OMENTE<\/b> para a data, hor\u00e1rio, linha e trajeto constante no bilhete de passagem, referente ao <b>TRECHO DE VOLTA<\/b> adquirido na <b>PROMO\u00c7\u00c3O 20% OFF,<\/b> conforme seus termos e condi\u00e7\u00f5es;<\/p>\n<p>8. Para remarca\u00e7\u00e3o, o cliente fica desde j\u00e1 ciente de que, em sendo o valor menor do que a compra origin\u00e1ria, em raz\u00e3o da compra adquirida ter sido em valor promocional, n\u00e3o ser\u00e1 eleg\u00edvel ao reembolso da diferen\u00e7a. J\u00e1 se o valor da remarca\u00e7\u00e3o for superior ao valor originariamente pago, dever\u00e1 observar o valor da tarifa vigente para a nova data desejada, efetuando o pagamento da diferen\u00e7a de valor, inclusive de ped\u00e1gio, seguro facultativo e de utiliza\u00e7\u00e3o de terminais, quando houver;<\/p>\n<p>8.1 A remarca\u00e7\u00e3o de viagens adquiridas na<b> PROMO\u00c7\u00c3O 20% OFF<\/b> no trecho interestadual, somente ser\u00e1 eleg\u00edvel para remarca\u00e7\u00e3o em outro trecho interestadual, enquanto a remarca\u00e7\u00e3o de viagem em trecho intermunicipal adquirida na vig\u00eancia da promo\u00e7\u00e3o, somente ser\u00e1 eleg\u00edvel para remarca\u00e7\u00e3o em outro trecho intermunicipal, desde que observada as 3 (tr\u00eas) horas de anteced\u00eancia prevista;<\/p>\n<p>9. Para cancelamento, o cliente dever\u00e1 solicitar em at\u00e9 3 (tr\u00eas) horas de anteced\u00eancia da viagem, observando as regras e condi\u00e7\u00f5es previstas para o reembolso, sendo o valor a ser reembolsado o mesmo valor pago pelo cliente a \u00e9poca da aquisi\u00e7\u00e3o da tarifa na PROMO\u00c7\u00c3O 20% OFF;<\/p>\n<p>10. Os bilhetes de passagem <b>(IDA E VOLTA)<\/b> adquiridos na <b>PROMO\u00c7\u00c3O 20% OFF <\/b>s\u00e3o para uso pessoal sendo, portanto, intransfer\u00edvel;<\/p>\n<p>11. Os descontos da <b>PROMO\u00c7\u00c3O 20% OFF<\/b> s\u00e3o v\u00e1lidos t\u00e3o somente para os seguintes trechos e servi\u00e7os:<\/p>\n<p>\u2022 Ilh\u00e9us X Jequi\u00e9<br>\u2022&nbsp;Itabuna X Jequi\u00e9<br>\u2022&nbsp;Salvador X Irec\u00ea<br>\u2022&nbsp;Salvador X Xique-Xique<br>\u2022 Salvador X Itaberaba<\/p>\n<ul>\n<li>\u2022 Salvador X Ruy Barbosa<\/li>\n<li>\u2022 Salvador X Barra do Rio Grande<\/li>\n<li>\u2022 Salvador X Central<\/li>\n<li>\u2022 Salvador X Morro do Chap\u00e9u<\/li>\n<li>\u2022 Feira de Santana X Irec\u00ea<\/li>\n<li>\u2022 Feira de Santana x Xique-Xique<\/li>\n<li>\u2022 Feira de Santana X Itaberaba<\/li>\n<li>\u2022 Feira de Santana x Ruy Barbosa<\/li>\n<li>\u2022 Feira de Santana X Barra do Rio Grande<\/li>\n<li>\u2022 Feira de Santana X Central<\/li>\n<li>\u2022 Feira de Santana X Morro do chap\u00e9u<\/li>\n<li>\u2022 Itacar\u00e9 X Bom Despacho<\/li>\n<li>\u2022 Itacar\u00e9 X Feira de Santana<\/li>\n<li><span style=\"background-color: transparent; font-family: var( --e-global-typography-text-font-family ), Sans-serif; font-weight: var( --e-global-typography-text-font-weight );\">\u2022 Jequi\u00e9 X Canavieiras<\/span><br><\/li>\n<li>\u2022 Aracaju X Irec\u00ea<\/li>\n<li>\u2022 Aracaju X Morro do Chap\u00e9u\n<\/li>\n<\/ul>\n<p>12. <b>A CIDADE SOL<\/b> estabelecer\u00e1 os hor\u00e1rios e poltronas dispon\u00edveis para as ofertas nos itiner\u00e1rios de Ida e Volta e per\u00edodos supramencionados, ficando a crit\u00e9rio exclusivo da Empresa a quantidade de poltronas e as condi\u00e7\u00f5es e hor\u00e1rios para concess\u00e3o dos descontos promocionais;<\/p>\n<p>13. A mera participa\u00e7\u00e3o nesta promo\u00e7\u00e3o caracteriza a aceita\u00e7\u00e3o dos termos e condi\u00e7\u00f5es revistos neste regulamento;<\/p>\n<p>14. Promo\u00e7\u00e3o v\u00e1lida para compras realizadas no per\u00edodo de <b>28\/02\/2023 at\u00e9 01\/04\/2023<\/b> de bilhetes com embarques<b> estabelecidos entre 28\/02\/2023 at\u00e9 04\/04\/2023.<\/b><\/p>\n<p>15. Promo\u00e7\u00e3o n\u00e3o cumulativa;<\/p>\n<p>16. Promo\u00e7\u00e3o v\u00e1lida para o per\u00edodo de <b>28\/02\/2023 a 04\/04\/2023<\/b>, sujeita a altera\u00e7\u00e3o e\/ou cancelamento sem aviso pr\u00e9vio.<\/p>\n<p>17. Promo\u00e7\u00e3o v\u00e1lida somente para os servi\u00e7os Executivo e Semileito.<\/p>\n<p>18. A empresa se reserva ao direito de interrup\u00e7\u00e3o da <b>PROMO\u00c7\u00c3O 20% OFF<\/b> a qualquer momento sem aviso pr\u00e9vio, assegurado o direito de compra j\u00e1 efetuada, desde que em conformidade com as condi\u00e7\u00f5es previstas na <b>PROMO\u00c7\u00c3O 20% OFF.<\/b><\/p>\t\t\t\t\t\t<\/div>\n\t\t\t\t<\/div>\n\t\t\t\t<div class=\"elementor-element elementor-element-133cabc elementor-widget elementor-widget-text-editor\" data-id=\"133cabc\" data-element_type=\"widget\" data-widget_type=\"text-editor.default\">\n\t\t\t\t<div class=\"elementor-widget-container\">\n\t\t\t\t\t\t\t<p><span style=\"color: var( --e-global-color-text ); font-family: var( --e-global-typography-text-font-family ), Sans-serif; font-weight: var( --e-global-typography-text-font-weight ); font-size: 1rem;\">Para mais informa\u00e7\u00f5es, entre e contato com o nosso<\/span><strong style=\"color: var( --e-global-color-text ); font-family: var( --e-global-typography-text-font-family ), Sans-serif; font-size: 1rem;\"> SAC: 0800 075 0010<\/strong><\/p><p><b>Cidade Sol, iluminando o caminho.<\/b><br \/><br \/><\/p>\t\t\t\t\t\t<\/div>\n\t\t\t\t<\/div>\n\t\t\t\t<div class=\"elementor-element elementor-element-7455b53 elementor-widget elementor-widget-spacer\" data-id=\"7455b53\" data-element_type=\"widget\" data-widget_type=\"spacer.default\">\n\t\t\t\t<div class=\"elementor-widget-container\">\n\t\t\t<style>\/*! elementor - v3.8.1 - 13-11-2022 *\/\n.elementor-column .elementor-spacer-inner{height:var(--spacer-size)}.e-con{--container-widget-width:100%}.e-con-inner>.elementor-widget-spacer,.e-con>.elementor-widget-spacer{width:var(--container-widget-width,var(--spacer-size));-ms-flex-item-align:stretch;align-self:stretch;-ms-flex-negative:0;flex-shrink:0}.e-con-inner>.elementor-widget-spacer>.elementor-widget-container,.e-con-inner>.elementor-widget-spacer>.elementor-widget-container>.elementor-spacer,.e-con>.elementor-widget-spacer>.elementor-widget-container,.e-con>.elementor-widget-spacer>.elementor-widget-container>.elementor-spacer{height:100%}.e-con-inner>.elementor-widget-spacer>.elementor-widget-container>.elementor-spacer>.elementor-spacer-inner,.e-con>.elementor-widget-spacer>.elementor-widget-container>.elementor-spacer>.elementor-spacer-inner{height:var(--container-widget-height,var(--spacer-size))}<\/style>\t\t<div class=\"elementor-spacer\">\n\t\t\t<div class=\"elementor-spacer-inner\"><\/div>\n\t\t<\/div>\n\t\t\t\t<\/div>\n\t\t\t\t<\/div>\n\t\t\t\t\t<\/div>\n\t\t<\/div>\n\t\t\t\t\t\t\t<\/div>\n\t\t<\/section>\n\t\t\t\t\t<\/div>\n\t\t<\/div>\n\t\t\t\t\t\t\t<\/div>\n\t\t<\/section>\n\t\t\t\t\t\t\t<\/div>\n\t\t","protected":false},"excerpt":{"rendered":"<p>Regulamento Promo\u00e7\u00e3o 20% OFF. 1. A promo\u00e7\u00e3o 20% OFF da CIDADE SOL consiste na disponibiliza\u00e7\u00e3o de trechos e servi\u00e7os espec\u00edficos, em valores promocionais, dentro do per\u00edodo de validade estipulado. As condi\u00e7\u00f5es para elegibilidade encontram-se nos itens a seguir descritos; 2. A PROMO\u00c7\u00c3O 20% OFF da CIDADE SOL estar\u00e1 dispon\u00edvel para as compras efetuadas pelo site [&hellip;]<\/p>\n","protected":false},"author":2,"featured_media":0,"parent":0,"menu_order":0,"comment_status":"closed","ping_status":"closed","template":"","meta":{"_joinchat":[],"footnotes":""},"class_list":["post-3174","page","type-page","status-publish","hentry"],"_links":{"self":[{"href":"https:\/\/cidadesol.com.br\/index.php\/wp-json\/wp\/v2\/pages\/3174","targetHints":{"allow":["GET"]}}],"collection":[{"href":"https:\/\/cidadesol.com.br\/index.php\/wp-json\/wp\/v2\/pages"}],"about":[{"href":"https:\/\/cidadesol.com.br\/index.php\/wp-json\/wp\/v2\/types\/page"}],"author":[{"embeddable":true,"href":"https:\/\/cidadesol.com.br\/index.php\/wp-json\/wp\/v2\/users\/2"}],"replies":[{"embeddable":true,"href":"https:\/\/cidadesol.com.br\/index.php\/wp-json\/wp\/v2\/comments?post=3174"}],"version-history":[{"count":7,"href":"https:\/\/cidadesol.com.br\/index.php\/wp-json\/wp\/v2\/pages\/3174\/revisions"}],"predecessor-version":[{"id":3182,"href":"https:\/\/cidadesol.com.br\/index.php\/wp-json\/wp\/v2\/pages\/3174\/revisions\/3182"}],"wp:attachment":[{"href":"https:\/\/cidadesol.com.br\/index.php\/wp-json\/wp\/v2\/media?parent=3174"}],"curies":[{"name":"wp","href":"https:\/\/api.w.org\/{rel}","templated":true}]}}