{"id":1967,"date":"2022-11-28T04:11:37","date_gmt":"2022-11-28T04:11:37","guid":{"rendered":"https:\/\/cidadesol.com.br\/?page_id=1967"},"modified":"2022-12-06T11:27:54","modified_gmt":"2022-12-06T11:27:54","slug":"nossa-frota","status":"publish","type":"page","link":"https:\/\/cidadesol.com.br\/index.php\/nossa-frota\/","title":{"rendered":"Nossa Frota"},"content":{"rendered":"\t\t<div data-elementor-type=\"wp-page\" data-elementor-id=\"1967\" class=\"elementor elementor-1967\">\n\t\t\t\t\t\t\t<div class=\"elementor-element elementor-element-002a6af e-con-full e-con\" data-id=\"002a6af\" data-element_type=\"container\" data-settings=\"{&quot;content_width&quot;:&quot;full&quot;}\">\n\t\t\t\t<\/div>\n\t\t\t\t<section class=\"elementor-section elementor-top-section elementor-element elementor-element-e8d2339 elementor-section-boxed elementor-section-height-default elementor-section-height-default\" data-id=\"e8d2339\" data-element_type=\"section\" data-settings=\"{&quot;_ha_eqh_enable&quot;:false}\">\n\t\t\t\t\t\t<div class=\"elementor-container elementor-column-gap-default\">\n\t\t\t\t\t<div class=\"elementor-column elementor-col-100 elementor-top-column elementor-element elementor-element-116990e\" data-id=\"116990e\" data-element_type=\"column\">\n\t\t\t<div class=\"elementor-widget-wrap elementor-element-populated\">\n\t\t\t\t\t\t\t\t<div class=\"elementor-element elementor-element-74bc2fa elementor-widget elementor-widget-heading\" data-id=\"74bc2fa\" data-element_type=\"widget\" data-widget_type=\"heading.default\">\n\t\t\t\t<div class=\"elementor-widget-container\">\n\t\t\t<style>\/*! elementor - v3.8.1 - 13-11-2022 *\/\n.elementor-heading-title{padding:0;margin:0;line-height:1}.elementor-widget-heading .elementor-heading-title[class*=elementor-size-]>a{color:inherit;font-size:inherit;line-height:inherit}.elementor-widget-heading .elementor-heading-title.elementor-size-small{font-size:15px}.elementor-widget-heading .elementor-heading-title.elementor-size-medium{font-size:19px}.elementor-widget-heading .elementor-heading-title.elementor-size-large{font-size:29px}.elementor-widget-heading .elementor-heading-title.elementor-size-xl{font-size:39px}.elementor-widget-heading .elementor-heading-title.elementor-size-xxl{font-size:59px}<\/style><h3 class=\"elementor-heading-title elementor-size-default\">NOSSA FROTA<\/h3>\t\t<\/div>\n\t\t\t\t<\/div>\n\t\t\t\t<div class=\"elementor-element elementor-element-638a4a0 elementor-widget elementor-widget-text-editor\" data-id=\"638a4a0\" data-element_type=\"widget\" data-widget_type=\"text-editor.default\">\n\t\t\t\t<div class=\"elementor-widget-container\">\n\t\t\t<style>\/*! elementor - v3.8.1 - 13-11-2022 *\/\n.elementor-widget-text-editor.elementor-drop-cap-view-stacked .elementor-drop-cap{background-color:#818a91;color:#fff}.elementor-widget-text-editor.elementor-drop-cap-view-framed .elementor-drop-cap{color:#818a91;border:3px solid;background-color:transparent}.elementor-widget-text-editor:not(.elementor-drop-cap-view-default) .elementor-drop-cap{margin-top:8px}.elementor-widget-text-editor:not(.elementor-drop-cap-view-default) .elementor-drop-cap-letter{width:1em;height:1em}.elementor-widget-text-editor .elementor-drop-cap{float:left;text-align:center;line-height:1;font-size:50px}.elementor-widget-text-editor .elementor-drop-cap-letter{display:inline-block}<\/style>\t\t\t\t<p>Conhe\u00e7a os servi\u00e7os dispon\u00edveis para sua viagem de \u00f4nibus.<\/p>\t\t\t\t\t\t<\/div>\n\t\t\t\t<\/div>\n\t\t\t\t\t<\/div>\n\t\t<\/div>\n\t\t\t\t\t\t\t<\/div>\n\t\t<\/section>\n\t\t<div class=\"elementor-element elementor-element-e96a08e e-con-boxed e-con\" data-id=\"e96a08e\" data-element_type=\"container\" data-settings=\"{&quot;background_background&quot;:&quot;classic&quot;,&quot;content_width&quot;:&quot;boxed&quot;}\">\n\t\t\t\t\t<div class=\"e-con-inner\">\n\t\t<div class=\"elementor-element elementor-element-4ac132d e-con-full e-con\" data-id=\"4ac132d\" data-element_type=\"container\" data-settings=\"{&quot;content_width&quot;:&quot;full&quot;}\">\n\t\t\t\t<div class=\"elementor-element elementor-element-2c49326 elementor-widget elementor-widget-heading\" data-id=\"2c49326\" data-element_type=\"widget\" data-widget_type=\"heading.default\">\n\t\t\t\t<div class=\"elementor-widget-container\">\n\t\t\t<h3 class=\"elementor-heading-title elementor-size-default\">TREVVO<\/h3>\t\t<\/div>\n\t\t\t\t<\/div>\n\t\t\t\t<div class=\"elementor-element elementor-element-faf05b3 elementor-widget elementor-widget-text-editor\" data-id=\"faf05b3\" data-element_type=\"widget\" data-widget_type=\"text-editor.default\">\n\t\t\t\t<div class=\"elementor-widget-container\">\n\t\t\t\t\t\t\t<p>Esse servi\u00e7o, que foi cuidadosamente pensado para realizar viagens de longa dist\u00e2ncia, traz tudo que h\u00e1 de mais moderno para o ramo do transporte rodovi\u00e1rio. Seu nome remete a sorte e duplicidade, fazendo jus ao complet\u00edssimo \u00f4nibus com servi\u00e7o leito e semi-leito.<\/p>\t\t\t\t\t\t<\/div>\n\t\t\t\t<\/div>\n\t\t\t\t<\/div>\n\t\t<div class=\"elementor-element elementor-element-720e1c6 e-con-full e-con\" data-id=\"720e1c6\" data-element_type=\"container\" data-settings=\"{&quot;content_width&quot;:&quot;full&quot;}\">\n\t\t\t\t<div class=\"elementor-element elementor-element-544e899 elementor-widget elementor-widget-image\" data-id=\"544e899\" data-element_type=\"widget\" data-widget_type=\"image.default\">\n\t\t\t\t<div class=\"elementor-widget-container\">\n\t\t\t<style>\/*! elementor - v3.8.1 - 13-11-2022 *\/\n.elementor-widget-image{text-align:center}.elementor-widget-image a{display:inline-block}.elementor-widget-image a img[src$=\".svg\"]{width:48px}.elementor-widget-image img{vertical-align:middle;display:inline-block}<\/style>\t\t\t\t\t\t\t\t\t\t\t\t<img decoding=\"async\" width=\"863\" height=\"354\" src=\"https:\/\/cidadesol.com.br\/wp-content\/uploads\/2022\/12\/leito-cama.png\" class=\"attachment-1536x1536 size-1536x1536\" alt=\"\" srcset=\"https:\/\/cidadesol.com.br\/wp-content\/uploads\/2022\/12\/leito-cama.png 863w, https:\/\/cidadesol.com.br\/wp-content\/uploads\/2022\/12\/leito-cama-300x123.png 300w, https:\/\/cidadesol.com.br\/wp-content\/uploads\/2022\/12\/leito-cama-768x315.png 768w\" sizes=\"(max-width: 863px) 100vw, 863px\" \/>\t\t\t\t\t\t\t\t\t\t\t\t\t\t\t<\/div>\n\t\t\t\t<\/div>\n\t\t\t\t<\/div>\n\t\t\t\t\t<\/div>\n\t\t\t\t<\/div>\n\t\t<div class=\"elementor-element elementor-element-333d6a7 e-con-boxed e-con\" data-id=\"333d6a7\" data-element_type=\"container\" data-settings=\"{&quot;background_background&quot;:&quot;gradient&quot;,&quot;shape_divider_top&quot;:&quot;split&quot;,&quot;content_width&quot;:&quot;boxed&quot;}\">\n\t\t\t\t\t<div class=\"e-con-inner\">\n\t\t\t\t<div class=\"elementor-shape elementor-shape-top\" data-negative=\"false\">\n\t\t\t<svg xmlns=\"http:\/\/www.w3.org\/2000\/svg\" viewBox=\"0 0 1000 20\" preserveAspectRatio=\"none\">\n\t<path class=\"elementor-shape-fill\" d=\"M0,0v3c0,0,393.8,0,483.4,0c9.2,0,16.6,7.4,16.6,16.6c0-9.1,7.4-16.6,16.6-16.6C606.2,3,1000,3,1000,3V0H0z\"\/>\n<\/svg>\t\t<\/div>\n\t\t<div class=\"elementor-element elementor-element-170b0dd e-con-full e-con\" data-id=\"170b0dd\" data-element_type=\"container\" data-settings=\"{&quot;content_width&quot;:&quot;full&quot;}\">\n\t\t\t\t<div class=\"elementor-element elementor-element-810a383 elementor-widget elementor-widget-image\" data-id=\"810a383\" data-element_type=\"widget\" data-widget_type=\"image.default\">\n\t\t\t\t<div class=\"elementor-widget-container\">\n\t\t\t\t\t\t\t\t\t\t\t\t\t\t\t<img decoding=\"async\" width=\"800\" height=\"240\" src=\"https:\/\/cidadesol.com.br\/wp-content\/uploads\/2022\/11\/zanitte-1024x307-1.png\" class=\"attachment-large size-large\" alt=\"\" srcset=\"https:\/\/cidadesol.com.br\/wp-content\/uploads\/2022\/11\/zanitte-1024x307-1.png 1024w, https:\/\/cidadesol.com.br\/wp-content\/uploads\/2022\/11\/zanitte-1024x307-1-300x90.png 300w, https:\/\/cidadesol.com.br\/wp-content\/uploads\/2022\/11\/zanitte-1024x307-1-768x230.png 768w\" sizes=\"(max-width: 800px) 100vw, 800px\" \/>\t\t\t\t\t\t\t\t\t\t\t\t\t\t\t<\/div>\n\t\t\t\t<\/div>\n\t\t\t\t<\/div>\n\t\t<div class=\"elementor-element elementor-element-379c7a9 e-con-full e-con\" data-id=\"379c7a9\" data-element_type=\"container\" data-settings=\"{&quot;content_width&quot;:&quot;full&quot;}\">\n\t\t\t\t<div class=\"elementor-element elementor-element-d728fac elementor-widget elementor-widget-heading\" data-id=\"d728fac\" data-element_type=\"widget\" data-widget_type=\"heading.default\">\n\t\t\t\t<div class=\"elementor-widget-container\">\n\t\t\t<h3 class=\"elementor-heading-title elementor-size-default\">ZENITTE<\/h3>\t\t<\/div>\n\t\t\t\t<\/div>\n\t\t\t\t<div class=\"elementor-element elementor-element-e8f4cf6 elementor-widget elementor-widget-text-editor\" data-id=\"e8f4cf6\" data-element_type=\"widget\" data-widget_type=\"text-editor.default\">\n\t\t\t\t<div class=\"elementor-widget-container\">\n\t\t\t\t\t\t\t<p>Esse Ve\u00edculo, que foi cuidadosamente pensado para realizar tarefas especiais como Turismo e Fretamento, traz tudo que h\u00e1 de mais moderno para o ramo do transporte rodovi\u00e1rio. Seu nome lembra o termo da astronomia que identifica o ponto superior da esfera celeste (z\u00eanite), assim, para n\u00e3o fugir da responsabilidade, resume-se num complet\u00edssimo \u00f4nibus semileito.<\/p>\t\t\t\t\t\t<\/div>\n\t\t\t\t<\/div>\n\t\t\t\t<\/div>\n\t\t\t\t\t<\/div>\n\t\t\t\t<\/div>\n\t\t<div class=\"elementor-element elementor-element-7837186 e-con-boxed e-con\" data-id=\"7837186\" data-element_type=\"container\" data-settings=\"{&quot;background_background&quot;:&quot;classic&quot;,&quot;content_width&quot;:&quot;boxed&quot;}\">\n\t\t\t\t\t<div class=\"e-con-inner\">\n\t\t<div class=\"elementor-element elementor-element-4f23824 e-con-full e-con\" data-id=\"4f23824\" data-element_type=\"container\" data-settings=\"{&quot;content_width&quot;:&quot;full&quot;}\">\n\t\t\t\t<div class=\"elementor-element elementor-element-8d6a113 elementor-widget elementor-widget-heading\" data-id=\"8d6a113\" data-element_type=\"widget\" data-widget_type=\"heading.default\">\n\t\t\t\t<div class=\"elementor-widget-container\">\n\t\t\t<h3 class=\"elementor-heading-title elementor-size-default\">CIMMO<\/h3>\t\t<\/div>\n\t\t\t\t<\/div>\n\t\t\t\t<div class=\"elementor-element elementor-element-c72b320 elementor-widget elementor-widget-text-editor\" data-id=\"c72b320\" data-element_type=\"widget\" data-widget_type=\"text-editor.default\">\n\t\t\t\t<div class=\"elementor-widget-container\">\n\t\t\t\t\t\t\t<p>Por remeter a parte mais alta de um todo, esta vers\u00e3o n\u00e3o poderia deixar de oferecer tudo que o Executivo prop\u00f5e somando a um toque especial. Com ar condicionado.<\/p>\t\t\t\t\t\t<\/div>\n\t\t\t\t<\/div>\n\t\t\t\t<\/div>\n\t\t<div class=\"elementor-element elementor-element-3416f3a e-con-full e-con\" data-id=\"3416f3a\" data-element_type=\"container\" data-settings=\"{&quot;content_width&quot;:&quot;full&quot;}\">\n\t\t\t\t<div class=\"elementor-element elementor-element-5afd862 elementor-widget elementor-widget-image\" data-id=\"5afd862\" data-element_type=\"widget\" data-widget_type=\"image.default\">\n\t\t\t\t<div class=\"elementor-widget-container\">\n\t\t\t\t\t\t\t\t\t\t\t\t\t\t\t<img decoding=\"async\" width=\"800\" height=\"358\" src=\"https:\/\/cidadesol.com.br\/wp-content\/uploads\/2022\/11\/cimmo-trucado.png\" class=\"attachment-large size-large\" alt=\"\" srcset=\"https:\/\/cidadesol.com.br\/wp-content\/uploads\/2022\/11\/cimmo-trucado.png 800w, https:\/\/cidadesol.com.br\/wp-content\/uploads\/2022\/11\/cimmo-trucado-300x134.png 300w, https:\/\/cidadesol.com.br\/wp-content\/uploads\/2022\/11\/cimmo-trucado-768x344.png 768w\" sizes=\"(max-width: 800px) 100vw, 800px\" \/>\t\t\t\t\t\t\t\t\t\t\t\t\t\t\t<\/div>\n\t\t\t\t<\/div>\n\t\t\t\t<\/div>\n\t\t\t\t\t<\/div>\n\t\t\t\t<\/div>\n\t\t<div class=\"elementor-element elementor-element-884ded1 e-con-boxed e-con\" data-id=\"884ded1\" data-element_type=\"container\" data-settings=\"{&quot;content_width&quot;:&quot;boxed&quot;}\">\n\t\t\t\t\t<div class=\"e-con-inner\">\n\t\t<div class=\"elementor-element elementor-element-da4007b e-con-full e-con\" data-id=\"da4007b\" data-element_type=\"container\" data-settings=\"{&quot;content_width&quot;:&quot;full&quot;}\">\n\t\t\t\t<div class=\"elementor-element elementor-element-5bafb81 elementor-widget elementor-widget-image\" data-id=\"5bafb81\" data-element_type=\"widget\" data-widget_type=\"image.default\">\n\t\t\t\t<div class=\"elementor-widget-container\">\n\t\t\t\t\t\t\t\t\t\t\t\t\t\t\t<img decoding=\"async\" width=\"800\" height=\"322\" src=\"https:\/\/cidadesol.com.br\/wp-content\/uploads\/2022\/11\/rumo2.png\" class=\"attachment-large size-large\" alt=\"\" srcset=\"https:\/\/cidadesol.com.br\/wp-content\/uploads\/2022\/11\/rumo2.png 800w, https:\/\/cidadesol.com.br\/wp-content\/uploads\/2022\/11\/rumo2-300x121.png 300w, https:\/\/cidadesol.com.br\/wp-content\/uploads\/2022\/11\/rumo2-768x309.png 768w\" sizes=\"(max-width: 800px) 100vw, 800px\" \/>\t\t\t\t\t\t\t\t\t\t\t\t\t\t\t<\/div>\n\t\t\t\t<\/div>\n\t\t\t\t<\/div>\n\t\t<div class=\"elementor-element elementor-element-a1380c4 e-con-full e-con\" data-id=\"a1380c4\" data-element_type=\"container\" data-settings=\"{&quot;content_width&quot;:&quot;full&quot;}\">\n\t\t\t\t<div class=\"elementor-element elementor-element-c8d44c6 elementor-widget elementor-widget-heading\" data-id=\"c8d44c6\" data-element_type=\"widget\" data-widget_type=\"heading.default\">\n\t\t\t\t<div class=\"elementor-widget-container\">\n\t\t\t<h3 class=\"elementor-heading-title elementor-size-default\">RUMMO<\/h3>\t\t<\/div>\n\t\t\t\t<\/div>\n\t\t\t\t<div class=\"elementor-element elementor-element-d257f37 elementor-widget elementor-widget-text-editor\" data-id=\"d257f37\" data-element_type=\"widget\" data-widget_type=\"text-editor.default\">\n\t\t\t\t<div class=\"elementor-widget-container\">\n\t\t\t\t\t\t\t<p>Assim como a marca da empresa, o nome deste modelo exalta o sentido de caminho e dire\u00e7\u00e3o, traduzindo-se ent\u00e3o, na op\u00e7\u00e3o mais simples de viagem. Sem ar condicionado.<\/p>\t\t\t\t\t\t<\/div>\n\t\t\t\t<\/div>\n\t\t\t\t<\/div>\n\t\t\t\t\t<\/div>\n\t\t\t\t<\/div>\n\t\t<div class=\"elementor-element elementor-element-02d04ea e-con-boxed e-con\" data-id=\"02d04ea\" data-element_type=\"container\" data-settings=\"{&quot;background_background&quot;:&quot;classic&quot;,&quot;content_width&quot;:&quot;boxed&quot;}\">\n\t\t\t\t\t<div class=\"e-con-inner\">\n\t\t<div class=\"elementor-element elementor-element-c6c780d e-con-full e-con\" data-id=\"c6c780d\" data-element_type=\"container\" data-settings=\"{&quot;content_width&quot;:&quot;full&quot;}\">\n\t\t\t\t<div class=\"elementor-element elementor-element-12382ee elementor-widget elementor-widget-heading\" data-id=\"12382ee\" data-element_type=\"widget\" data-widget_type=\"heading.default\">\n\t\t\t\t<div class=\"elementor-widget-container\">\n\t\t\t<h3 class=\"elementor-heading-title elementor-size-default\">TOPPO<\/h3>\t\t<\/div>\n\t\t\t\t<\/div>\n\t\t\t\t<div class=\"elementor-element elementor-element-d1a7680 elementor-widget elementor-widget-text-editor\" data-id=\"d1a7680\" data-element_type=\"widget\" data-widget_type=\"text-editor.default\">\n\t\t\t\t<div class=\"elementor-widget-container\">\n\t\t\t\t\t\t\t<p>Exatamente por exaurir caracter\u00edsticas de ponta no que diz respeito a conforto, esta linha recebeu nome referente ao ponto m\u00e1ximo. Com ar condicionado.<\/p>\t\t\t\t\t\t<\/div>\n\t\t\t\t<\/div>\n\t\t\t\t<\/div>\n\t\t<div class=\"elementor-element elementor-element-0cc733c e-con-full e-con\" data-id=\"0cc733c\" data-element_type=\"container\" data-settings=\"{&quot;content_width&quot;:&quot;full&quot;}\">\n\t\t\t\t<div class=\"elementor-element elementor-element-a46c495 elementor-widget elementor-widget-image\" data-id=\"a46c495\" data-element_type=\"widget\" data-widget_type=\"image.default\">\n\t\t\t\t<div class=\"elementor-widget-container\">\n\t\t\t\t\t\t\t\t\t\t\t\t\t\t\t<img decoding=\"async\" width=\"800\" height=\"322\" src=\"https:\/\/cidadesol.com.br\/wp-content\/uploads\/2022\/11\/rumo2.png\" class=\"attachment-large size-large\" alt=\"\" srcset=\"https:\/\/cidadesol.com.br\/wp-content\/uploads\/2022\/11\/rumo2.png 800w, https:\/\/cidadesol.com.br\/wp-content\/uploads\/2022\/11\/rumo2-300x121.png 300w, https:\/\/cidadesol.com.br\/wp-content\/uploads\/2022\/11\/rumo2-768x309.png 768w\" sizes=\"(max-width: 800px) 100vw, 800px\" \/>\t\t\t\t\t\t\t\t\t\t\t\t\t\t\t<\/div>\n\t\t\t\t<\/div>\n\t\t\t\t<\/div>\n\t\t\t\t\t<\/div>\n\t\t\t\t<\/div>\n\t\t<div class=\"elementor-element elementor-element-05e4686 e-con-boxed e-con\" data-id=\"05e4686\" data-element_type=\"container\" data-settings=\"{&quot;content_width&quot;:&quot;boxed&quot;}\">\n\t\t\t\t\t<div class=\"e-con-inner\">\n\t\t<div class=\"elementor-element elementor-element-070b2fc e-con-full e-con\" data-id=\"070b2fc\" data-element_type=\"container\" data-settings=\"{&quot;content_width&quot;:&quot;full&quot;}\">\n\t\t\t\t<div class=\"elementor-element elementor-element-19e5b83 elementor-widget elementor-widget-image\" data-id=\"19e5b83\" data-element_type=\"widget\" data-widget_type=\"image.default\">\n\t\t\t\t<div class=\"elementor-widget-container\">\n\t\t\t\t\t\t\t\t\t\t\t\t\t\t\t<img decoding=\"async\" width=\"800\" height=\"295\" src=\"https:\/\/cidadesol.com.br\/wp-content\/uploads\/2022\/11\/bus_curto3.png\" class=\"attachment-large size-large\" alt=\"\" srcset=\"https:\/\/cidadesol.com.br\/wp-content\/uploads\/2022\/11\/bus_curto3.png 824w, https:\/\/cidadesol.com.br\/wp-content\/uploads\/2022\/11\/bus_curto3-300x111.png 300w, https:\/\/cidadesol.com.br\/wp-content\/uploads\/2022\/11\/bus_curto3-768x283.png 768w\" sizes=\"(max-width: 800px) 100vw, 800px\" \/>\t\t\t\t\t\t\t\t\t\t\t\t\t\t\t<\/div>\n\t\t\t\t<\/div>\n\t\t\t\t<\/div>\n\t\t<div class=\"elementor-element elementor-element-793870c e-con-full e-con\" data-id=\"793870c\" data-element_type=\"container\" data-settings=\"{&quot;content_width&quot;:&quot;full&quot;}\">\n\t\t\t\t<div class=\"elementor-element elementor-element-5ff6c27 elementor-widget elementor-widget-heading\" data-id=\"5ff6c27\" data-element_type=\"widget\" data-widget_type=\"heading.default\">\n\t\t\t\t<div class=\"elementor-widget-container\">\n\t\t\t<h3 class=\"elementor-heading-title elementor-size-default\">CURTTO<\/h3>\t\t<\/div>\n\t\t\t\t<\/div>\n\t\t\t\t<div class=\"elementor-element elementor-element-907c5b6 elementor-widget elementor-widget-text-editor\" data-id=\"907c5b6\" data-element_type=\"widget\" data-widget_type=\"text-editor.default\">\n\t\t\t\t<div class=\"elementor-widget-container\">\n\t\t\t\t\t\t\t<p>Esse servi\u00e7o est\u00e1 baseado na rela\u00e7\u00e3o tempo e dist\u00e2ncia, sendo seu principal diferencial a agilidade. O servi\u00e7o Curtto \u00e9 Climatizado.<\/p>\t\t\t\t\t\t<\/div>\n\t\t\t\t<\/div>\n\t\t\t\t<\/div>\n\t\t\t\t\t<\/div>\n\t\t\t\t<\/div>\n\t\t\t\t\t\t\t<\/div>\n\t\t","protected":false},"excerpt":{"rendered":"<p>NOSSA FROTA Conhe\u00e7a os servi\u00e7os dispon\u00edveis para sua viagem de \u00f4nibus. TREVVO Esse servi\u00e7o, que foi cuidadosamente pensado para realizar viagens de longa dist\u00e2ncia, traz tudo que h\u00e1 de mais moderno para o ramo do transporte rodovi\u00e1rio. Seu nome remete a sorte e duplicidade, fazendo jus ao complet\u00edssimo \u00f4nibus com servi\u00e7o leito e semi-leito. ZENITTE [&hellip;]<\/p>\n","protected":false},"author":2,"featured_media":0,"parent":0,"menu_order":0,"comment_status":"closed","ping_status":"closed","template":"","meta":{"_joinchat":[],"footnotes":""},"class_list":["post-1967","page","type-page","status-publish","hentry"],"_links":{"self":[{"href":"https:\/\/cidadesol.com.br\/index.php\/wp-json\/wp\/v2\/pages\/1967","targetHints":{"allow":["GET"]}}],"collection":[{"href":"https:\/\/cidadesol.com.br\/index.php\/wp-json\/wp\/v2\/pages"}],"about":[{"href":"https:\/\/cidadesol.com.br\/index.php\/wp-json\/wp\/v2\/types\/page"}],"author":[{"embeddable":true,"href":"https:\/\/cidadesol.com.br\/index.php\/wp-json\/wp\/v2\/users\/2"}],"replies":[{"embeddable":true,"href":"https:\/\/cidadesol.com.br\/index.php\/wp-json\/wp\/v2\/comments?post=1967"}],"version-history":[{"count":61,"href":"https:\/\/cidadesol.com.br\/index.php\/wp-json\/wp\/v2\/pages\/1967\/revisions"}],"predecessor-version":[{"id":2467,"href":"https:\/\/cidadesol.com.br\/index.php\/wp-json\/wp\/v2\/pages\/1967\/revisions\/2467"}],"wp:attachment":[{"href":"https:\/\/cidadesol.com.br\/index.php\/wp-json\/wp\/v2\/media?parent=1967"}],"curies":[{"name":"wp","href":"https:\/\/api.w.org\/{rel}","templated":true}]}}